{"id":3071,"date":"2022-03-28T17:47:25","date_gmt":"2022-03-28T15:47:25","guid":{"rendered":"https:\/\/lesta.it\/cataloghi\/"},"modified":"2024-10-03T16:26:50","modified_gmt":"2024-10-03T14:26:50","slug":"katalogi","status":"publish","type":"page","link":"https:\/\/www.lesta.it\/pl\/katalogi\/","title":{"rendered":"Katalogi"},"content":{"rendered":"\n<div class=\"wp-block-columns alignwide is-layout-flex wp-container-core-columns-is-layout-9d6595d7 wp-block-columns-is-layout-flex\">\n<div class=\"wp-block-column has-text-color has-background has-link-color wp-elements-befacf6e02dfed9645a9a05aa70dcbec is-layout-flow wp-block-column-is-layout-flow\" style=\"color:#000000;background-color:#e3e3e3;padding-top:2em;padding-right:2em;padding-bottom:2em;padding-left:2em;flex-basis:500px\">\n<h2 class=\"wp-block-heading\" id=\"single\" style=\"font-size:40px\"><strong><strong><strong>Katalog<\/strong><\/strong><\/strong><\/h2>\n\n\n\n<p class=\"has-normal-font-size\" style=\"line-height:1.5\"><strong><strong>Polska<\/strong><\/strong><\/p>\n\n\n\n<hr class=\"wp-block-separator has-text-color has-css-opacity has-background is-style-wide\" style=\"background-color:#000000;color:#000000\"\/>\n\n\n\n<p>Rozwi\u0105zania zrobotyzowane dla twojej produkcji<\/p>\n\n\n\n<p><\/p>\n\n\n\n<div class=\"wp-block-buttons alignfull is-horizontal is-content-justification-center is-layout-flex wp-container-core-buttons-is-layout-499968f5 wp-block-buttons-is-layout-flex\">\n<div class=\"wp-block-button has-custom-width wp-block-button__width-100\"><a class=\"wp-block-button__link has-black-color has-yellow-background-color has-text-color has-background wp-element-button\" href=\"https:\/\/lesta.it\/wp-content\/uploads\/2024\/10\/Catalogue_POL-V6_WEB.pdf\" style=\"border-radius:15px\" target=\"_blank\" rel=\"noreferrer noopener\"><strong>Pobierz<\/strong><\/a><\/div>\n<\/div>\n<\/div>\n\n\n\n<div class=\"wp-block-column has-text-color has-background has-link-color wp-elements-a939977ef416beed54fc8ad8021d80c1 is-layout-flow wp-block-column-is-layout-flow\" style=\"color:#000000;background-color:#e3e3e3;padding-top:2em;padding-right:2em;padding-bottom:2em;padding-left:2em;flex-basis:500px\">\n<h2 class=\"wp-block-heading\" id=\"single\" style=\"font-size:40px\"><strong><strong>Catalogo<\/strong><\/strong><\/h2>\n\n\n\n<p class=\"has-normal-font-size\" style=\"line-height:1.5\"><strong>Italiano<\/strong><\/p>\n\n\n\n<hr class=\"wp-block-separator has-text-color has-css-opacity has-background is-style-wide\" style=\"background-color:#000000;color:#000000\"\/>\n\n\n\n<p>Soluzioni robotizzate per il tuo impianto di verniciatura<\/p>\n\n\n\n<p><\/p>\n\n\n\n<div class=\"wp-block-buttons alignfull is-horizontal is-content-justification-center is-layout-flex wp-container-core-buttons-is-layout-499968f5 wp-block-buttons-is-layout-flex\">\n<div class=\"wp-block-button has-custom-width wp-block-button__width-100\"><a class=\"wp-block-button__link has-black-color has-yellow-background-color has-text-color has-background wp-element-button\" href=\"https:\/\/lesta.it\/wp-content\/uploads\/2024\/10\/Catalogue_ITA-V4_WEB.pdf\" style=\"border-radius:15px\" target=\"_blank\" rel=\"noreferrer noopener\"><strong>Scarica il catalogo<\/strong><\/a><\/div>\n<\/div>\n<\/div>\n\n\n\n<div class=\"wp-block-column is-vertically-aligned-center has-text-color has-background has-link-color wp-elements-706deebe1e44d8ad46df247ab62fdb74 is-layout-flow wp-block-column-is-layout-flow\" style=\"color:#000000;background-color:#e3e3e3;padding-top:2em;padding-right:2em;padding-bottom:2em;padding-left:2em;flex-basis:500px\">\n<h2 class=\"wp-block-heading\" id=\"single\" style=\"font-size:40px\"><strong><strong>Catalog<\/strong><\/strong><\/h2>\n\n\n\n<p class=\"has-normal-font-size\" style=\"line-height:1.5\"><strong>English<\/strong><\/p>\n\n\n\n<hr class=\"wp-block-separator has-text-color has-css-opacity has-background is-style-wide\" style=\"background-color:#000000;color:#000000\"\/>\n\n\n\n<p>Robotic solutions for your finishing plant<\/p>\n\n\n\n<p><\/p>\n\n\n\n<div class=\"wp-block-buttons alignfull is-horizontal is-content-justification-center is-layout-flex wp-container-core-buttons-is-layout-499968f5 wp-block-buttons-is-layout-flex\">\n<div class=\"wp-block-button has-custom-width wp-block-button__width-100 is-style-fill\"><a class=\"wp-block-button__link has-black-color has-yellow-background-color has-text-color has-background wp-element-button\" href=\"https:\/\/lesta.it\/wp-content\/uploads\/2024\/10\/Catalogue_ENG-V6_WEB.pdf\" style=\"border-radius:15px\" target=\"_blank\" rel=\"noreferrer noopener\"><strong>Download<\/strong><\/a><\/div>\n<\/div>\n<\/div>\n<\/div>\n\n\n\n<div class=\"wp-block-columns alignwide are-vertically-aligned-center is-layout-flex wp-container-core-columns-is-layout-9d6595d7 wp-block-columns-is-layout-flex\">\n<div class=\"wp-block-column is-vertically-aligned-center has-text-color has-background has-link-color wp-elements-caca6c912d93e31bc6bc838b4f0c2402 is-layout-flow wp-block-column-is-layout-flow\" style=\"color:#000000;background-color:#e3e3e3;padding-top:2em;padding-right:2em;padding-bottom:2em;padding-left:2em;flex-basis:500px\">\n<h2 class=\"wp-block-heading\" id=\"single\" style=\"font-size:40px\"><strong><strong>Werbekatalog<\/strong><\/strong><\/h2>\n\n\n\n<p class=\"has-normal-font-size\" style=\"line-height:1.5\"><strong>Deutsch<\/strong><\/p>\n\n\n\n<hr class=\"wp-block-separator has-text-color has-css-opacity has-background is-style-wide\" style=\"background-color:#000000;color:#000000\"\/>\n\n\n\n<p>Roboterl\u00f6sungen f\u00fcr ihre finishing-anlage<\/p>\n\n\n\n<p><\/p>\n\n\n\n<div class=\"wp-block-buttons alignfull is-horizontal is-content-justification-center is-layout-flex wp-container-core-buttons-is-layout-499968f5 wp-block-buttons-is-layout-flex\">\n<div class=\"wp-block-button has-custom-width wp-block-button__width-100\"><a class=\"wp-block-button__link has-black-color has-yellow-background-color has-text-color has-background wp-element-button\" href=\"https:\/\/lesta.it\/wp-content\/uploads\/2024\/10\/Catalogue_DEU-V5_WEB.pdf\" style=\"border-radius:15px\" target=\"_blank\" rel=\"noreferrer noopener\"><strong>Herunterladen<\/strong><\/a><\/div>\n<\/div>\n<\/div>\n\n\n\n<div class=\"wp-block-column is-vertically-aligned-center has-text-color has-background has-link-color wp-elements-0d144e9e83324f8113fe5440227edc17 is-layout-flow wp-block-column-is-layout-flow\" style=\"color:#000000;background-color:#e3e3e3;padding-top:2em;padding-right:2em;padding-bottom:2em;padding-left:2em;flex-basis:500px\">\n<h2 class=\"wp-block-heading\" id=\"single\" style=\"font-size:40px\"><strong><strong>Catalogo<\/strong><\/strong><\/h2>\n\n\n\n<p class=\"has-normal-font-size\" style=\"line-height:1.5\"><strong>Espa\u00f1ol<\/strong><\/p>\n\n\n\n<hr class=\"wp-block-separator has-text-color has-css-opacity has-background is-style-wide\" style=\"background-color:#000000;color:#000000\"\/>\n\n\n\n<p>Soluciones rob\u00f3ticas para tu instalaci\u00f3n de pintura<\/p>\n\n\n\n<p><\/p>\n\n\n\n<div class=\"wp-block-buttons alignfull is-horizontal is-content-justification-center is-layout-flex wp-container-core-buttons-is-layout-499968f5 wp-block-buttons-is-layout-flex\">\n<div class=\"wp-block-button has-custom-width wp-block-button__width-100\"><a class=\"wp-block-button__link has-black-color has-yellow-background-color has-text-color has-background wp-element-button\" href=\"https:\/\/lesta.it\/wp-content\/uploads\/2024\/10\/Catalogue_ESP-V3_WEB.pdf\" style=\"border-radius:15px\" target=\"_blank\" rel=\"noreferrer noopener\"><strong>Descargar<\/strong><\/a><\/div>\n<\/div>\n<\/div>\n\n\n\n<div class=\"wp-block-column has-text-color has-background has-link-color wp-elements-367b12b8ee1f588c1efd65f9465044cb is-layout-flow wp-block-column-is-layout-flow\" style=\"color:#000000;background-color:#e3e3e3;padding-top:2em;padding-right:2em;padding-bottom:2em;padding-left:2em;flex-basis:500px\">\n<h2 class=\"wp-block-heading\" id=\"single\" style=\"font-size:40px\"><strong><strong>Cat\u00e1logo<\/strong><\/strong><\/h2>\n\n\n\n<p class=\"has-normal-font-size\" style=\"line-height:1.5\"><strong>Portugu\u00eas<\/strong><\/p>\n\n\n\n<hr class=\"wp-block-separator has-text-color has-css-opacity has-background is-style-wide\" style=\"background-color:#000000;color:#000000\"\/>\n\n\n\n<p>Solu\u00e7\u00f5es roboticas para a instala\u00e7\u00e3o de acabamento<\/p>\n\n\n\n<p><\/p>\n\n\n\n<div class=\"wp-block-buttons alignfull is-horizontal is-content-justification-center is-layout-flex wp-container-core-buttons-is-layout-499968f5 wp-block-buttons-is-layout-flex\">\n<div class=\"wp-block-button has-custom-width wp-block-button__width-100\"><a class=\"wp-block-button__link has-black-color has-yellow-background-color has-text-color has-background wp-element-button\" href=\"https:\/\/lesta.it\/wp-content\/uploads\/2024\/10\/Catalogue_POR-V3_WEB.pdf\" style=\"border-radius:15px\" target=\"_blank\" rel=\"noreferrer noopener\"><strong>Download<\/strong><\/a><\/div>\n<\/div>\n<\/div>\n<\/div>\n\n\n\n<div class=\"wp-block-columns alignwide are-vertically-aligned-center is-layout-flex wp-container-core-columns-is-layout-9d6595d7 wp-block-columns-is-layout-flex\">\n<div class=\"wp-block-column is-vertically-aligned-center has-text-color has-background has-link-color wp-elements-de082466ebf05fa02152438c2935c2d0 is-layout-flow wp-block-column-is-layout-flow\" style=\"color:#000000;background-color:#e3e3e3;padding-top:2em;padding-right:2em;padding-bottom:2em;padding-left:2em;flex-basis:500px\">\n<h2 class=\"wp-block-heading\" id=\"single\" style=\"font-size:40px\"><strong><strong>Catalogue<\/strong><\/strong><\/h2>\n\n\n\n<p class=\"has-normal-font-size\" style=\"line-height:1.5\"><strong>Fran\u00e7ais<\/strong><\/p>\n\n\n\n<hr class=\"wp-block-separator has-text-color has-css-opacity has-background is-style-wide\" style=\"background-color:#000000;color:#000000\"\/>\n\n\n\n<p>Solutions robotis\u00e9es pour votre installation de peinture<\/p>\n\n\n\n<p><\/p>\n\n\n\n<div class=\"wp-block-buttons alignfull is-horizontal is-content-justification-center is-layout-flex wp-container-core-buttons-is-layout-499968f5 wp-block-buttons-is-layout-flex\">\n<div class=\"wp-block-button has-custom-width wp-block-button__width-100\"><a class=\"wp-block-button__link has-black-color has-yellow-background-color has-text-color has-background wp-element-button\" href=\"https:\/\/lesta.it\/wp-content\/uploads\/2024\/10\/Catalogue_FRA-V2_WEB.pdf\" style=\"border-radius:15px\" target=\"_blank\" rel=\"noreferrer noopener\"><strong>T\u00e9l\u00e9charger<\/strong><\/a><\/div>\n<\/div>\n<\/div>\n<\/div>\n","protected":false},"excerpt":{"rendered":"<p>Katalog Polska Rozwi\u0105zania zrobotyzowane dla twojej produkcji Catalogo Italiano Soluzioni robotizzate per il tuo impianto di verniciatura Catalog English Robotic solutions for your finishing plant Werbekatalog Deutsch Roboterl\u00f6sungen f\u00fcr ihre finishing-anlage Catalogo Espa\u00f1ol Soluciones rob\u00f3ticas para tu instalaci\u00f3n de pintura Cat\u00e1logo Portugu\u00eas Solu\u00e7\u00f5es roboticas para a instala\u00e7\u00e3o de acabamento Catalogue Fran\u00e7ais Solutions robotis\u00e9es pour votre<\/p>\n","protected":false},"author":1,"featured_media":0,"parent":0,"menu_order":0,"comment_status":"closed","ping_status":"closed","template":"","meta":{"_acf_changed":false,"inline_featured_image":false,"footnotes":""},"class_list":["post-3071","page","type-page","status-publish","hentry"],"acf":[],"yoast_head":"<!-- This site is optimized with the Yoast SEO plugin v24.8.1 - https:\/\/yoast.com\/wordpress\/plugins\/seo\/ -->\n<title>Katalogi zawieraj\u0105ce wszystkie nasze roboty do przemys\u0142owego lakierowania<\/title>\n<meta name=\"description\" content=\"Katalogi zawieraj\u0105ce wszystkie nasze roboty do przemys\u0142owego lakierowania\" \/>\n<meta name=\"robots\" content=\"index, follow, max-snippet:-1, max-image-preview:large, max-video-preview:-1\" \/>\n<link rel=\"canonical\" href=\"https:\/\/www.lesta.it\/pl\/katalogi\/\" \/>\n<meta property=\"og:locale\" content=\"pl_PL\" \/>\n<meta property=\"og:type\" content=\"article\" \/>\n<meta property=\"og:title\" content=\"Katalogi zawieraj\u0105ce wszystkie nasze roboty do przemys\u0142owego lakierowania\" \/>\n<meta property=\"og:description\" content=\"Katalogi zawieraj\u0105ce wszystkie nasze roboty do przemys\u0142owego lakierowania\" \/>\n<meta property=\"og:url\" content=\"https:\/\/www.lesta.it\/pl\/katalogi\/\" \/>\n<meta property=\"og:site_name\" content=\"Lesta\" \/>\n<meta property=\"article:modified_time\" content=\"2024-10-03T14:26:50+00:00\" \/>\n<meta property=\"og:image\" content=\"https:\/\/www.lesta.it\/wp-content\/uploads\/2022\/02\/FotoContattaci-1.png\" \/>\n\t<meta property=\"og:image:width\" content=\"710\" \/>\n\t<meta property=\"og:image:height\" content=\"611\" \/>\n\t<meta property=\"og:image:type\" content=\"image\/png\" \/>\n<meta name=\"twitter:card\" content=\"summary_large_image\" \/>\n<meta name=\"twitter:label1\" content=\"Szacowany czas czytania\" \/>\n\t<meta name=\"twitter:data1\" content=\"1 minuta\" \/>\n<script type=\"application\/ld+json\" class=\"yoast-schema-graph\">{\"@context\":\"https:\/\/schema.org\",\"@graph\":[{\"@type\":\"WebPage\",\"@id\":\"https:\/\/www.lesta.it\/pl\/katalogi\/\",\"url\":\"https:\/\/www.lesta.it\/pl\/katalogi\/\",\"name\":\"Katalogi zawieraj\u0105ce wszystkie nasze roboty do przemys\u0142owego lakierowania\",\"isPartOf\":{\"@id\":\"https:\/\/www.lesta.it\/pl\/#website\"},\"datePublished\":\"2022-03-28T15:47:25+00:00\",\"dateModified\":\"2024-10-03T14:26:50+00:00\",\"description\":\"Katalogi zawieraj\u0105ce wszystkie nasze roboty do przemys\u0142owego lakierowania\",\"breadcrumb\":{\"@id\":\"https:\/\/www.lesta.it\/pl\/katalogi\/#breadcrumb\"},\"inLanguage\":\"pl-PL\",\"potentialAction\":[{\"@type\":\"ReadAction\",\"target\":[\"https:\/\/www.lesta.it\/pl\/katalogi\/\"]}]},{\"@type\":\"BreadcrumbList\",\"@id\":\"https:\/\/www.lesta.it\/pl\/katalogi\/#breadcrumb\",\"itemListElement\":[{\"@type\":\"ListItem\",\"position\":1,\"name\":\"Home\",\"item\":\"https:\/\/www.lesta.it\/pl\/\"},{\"@type\":\"ListItem\",\"position\":2,\"name\":\"Katalogi\"}]},{\"@type\":\"WebSite\",\"@id\":\"https:\/\/www.lesta.it\/pl\/#website\",\"url\":\"https:\/\/www.lesta.it\/pl\/\",\"name\":\"Lesta\",\"description\":\"Your smart robotic finishing\",\"publisher\":{\"@id\":\"https:\/\/www.lesta.it\/pl\/#organization\"},\"potentialAction\":[{\"@type\":\"SearchAction\",\"target\":{\"@type\":\"EntryPoint\",\"urlTemplate\":\"https:\/\/www.lesta.it\/pl\/?s={search_term_string}\"},\"query-input\":{\"@type\":\"PropertyValueSpecification\",\"valueRequired\":true,\"valueName\":\"search_term_string\"}}],\"inLanguage\":\"pl-PL\"},{\"@type\":\"Organization\",\"@id\":\"https:\/\/www.lesta.it\/pl\/#organization\",\"name\":\"Lesta\",\"url\":\"https:\/\/www.lesta.it\/pl\/\",\"logo\":{\"@type\":\"ImageObject\",\"inLanguage\":\"pl-PL\",\"@id\":\"https:\/\/www.lesta.it\/pl\/#\/schema\/logo\/image\/\",\"url\":\"https:\/\/lesta.it\/wp-content\/uploads\/2022\/02\/FotoContattaci-1.png\",\"contentUrl\":\"https:\/\/lesta.it\/wp-content\/uploads\/2022\/02\/FotoContattaci-1.png\",\"width\":710,\"height\":611,\"caption\":\"Lesta\"},\"image\":{\"@id\":\"https:\/\/www.lesta.it\/pl\/#\/schema\/logo\/image\/\"}}]}<\/script>\n<!-- \/ Yoast SEO plugin. -->","yoast_head_json":{"title":"Katalogi zawieraj\u0105ce wszystkie nasze roboty do przemys\u0142owego lakierowania","description":"Katalogi zawieraj\u0105ce wszystkie nasze roboty do przemys\u0142owego lakierowania","robots":{"index":"index","follow":"follow","max-snippet":"max-snippet:-1","max-image-preview":"max-image-preview:large","max-video-preview":"max-video-preview:-1"},"canonical":"https:\/\/www.lesta.it\/pl\/katalogi\/","og_locale":"pl_PL","og_type":"article","og_title":"Katalogi zawieraj\u0105ce wszystkie nasze roboty do przemys\u0142owego lakierowania","og_description":"Katalogi zawieraj\u0105ce wszystkie nasze roboty do przemys\u0142owego lakierowania","og_url":"https:\/\/www.lesta.it\/pl\/katalogi\/","og_site_name":"Lesta","article_modified_time":"2024-10-03T14:26:50+00:00","og_image":[{"width":710,"height":611,"url":"https:\/\/www.lesta.it\/wp-content\/uploads\/2022\/02\/FotoContattaci-1.png","type":"image\/png"}],"twitter_card":"summary_large_image","twitter_misc":{"Szacowany czas czytania":"1 minuta"},"schema":{"@context":"https:\/\/schema.org","@graph":[{"@type":"WebPage","@id":"https:\/\/www.lesta.it\/pl\/katalogi\/","url":"https:\/\/www.lesta.it\/pl\/katalogi\/","name":"Katalogi zawieraj\u0105ce wszystkie nasze roboty do przemys\u0142owego lakierowania","isPartOf":{"@id":"https:\/\/www.lesta.it\/pl\/#website"},"datePublished":"2022-03-28T15:47:25+00:00","dateModified":"2024-10-03T14:26:50+00:00","description":"Katalogi zawieraj\u0105ce wszystkie nasze roboty do przemys\u0142owego lakierowania","breadcrumb":{"@id":"https:\/\/www.lesta.it\/pl\/katalogi\/#breadcrumb"},"inLanguage":"pl-PL","potentialAction":[{"@type":"ReadAction","target":["https:\/\/www.lesta.it\/pl\/katalogi\/"]}]},{"@type":"BreadcrumbList","@id":"https:\/\/www.lesta.it\/pl\/katalogi\/#breadcrumb","itemListElement":[{"@type":"ListItem","position":1,"name":"Home","item":"https:\/\/www.lesta.it\/pl\/"},{"@type":"ListItem","position":2,"name":"Katalogi"}]},{"@type":"WebSite","@id":"https:\/\/www.lesta.it\/pl\/#website","url":"https:\/\/www.lesta.it\/pl\/","name":"Lesta","description":"Your smart robotic finishing","publisher":{"@id":"https:\/\/www.lesta.it\/pl\/#organization"},"potentialAction":[{"@type":"SearchAction","target":{"@type":"EntryPoint","urlTemplate":"https:\/\/www.lesta.it\/pl\/?s={search_term_string}"},"query-input":{"@type":"PropertyValueSpecification","valueRequired":true,"valueName":"search_term_string"}}],"inLanguage":"pl-PL"},{"@type":"Organization","@id":"https:\/\/www.lesta.it\/pl\/#organization","name":"Lesta","url":"https:\/\/www.lesta.it\/pl\/","logo":{"@type":"ImageObject","inLanguage":"pl-PL","@id":"https:\/\/www.lesta.it\/pl\/#\/schema\/logo\/image\/","url":"https:\/\/lesta.it\/wp-content\/uploads\/2022\/02\/FotoContattaci-1.png","contentUrl":"https:\/\/lesta.it\/wp-content\/uploads\/2022\/02\/FotoContattaci-1.png","width":710,"height":611,"caption":"Lesta"},"image":{"@id":"https:\/\/www.lesta.it\/pl\/#\/schema\/logo\/image\/"}}]}},"_links":{"self":[{"href":"https:\/\/www.lesta.it\/pl\/wp-json\/wp\/v2\/pages\/3071","targetHints":{"allow":["GET"]}}],"collection":[{"href":"https:\/\/www.lesta.it\/pl\/wp-json\/wp\/v2\/pages"}],"about":[{"href":"https:\/\/www.lesta.it\/pl\/wp-json\/wp\/v2\/types\/page"}],"author":[{"embeddable":true,"href":"https:\/\/www.lesta.it\/pl\/wp-json\/wp\/v2\/users\/1"}],"replies":[{"embeddable":true,"href":"https:\/\/www.lesta.it\/pl\/wp-json\/wp\/v2\/comments?post=3071"}],"version-history":[{"count":12,"href":"https:\/\/www.lesta.it\/pl\/wp-json\/wp\/v2\/pages\/3071\/revisions"}],"predecessor-version":[{"id":4629,"href":"https:\/\/www.lesta.it\/pl\/wp-json\/wp\/v2\/pages\/3071\/revisions\/4629"}],"wp:attachment":[{"href":"https:\/\/www.lesta.it\/pl\/wp-json\/wp\/v2\/media?parent=3071"}],"curies":[{"name":"wp","href":"https:\/\/api.w.org\/{rel}","templated":true}]}}