{"id":6230,"date":"2022-03-14T12:26:17","date_gmt":"2022-03-14T11:26:17","guid":{"rendered":"https:\/\/www.lesta.it\/partner\/"},"modified":"2026-03-09T16:59:11","modified_gmt":"2026-03-09T15:59:11","slug":"partenaires-et-distributeurs","status":"publish","type":"page","link":"https:\/\/www.lesta.it\/fr\/partenaires-et-distributeurs\/","title":{"rendered":"Partenaires et distributeurs"},"content":{"rendered":"\r\n<h2 class=\"wp-block-heading has-text-align-left\">Notre r\u00e9seau de vente<\/h2>\r\n\r\n\r\n\r\n<p>Le r\u00e9seau de vente de Lesta est en constante expansion! <br \/>Nous exportons avec succ\u00e8s nos robots 100 % fabriqu\u00e9s en Italie dans le monde entier. <br \/>Nous collaborons avec des partenaires reconnus pour la fourniture de syst\u00e8mes complets et un support technique de qualit\u00e9.<\/p>\r\n\r\n\r\n\r\n<div class=\"wp-block-columns is-layout-flex wp-container-core-columns-is-layout-9d6595d7 wp-block-columns-is-layout-flex\">\r\n<div class=\"wp-block-column is-layout-flow wp-block-column-is-layout-flow\">\r\n<figure class=\"wp-block-image size-full is-resized is-style-default\"><img loading=\"lazy\" decoding=\"async\" width=\"700\" height=\"700\" class=\"wp-image-4116\" src=\"https:\/\/lesta.it\/wp-content\/uploads\/2024\/03\/Lesta-EUROPE.webp\" alt=\"Lesta EUROPE\" srcset=\"https:\/\/www.lesta.it\/wp-content\/uploads\/2024\/03\/Lesta-EUROPE.webp 700w, https:\/\/www.lesta.it\/wp-content\/uploads\/2024\/03\/Lesta-EUROPE-300x300.webp 300w, https:\/\/www.lesta.it\/wp-content\/uploads\/2024\/03\/Lesta-EUROPE-150x150.webp 150w\" sizes=\"auto, (max-width: 700px) 100vw, 700px\" \/><\/figure>\r\n<\/div>\r\n\r\n\r\n\r\n<div class=\"wp-block-column is-layout-flow wp-block-column-is-layout-flow\">\r\n<figure class=\"wp-block-image size-full is-resized is-style-default\"><a href=\"http:\/\/www.lestausa.com\/\" target=\"_blank\" rel=\"noreferrer noopener\"><img loading=\"lazy\" decoding=\"async\" width=\"700\" height=\"700\" class=\"wp-image-1962\" src=\"https:\/\/lesta.it\/wp-content\/uploads\/2022\/09\/Partner_LESTA-USA.webp\" alt=\"\" srcset=\"https:\/\/www.lesta.it\/wp-content\/uploads\/2022\/09\/Partner_LESTA-USA.webp 700w, https:\/\/www.lesta.it\/wp-content\/uploads\/2022\/09\/Partner_LESTA-USA-300x300.webp 300w, https:\/\/www.lesta.it\/wp-content\/uploads\/2022\/09\/Partner_LESTA-USA-150x150.webp 150w\" sizes=\"auto, (max-width: 700px) 100vw, 700px\" \/><\/a><\/figure>\r\n<\/div>\r\n\r\n\r\n\r\n<div class=\"wp-block-column is-layout-flow wp-block-column-is-layout-flow\">\r\n<figure class=\"wp-block-image size-full is-resized is-style-default\"><a href=\"https:\/\/www.cabycal.com\/en\/home-english\/\" target=\"_blank\" rel=\"noreferrer noopener\"><img loading=\"lazy\" decoding=\"async\" width=\"700\" height=\"700\" class=\"wp-image-1965\" src=\"https:\/\/lesta.it\/wp-content\/uploads\/2022\/09\/Partner_Cabycal.webp\" alt=\"\" srcset=\"https:\/\/www.lesta.it\/wp-content\/uploads\/2022\/09\/Partner_Cabycal.webp 700w, https:\/\/www.lesta.it\/wp-content\/uploads\/2022\/09\/Partner_Cabycal-300x300.webp 300w, https:\/\/www.lesta.it\/wp-content\/uploads\/2022\/09\/Partner_Cabycal-150x150.webp 150w\" sizes=\"auto, (max-width: 700px) 100vw, 700px\" \/><\/a><\/figure>\r\n<\/div>\r\n\r\n\r\n\r\n<div class=\"wp-block-column is-layout-flow wp-block-column-is-layout-flow\">\r\n<figure class=\"wp-block-image size-full is-resized is-style-default\"><a href=\"https:\/\/www.robonnement.com\/\" target=\"_blank\" rel=\"noreferrer noopener\"><img loading=\"lazy\" decoding=\"async\" width=\"700\" height=\"700\" class=\"wp-image-1977\" src=\"https:\/\/lesta.it\/wp-content\/uploads\/2022\/09\/Partner_Robonnement.webp\" alt=\"\" srcset=\"https:\/\/www.lesta.it\/wp-content\/uploads\/2022\/09\/Partner_Robonnement.webp 700w, https:\/\/www.lesta.it\/wp-content\/uploads\/2022\/09\/Partner_Robonnement-300x300.webp 300w, https:\/\/www.lesta.it\/wp-content\/uploads\/2022\/09\/Partner_Robonnement-150x150.webp 150w\" sizes=\"auto, (max-width: 700px) 100vw, 700px\" \/><\/a><\/figure>\r\n<\/div>\r\n<\/div>\r\n\r\n\r\n\r\n<div class=\"wp-block-columns is-layout-flex wp-container-core-columns-is-layout-9d6595d7 wp-block-columns-is-layout-flex\">\r\n<div class=\"wp-block-column is-layout-flow wp-block-column-is-layout-flow\">\r\n<figure class=\"wp-block-image size-full is-resized is-style-default\"><a href=\"https:\/\/jonstenberg.se\/\" target=\"_blank\" rel=\"noreferrer noopener\"><img loading=\"lazy\" decoding=\"async\" width=\"700\" height=\"700\" class=\"wp-image-3642\" src=\"https:\/\/lesta.it\/wp-content\/uploads\/2023\/03\/Partner_Jonstenberg.webp\" alt=\"Partner Jonstenberg\" srcset=\"https:\/\/www.lesta.it\/wp-content\/uploads\/2023\/03\/Partner_Jonstenberg.webp 700w, https:\/\/www.lesta.it\/wp-content\/uploads\/2023\/03\/Partner_Jonstenberg-300x300.webp 300w, https:\/\/www.lesta.it\/wp-content\/uploads\/2023\/03\/Partner_Jonstenberg-150x150.webp 150w\" sizes=\"auto, (max-width: 700px) 100vw, 700px\" \/><\/a><\/figure>\r\n<\/div>\r\n\r\n\r\n\r\n<div class=\"wp-block-column is-layout-flow wp-block-column-is-layout-flow\">\r\n<figure class=\"wp-block-image size-full is-resized is-style-default\"><a href=\"https:\/\/www.scanotech.dk\/\" target=\"_blank\" rel=\"noreferrer noopener\"><img loading=\"lazy\" decoding=\"async\" width=\"700\" height=\"700\" class=\"wp-image-3648\" src=\"https:\/\/lesta.it\/wp-content\/uploads\/2023\/03\/Partner_scanOtech.webp\" alt=\"Partner scanOtech\" srcset=\"https:\/\/www.lesta.it\/wp-content\/uploads\/2023\/03\/Partner_scanOtech.webp 700w, https:\/\/www.lesta.it\/wp-content\/uploads\/2023\/03\/Partner_scanOtech-300x300.webp 300w, https:\/\/www.lesta.it\/wp-content\/uploads\/2023\/03\/Partner_scanOtech-150x150.webp 150w\" sizes=\"auto, (max-width: 700px) 100vw, 700px\" \/><\/a><\/figure>\r\n<\/div>\r\n\r\n\r\n\r\n<div class=\"wp-block-column is-layout-flow wp-block-column-is-layout-flow\">\r\n<figure class=\"wp-block-image size-full is-resized is-style-default\"><a href=\"https:\/\/www.nipema.fi\/\" target=\"_blank\" rel=\"noreferrer noopener\"><img loading=\"lazy\" decoding=\"async\" width=\"700\" height=\"700\" class=\"wp-image-4636\" src=\"https:\/\/lesta.it\/wp-content\/uploads\/2024\/10\/Partner_Nipema-OY.webp\" alt=\"NIPEMA OY virallinen yhteisty\u00f6kumppani Nestan teollisille jauhe- ja nestemaalausroboteille Suomessa\" srcset=\"https:\/\/www.lesta.it\/wp-content\/uploads\/2024\/10\/Partner_Nipema-OY.webp 700w, https:\/\/www.lesta.it\/wp-content\/uploads\/2024\/10\/Partner_Nipema-OY-300x300.webp 300w, https:\/\/www.lesta.it\/wp-content\/uploads\/2024\/10\/Partner_Nipema-OY-150x150.webp 150w\" sizes=\"auto, (max-width: 700px) 100vw, 700px\" \/><\/a><\/figure>\r\n<\/div>\r\n\r\n\r\n\r\n<div class=\"wp-block-column is-layout-flow wp-block-column-is-layout-flow\">\r\n<figure class=\"wp-block-image size-full is-resized is-style-default\"><a href=\"https:\/\/www.mpro-machines.com\/\" target=\"_blank\" rel=\"noreferrer noopener\"><img loading=\"lazy\" decoding=\"async\" width=\"700\" height=\"700\" class=\"wp-image-4555\" src=\"https:\/\/lesta.it\/wp-content\/uploads\/2024\/09\/Partner_MPRO.webp\" alt=\"MPRO machines - woodworking technology - Belgium and Luxembourg\" srcset=\"https:\/\/www.lesta.it\/wp-content\/uploads\/2024\/09\/Partner_MPRO.webp 700w, https:\/\/www.lesta.it\/wp-content\/uploads\/2024\/09\/Partner_MPRO-300x300.webp 300w, https:\/\/www.lesta.it\/wp-content\/uploads\/2024\/09\/Partner_MPRO-150x150.webp 150w\" sizes=\"auto, (max-width: 700px) 100vw, 700px\" \/><\/a><\/figure>\r\n<\/div>\r\n<\/div>\r\n\r\n\r\n\r\n<div class=\"wp-block-columns is-layout-flex wp-container-core-columns-is-layout-9d6595d7 wp-block-columns-is-layout-flex\">\r\n<div class=\"wp-block-column is-layout-flow wp-block-column-is-layout-flow\">\r\n<figure class=\"wp-block-image size-full is-resized is-style-default\"><a href=\"http:\/\/www.technospray.com.br\/\" target=\"_blank\" rel=\"noreferrer noopener\"><img loading=\"lazy\" decoding=\"async\" width=\"700\" height=\"700\" class=\"wp-image-1983\" src=\"https:\/\/lesta.it\/wp-content\/uploads\/2022\/09\/Dealer_Technospray.webp\" alt=\"\" srcset=\"https:\/\/www.lesta.it\/wp-content\/uploads\/2022\/09\/Dealer_Technospray.webp 700w, https:\/\/www.lesta.it\/wp-content\/uploads\/2022\/09\/Dealer_Technospray-300x300.webp 300w, https:\/\/www.lesta.it\/wp-content\/uploads\/2022\/09\/Dealer_Technospray-150x150.webp 150w\" sizes=\"auto, (max-width: 700px) 100vw, 700px\" \/><\/a><\/figure>\r\n<\/div>\r\n\r\n\r\n\r\n<div class=\"wp-block-column is-layout-flow wp-block-column-is-layout-flow\">\r\n<figure class=\"wp-block-image size-full is-resized is-style-default\"><a href=\"http:\/\/www.robocoating.com.tr\/\" target=\"_blank\" rel=\"noreferrer noopener\"><img loading=\"lazy\" decoding=\"async\" width=\"700\" height=\"700\" class=\"wp-image-1968\" src=\"https:\/\/lesta.it\/wp-content\/uploads\/2022\/09\/Partner_Robocoating.webp\" alt=\"\" srcset=\"https:\/\/www.lesta.it\/wp-content\/uploads\/2022\/09\/Partner_Robocoating.webp 700w, https:\/\/www.lesta.it\/wp-content\/uploads\/2022\/09\/Partner_Robocoating-300x300.webp 300w, https:\/\/www.lesta.it\/wp-content\/uploads\/2022\/09\/Partner_Robocoating-150x150.webp 150w\" sizes=\"auto, (max-width: 700px) 100vw, 700px\" \/><\/a><\/figure>\r\n<\/div>\r\n\r\n\r\n\r\n<div class=\"wp-block-column is-layout-flow wp-block-column-is-layout-flow\">\r\n<figure class=\"wp-block-image size-full is-resized is-style-default\"><a href=\"https:\/\/www.mls.hu\/\" target=\"_blank\" rel=\"noreferrer noopener\"><img loading=\"lazy\" decoding=\"async\" width=\"700\" height=\"700\" class=\"wp-image-4053\" src=\"https:\/\/lesta.it\/wp-content\/uploads\/2023\/11\/Partner_MLS.webp\" alt=\"Partner MLS\" srcset=\"https:\/\/www.lesta.it\/wp-content\/uploads\/2023\/11\/Partner_MLS.webp 700w, https:\/\/www.lesta.it\/wp-content\/uploads\/2023\/11\/Partner_MLS-300x300.webp 300w, https:\/\/www.lesta.it\/wp-content\/uploads\/2023\/11\/Partner_MLS-150x150.webp 150w\" sizes=\"auto, (max-width: 700px) 100vw, 700px\" \/><\/a><\/figure>\r\n<\/div>\r\n\r\n\r\n\r\n<div class=\"wp-block-column is-layout-flow wp-block-column-is-layout-flow\">\r\n<figure class=\"wp-block-image size-full is-resized is-style-default\"><a href=\"https:\/\/www.watech.cz\/\" target=\"_blank\" rel=\"noreferrer noopener\"><img loading=\"lazy\" decoding=\"async\" width=\"700\" height=\"700\" class=\"wp-image-1971\" src=\"https:\/\/lesta.it\/wp-content\/uploads\/2022\/09\/Partner_WATECH.webp\" alt=\"\" srcset=\"https:\/\/www.lesta.it\/wp-content\/uploads\/2022\/09\/Partner_WATECH.webp 700w, https:\/\/www.lesta.it\/wp-content\/uploads\/2022\/09\/Partner_WATECH-300x300.webp 300w, https:\/\/www.lesta.it\/wp-content\/uploads\/2022\/09\/Partner_WATECH-150x150.webp 150w\" sizes=\"auto, (max-width: 700px) 100vw, 700px\" \/><\/a><\/figure>\r\n<\/div>\r\n<\/div>\r\n\r\n\r\n\r\n<div class=\"wp-block-columns is-layout-flex wp-container-core-columns-is-layout-9d6595d7 wp-block-columns-is-layout-flex\">\r\n<div class=\"wp-block-column is-layout-flow wp-block-column-is-layout-flow\">\r\n<figure class=\"wp-block-image size-full is-resized is-style-default\"><a href=\"https:\/\/technikum.sk\/\" target=\"_blank\" rel=\"noreferrer noopener\"><img loading=\"lazy\" decoding=\"async\" width=\"700\" height=\"700\" class=\"wp-image-3988\" src=\"https:\/\/lesta.it\/wp-content\/uploads\/2023\/07\/Partner_Technikum.webp\" alt=\"Partner Technikum\" srcset=\"https:\/\/www.lesta.it\/wp-content\/uploads\/2023\/07\/Partner_Technikum.webp 700w, https:\/\/www.lesta.it\/wp-content\/uploads\/2023\/07\/Partner_Technikum-300x300.webp 300w, https:\/\/www.lesta.it\/wp-content\/uploads\/2023\/07\/Partner_Technikum-150x150.webp 150w\" sizes=\"auto, (max-width: 700px) 100vw, 700px\" \/><\/a><\/figure>\r\n<\/div>\r\n\r\n\r\n\r\n<div class=\"wp-block-column is-layout-flow wp-block-column-is-layout-flow\">\r\n<figure class=\"wp-block-image size-full is-resized is-style-default\"><a href=\"http:\/\/sungmi.co.kr\/sungmi\/\" target=\"_blank\" rel=\"noreferrer noopener\"><img loading=\"lazy\" decoding=\"async\" width=\"700\" height=\"700\" class=\"wp-image-1989\" src=\"https:\/\/lesta.it\/wp-content\/uploads\/2022\/09\/Dealer_Sungmi-1.webp\" alt=\"\" srcset=\"https:\/\/www.lesta.it\/wp-content\/uploads\/2022\/09\/Dealer_Sungmi-1.webp 700w, https:\/\/www.lesta.it\/wp-content\/uploads\/2022\/09\/Dealer_Sungmi-1-300x300.webp 300w, https:\/\/www.lesta.it\/wp-content\/uploads\/2022\/09\/Dealer_Sungmi-1-150x150.webp 150w\" sizes=\"auto, (max-width: 700px) 100vw, 700px\" \/><\/a><\/figure>\r\n<\/div>\r\n\r\n\r\n\r\n<div class=\"wp-block-column is-layout-flow wp-block-column-is-layout-flow\">\r\n<figure class=\"wp-block-image size-full is-resized is-style-default\"><a href=\"sinarmasindo.com\" target=\"_blank\" rel=\"noreferrer noopener\"><img loading=\"lazy\" decoding=\"async\" width=\"700\" height=\"700\" class=\"wp-image-4129\" src=\"https:\/\/lesta.it\/wp-content\/uploads\/2024\/03\/Partner_Sinarmasindo.webp\" alt=\"Partner Sinarmasindo\" srcset=\"https:\/\/www.lesta.it\/wp-content\/uploads\/2024\/03\/Partner_Sinarmasindo.webp 700w, https:\/\/www.lesta.it\/wp-content\/uploads\/2024\/03\/Partner_Sinarmasindo-300x300.webp 300w, https:\/\/www.lesta.it\/wp-content\/uploads\/2024\/03\/Partner_Sinarmasindo-150x150.webp 150w\" sizes=\"auto, (max-width: 700px) 100vw, 700px\" \/><\/a><\/figure>\r\n<\/div>\r\n\r\n\r\n\r\n<div class=\"wp-block-column is-layout-flow wp-block-column-is-layout-flow\">\r\n<figure class=\"wp-block-image size-full is-resized is-style-default\"><a href=\"https:\/\/www.marjos.pt\/\" target=\"_blank\" rel=\"noreferrer noopener\"><img loading=\"lazy\" decoding=\"async\" width=\"700\" height=\"700\" class=\"wp-image-1980\" src=\"https:\/\/lesta.it\/wp-content\/uploads\/2022\/09\/Dealer_Marjos.webp\" alt=\"\" srcset=\"https:\/\/www.lesta.it\/wp-content\/uploads\/2022\/09\/Dealer_Marjos.webp 700w, https:\/\/www.lesta.it\/wp-content\/uploads\/2022\/09\/Dealer_Marjos-300x300.webp 300w, https:\/\/www.lesta.it\/wp-content\/uploads\/2022\/09\/Dealer_Marjos-150x150.webp 150w\" sizes=\"auto, (max-width: 700px) 100vw, 700px\" \/><\/a><\/figure>\r\n<\/div>\r\n<\/div>\r\n\r\n\r\n\r\n<div class=\"wp-block-columns is-layout-flex wp-container-core-columns-is-layout-9d6595d7 wp-block-columns-is-layout-flex\">\r\n<div class=\"wp-block-column is-layout-flow wp-block-column-is-layout-flow\">\r\n<figure class=\"wp-block-image size-full is-resized is-style-default\"><a href=\"http:\/\/prima-automation.net\/\" target=\"_blank\" rel=\"noreferrer noopener\"><img loading=\"lazy\" decoding=\"async\" width=\"700\" height=\"700\" class=\"wp-image-1974\" src=\"https:\/\/lesta.it\/wp-content\/uploads\/2022\/09\/Partner_PrimaAutomation.webp\" alt=\"\" srcset=\"https:\/\/www.lesta.it\/wp-content\/uploads\/2022\/09\/Partner_PrimaAutomation.webp 700w, https:\/\/www.lesta.it\/wp-content\/uploads\/2022\/09\/Partner_PrimaAutomation-300x300.webp 300w, https:\/\/www.lesta.it\/wp-content\/uploads\/2022\/09\/Partner_PrimaAutomation-150x150.webp 150w\" sizes=\"auto, (max-width: 700px) 100vw, 700px\" \/><\/a><\/figure>\r\n<\/div>\r\n\r\n\r\n\r\n<div class=\"wp-block-column is-layout-flow wp-block-column-is-layout-flow\">\r\n<figure class=\"wp-block-image size-full is-resized is-style-default\"><img loading=\"lazy\" decoding=\"async\" width=\"700\" height=\"700\" class=\"wp-image-1995\" src=\"https:\/\/lesta.it\/wp-content\/uploads\/2022\/09\/Dealer_GCC.webp\" alt=\"\" srcset=\"https:\/\/www.lesta.it\/wp-content\/uploads\/2022\/09\/Dealer_GCC.webp 700w, https:\/\/www.lesta.it\/wp-content\/uploads\/2022\/09\/Dealer_GCC-300x300.webp 300w, https:\/\/www.lesta.it\/wp-content\/uploads\/2022\/09\/Dealer_GCC-150x150.webp 150w\" sizes=\"auto, (max-width: 700px) 100vw, 700px\" \/><\/figure>\r\n<\/div>\r\n\r\n\r\n\r\n<div class=\"wp-block-column is-layout-flow wp-block-column-is-layout-flow\">\r\n<figure class=\"wp-block-image size-full is-resized is-style-default\"><a href=\"https:\/\/cistind.com\/\" target=\"_blank\" rel=\"noreferrer noopener\"><img loading=\"lazy\" decoding=\"async\" width=\"700\" height=\"700\" class=\"wp-image-3630\" src=\"https:\/\/lesta.it\/wp-content\/uploads\/2023\/03\/Dealer_CISAT.webp\" alt=\"Dealer CISAT\" srcset=\"https:\/\/www.lesta.it\/wp-content\/uploads\/2023\/03\/Dealer_CISAT.webp 700w, https:\/\/www.lesta.it\/wp-content\/uploads\/2023\/03\/Dealer_CISAT-300x300.webp 300w, https:\/\/www.lesta.it\/wp-content\/uploads\/2023\/03\/Dealer_CISAT-150x150.webp 150w\" sizes=\"auto, (max-width: 700px) 100vw, 700px\" \/><\/a><\/figure>\r\n<\/div>\r\n\r\n\r\n\r\n<div class=\"wp-block-column is-layout-flow wp-block-column-is-layout-flow\">\r\n<figure class=\"wp-block-image size-full is-resized is-style-default\"><a href=\"https:\/\/www.rdengineering.biz\/\" target=\"_blank\" rel=\"noreferrer noopener\"><img loading=\"lazy\" decoding=\"async\" width=\"700\" height=\"700\" class=\"wp-image-2001\" src=\"https:\/\/lesta.it\/wp-content\/uploads\/2022\/09\/Partner_ReD.webp\" alt=\"\" srcset=\"https:\/\/www.lesta.it\/wp-content\/uploads\/2022\/09\/Partner_ReD.webp 700w, https:\/\/www.lesta.it\/wp-content\/uploads\/2022\/09\/Partner_ReD-300x300.webp 300w, https:\/\/www.lesta.it\/wp-content\/uploads\/2022\/09\/Partner_ReD-150x150.webp 150w\" sizes=\"auto, (max-width: 700px) 100vw, 700px\" \/><\/a><\/figure>\r\n<\/div>\r\n<\/div>\r\n","protected":false},"excerpt":{"rendered":"<p>Notre r\u00e9seau de vente Le r\u00e9seau de vente de Lesta est en constante expansion! Nous exportons avec succ\u00e8s nos robots 100 % fabriqu\u00e9s en Italie dans le monde entier. Nous collaborons avec des partenaires reconnus pour la fourniture de syst\u00e8mes complets et un support technique de qualit\u00e9.<\/p>\n","protected":false},"author":4,"featured_media":0,"parent":0,"menu_order":0,"comment_status":"closed","ping_status":"closed","template":"","meta":{"_acf_changed":false,"inline_featured_image":false,"footnotes":""},"class_list":["post-6230","page","type-page","status-publish","hentry"],"acf":[],"yoast_head":"<!-- This site is optimized with the Yoast SEO plugin v24.8.1 - https:\/\/yoast.com\/wordpress\/plugins\/seo\/ -->\n<title>Partners e distributori dei robot ed automazioni Lesta nel mondo<\/title>\n<meta name=\"description\" content=\"Partners e distributori di Lesta nel mondo, Europa, Asia, America, medio oriente, Australia e oceania, India\" \/>\n<meta name=\"robots\" content=\"index, follow, max-snippet:-1, max-image-preview:large, max-video-preview:-1\" \/>\n<link rel=\"canonical\" href=\"https:\/\/www.lesta.it\/fr\/partenaires-et-distributeurs\/\" \/>\n<meta property=\"og:locale\" content=\"fr_FR\" \/>\n<meta property=\"og:type\" content=\"article\" \/>\n<meta property=\"og:title\" content=\"Partners e distributori dei robot ed automazioni Lesta nel mondo\" \/>\n<meta property=\"og:description\" content=\"Partners e distributori di Lesta nel mondo, Europa, Asia, America, medio oriente, Australia e oceania, India\" \/>\n<meta property=\"og:url\" content=\"https:\/\/www.lesta.it\/fr\/partenaires-et-distributeurs\/\" \/>\n<meta property=\"og:site_name\" content=\"Lesta\" \/>\n<meta property=\"article:modified_time\" content=\"2026-03-09T15:59:11+00:00\" \/>\n<meta property=\"og:image\" content=\"https:\/\/www.lesta.it\/wp-content\/uploads\/2024\/03\/Lesta-EUROPE.webp\" \/>\n\t<meta property=\"og:image:width\" content=\"700\" \/>\n\t<meta property=\"og:image:height\" content=\"700\" \/>\n\t<meta property=\"og:image:type\" content=\"image\/webp\" \/>\n<meta name=\"twitter:card\" content=\"summary_large_image\" \/>\n<meta name=\"twitter:label1\" content=\"Dur\u00e9e de lecture estim\u00e9e\" \/>\n\t<meta name=\"twitter:data1\" content=\"4 minutes\" \/>\n<script type=\"application\/ld+json\" class=\"yoast-schema-graph\">{\"@context\":\"https:\/\/schema.org\",\"@graph\":[{\"@type\":\"WebPage\",\"@id\":\"https:\/\/www.lesta.it\/fr\/partenaires-et-distributeurs\/\",\"url\":\"https:\/\/www.lesta.it\/fr\/partenaires-et-distributeurs\/\",\"name\":\"Partners e distributori dei robot ed automazioni Lesta nel mondo\",\"isPartOf\":{\"@id\":\"https:\/\/www.lesta.it\/fr\/#website\"},\"primaryImageOfPage\":{\"@id\":\"https:\/\/www.lesta.it\/fr\/partenaires-et-distributeurs\/#primaryimage\"},\"image\":{\"@id\":\"https:\/\/www.lesta.it\/fr\/partenaires-et-distributeurs\/#primaryimage\"},\"thumbnailUrl\":\"https:\/\/lesta.it\/wp-content\/uploads\/2024\/03\/Lesta-EUROPE.webp\",\"datePublished\":\"2022-03-14T11:26:17+00:00\",\"dateModified\":\"2026-03-09T15:59:11+00:00\",\"description\":\"Partners e distributori di Lesta nel mondo, Europa, Asia, America, medio oriente, Australia e oceania, India\",\"breadcrumb\":{\"@id\":\"https:\/\/www.lesta.it\/fr\/partenaires-et-distributeurs\/#breadcrumb\"},\"inLanguage\":\"fr-FR\",\"potentialAction\":[{\"@type\":\"ReadAction\",\"target\":[\"https:\/\/www.lesta.it\/fr\/partenaires-et-distributeurs\/\"]}]},{\"@type\":\"ImageObject\",\"inLanguage\":\"fr-FR\",\"@id\":\"https:\/\/www.lesta.it\/fr\/partenaires-et-distributeurs\/#primaryimage\",\"url\":\"https:\/\/lesta.it\/wp-content\/uploads\/2024\/03\/Lesta-EUROPE.webp\",\"contentUrl\":\"https:\/\/lesta.it\/wp-content\/uploads\/2024\/03\/Lesta-EUROPE.webp\"},{\"@type\":\"BreadcrumbList\",\"@id\":\"https:\/\/www.lesta.it\/fr\/partenaires-et-distributeurs\/#breadcrumb\",\"itemListElement\":[{\"@type\":\"ListItem\",\"position\":1,\"name\":\"Home\",\"item\":\"https:\/\/www.lesta.it\/fr\/\"},{\"@type\":\"ListItem\",\"position\":2,\"name\":\"Partenaires et distributeurs\"}]},{\"@type\":\"WebSite\",\"@id\":\"https:\/\/www.lesta.it\/fr\/#website\",\"url\":\"https:\/\/www.lesta.it\/fr\/\",\"name\":\"Lesta\",\"description\":\"Your smart robotic finishing\",\"publisher\":{\"@id\":\"https:\/\/www.lesta.it\/fr\/#organization\"},\"potentialAction\":[{\"@type\":\"SearchAction\",\"target\":{\"@type\":\"EntryPoint\",\"urlTemplate\":\"https:\/\/www.lesta.it\/fr\/?s={search_term_string}\"},\"query-input\":{\"@type\":\"PropertyValueSpecification\",\"valueRequired\":true,\"valueName\":\"search_term_string\"}}],\"inLanguage\":\"fr-FR\"},{\"@type\":\"Organization\",\"@id\":\"https:\/\/www.lesta.it\/fr\/#organization\",\"name\":\"Lesta\",\"url\":\"https:\/\/www.lesta.it\/fr\/\",\"logo\":{\"@type\":\"ImageObject\",\"inLanguage\":\"fr-FR\",\"@id\":\"https:\/\/www.lesta.it\/fr\/#\/schema\/logo\/image\/\",\"url\":\"https:\/\/lesta.it\/wp-content\/uploads\/2022\/02\/FotoContattaci-1.png\",\"contentUrl\":\"https:\/\/lesta.it\/wp-content\/uploads\/2022\/02\/FotoContattaci-1.png\",\"width\":710,\"height\":611,\"caption\":\"Lesta\"},\"image\":{\"@id\":\"https:\/\/www.lesta.it\/fr\/#\/schema\/logo\/image\/\"}}]}<\/script>\n<!-- \/ Yoast SEO plugin. -->","yoast_head_json":{"title":"Partners e distributori dei robot ed automazioni Lesta nel mondo","description":"Partners e distributori di Lesta nel mondo, Europa, Asia, America, medio oriente, Australia e oceania, India","robots":{"index":"index","follow":"follow","max-snippet":"max-snippet:-1","max-image-preview":"max-image-preview:large","max-video-preview":"max-video-preview:-1"},"canonical":"https:\/\/www.lesta.it\/fr\/partenaires-et-distributeurs\/","og_locale":"fr_FR","og_type":"article","og_title":"Partners e distributori dei robot ed automazioni Lesta nel mondo","og_description":"Partners e distributori di Lesta nel mondo, Europa, Asia, America, medio oriente, Australia e oceania, India","og_url":"https:\/\/www.lesta.it\/fr\/partenaires-et-distributeurs\/","og_site_name":"Lesta","article_modified_time":"2026-03-09T15:59:11+00:00","og_image":[{"width":700,"height":700,"url":"https:\/\/www.lesta.it\/wp-content\/uploads\/2024\/03\/Lesta-EUROPE.webp","type":"image\/webp"}],"twitter_card":"summary_large_image","twitter_misc":{"Dur\u00e9e de lecture estim\u00e9e":"4 minutes"},"schema":{"@context":"https:\/\/schema.org","@graph":[{"@type":"WebPage","@id":"https:\/\/www.lesta.it\/fr\/partenaires-et-distributeurs\/","url":"https:\/\/www.lesta.it\/fr\/partenaires-et-distributeurs\/","name":"Partners e distributori dei robot ed automazioni Lesta nel mondo","isPartOf":{"@id":"https:\/\/www.lesta.it\/fr\/#website"},"primaryImageOfPage":{"@id":"https:\/\/www.lesta.it\/fr\/partenaires-et-distributeurs\/#primaryimage"},"image":{"@id":"https:\/\/www.lesta.it\/fr\/partenaires-et-distributeurs\/#primaryimage"},"thumbnailUrl":"https:\/\/lesta.it\/wp-content\/uploads\/2024\/03\/Lesta-EUROPE.webp","datePublished":"2022-03-14T11:26:17+00:00","dateModified":"2026-03-09T15:59:11+00:00","description":"Partners e distributori di Lesta nel mondo, Europa, Asia, America, medio oriente, Australia e oceania, India","breadcrumb":{"@id":"https:\/\/www.lesta.it\/fr\/partenaires-et-distributeurs\/#breadcrumb"},"inLanguage":"fr-FR","potentialAction":[{"@type":"ReadAction","target":["https:\/\/www.lesta.it\/fr\/partenaires-et-distributeurs\/"]}]},{"@type":"ImageObject","inLanguage":"fr-FR","@id":"https:\/\/www.lesta.it\/fr\/partenaires-et-distributeurs\/#primaryimage","url":"https:\/\/lesta.it\/wp-content\/uploads\/2024\/03\/Lesta-EUROPE.webp","contentUrl":"https:\/\/lesta.it\/wp-content\/uploads\/2024\/03\/Lesta-EUROPE.webp"},{"@type":"BreadcrumbList","@id":"https:\/\/www.lesta.it\/fr\/partenaires-et-distributeurs\/#breadcrumb","itemListElement":[{"@type":"ListItem","position":1,"name":"Home","item":"https:\/\/www.lesta.it\/fr\/"},{"@type":"ListItem","position":2,"name":"Partenaires et distributeurs"}]},{"@type":"WebSite","@id":"https:\/\/www.lesta.it\/fr\/#website","url":"https:\/\/www.lesta.it\/fr\/","name":"Lesta","description":"Your smart robotic finishing","publisher":{"@id":"https:\/\/www.lesta.it\/fr\/#organization"},"potentialAction":[{"@type":"SearchAction","target":{"@type":"EntryPoint","urlTemplate":"https:\/\/www.lesta.it\/fr\/?s={search_term_string}"},"query-input":{"@type":"PropertyValueSpecification","valueRequired":true,"valueName":"search_term_string"}}],"inLanguage":"fr-FR"},{"@type":"Organization","@id":"https:\/\/www.lesta.it\/fr\/#organization","name":"Lesta","url":"https:\/\/www.lesta.it\/fr\/","logo":{"@type":"ImageObject","inLanguage":"fr-FR","@id":"https:\/\/www.lesta.it\/fr\/#\/schema\/logo\/image\/","url":"https:\/\/lesta.it\/wp-content\/uploads\/2022\/02\/FotoContattaci-1.png","contentUrl":"https:\/\/lesta.it\/wp-content\/uploads\/2022\/02\/FotoContattaci-1.png","width":710,"height":611,"caption":"Lesta"},"image":{"@id":"https:\/\/www.lesta.it\/fr\/#\/schema\/logo\/image\/"}}]}},"_links":{"self":[{"href":"https:\/\/www.lesta.it\/fr\/wp-json\/wp\/v2\/pages\/6230","targetHints":{"allow":["GET"]}}],"collection":[{"href":"https:\/\/www.lesta.it\/fr\/wp-json\/wp\/v2\/pages"}],"about":[{"href":"https:\/\/www.lesta.it\/fr\/wp-json\/wp\/v2\/types\/page"}],"author":[{"embeddable":true,"href":"https:\/\/www.lesta.it\/fr\/wp-json\/wp\/v2\/users\/4"}],"replies":[{"embeddable":true,"href":"https:\/\/www.lesta.it\/fr\/wp-json\/wp\/v2\/comments?post=6230"}],"version-history":[{"count":2,"href":"https:\/\/www.lesta.it\/fr\/wp-json\/wp\/v2\/pages\/6230\/revisions"}],"predecessor-version":[{"id":6281,"href":"https:\/\/www.lesta.it\/fr\/wp-json\/wp\/v2\/pages\/6230\/revisions\/6281"}],"wp:attachment":[{"href":"https:\/\/www.lesta.it\/fr\/wp-json\/wp\/v2\/media?parent=6230"}],"curies":[{"name":"wp","href":"https:\/\/api.w.org\/{rel}","templated":true}]}}