{"id":6228,"date":"2022-03-28T17:47:25","date_gmt":"2022-03-28T15:47:25","guid":{"rendered":"https:\/\/www.lesta.it\/cataloghi\/"},"modified":"2026-03-09T16:55:54","modified_gmt":"2026-03-09T15:55:54","slug":"catalogue","status":"publish","type":"page","link":"https:\/\/www.lesta.it\/fr\/catalogue\/","title":{"rendered":"Catalogue"},"content":{"rendered":"\r\n<div class=\"wp-block-columns alignwide is-layout-flex wp-container-core-columns-is-layout-9d6595d7 wp-block-columns-is-layout-flex\">\r\n<div class=\"wp-block-column has-text-color has-background has-link-color wp-elements-aa0e85041ea21594a527563000b8ceb3 is-layout-flow wp-block-column-is-layout-flow\" style=\"color: #000000; background-color: #e3e3e3; flex-basis: 500px; padding: 2em;\">\r\n<h2 id=\"single\" class=\"wp-block-heading\" style=\"font-size: 40px;\"><strong><strong>Catalogo<\/strong><\/strong><\/h2>\r\n\r\n\r\n\r\n<p class=\"has-normal-font-size\" style=\"line-height: 1.5;\"><strong>Italiano<\/strong><\/p>\r\n\r\n\r\n<hr class=\"wp-block-separator has-text-color has-css-opacity has-background is-style-wide\" style=\"background-color: #000000; color: #000000;\" \/>\r\n\r\n\r\n<p>Soluzioni robotizzate per il tuo impianto di verniciatura<\/p>\r\n\r\n\r\n\r\n<p>&nbsp;<\/p>\r\n\r\n\r\n\r\n<div class=\"wp-block-buttons alignfull is-horizontal is-content-justification-center is-layout-flex wp-container-core-buttons-is-layout-499968f5 wp-block-buttons-is-layout-flex\">\r\n<div class=\"wp-block-button has-custom-width wp-block-button__width-100\"><a class=\"wp-block-button__link has-black-color has-yellow-background-color has-text-color has-background wp-element-button\" style=\"border-radius: 15px;\" href=\"https:\/\/lesta.it\/wp-content\/uploads\/2024\/10\/Catalogue_ITA-V4_WEB.pdf\" target=\"_blank\" rel=\"noreferrer noopener\"><strong>Scarica il catalogo<\/strong><\/a><\/div>\r\n<\/div>\r\n<\/div>\r\n\r\n\r\n\r\n<div class=\"wp-block-column is-vertically-aligned-center has-text-color has-background has-link-color wp-elements-664bef79d04717e2587848e3edef4e2c is-layout-flow wp-block-column-is-layout-flow\" style=\"color: #000000; background-color: #e3e3e3; flex-basis: 500px; padding: 2em;\">\r\n<h2 id=\"single\" class=\"wp-block-heading\" style=\"font-size: 40px;\"><strong><strong>Catalog<\/strong><\/strong><\/h2>\r\n\r\n\r\n\r\n<p class=\"has-normal-font-size\" style=\"line-height: 1.5;\"><strong>English<\/strong><\/p>\r\n\r\n\r\n<hr class=\"wp-block-separator has-text-color has-css-opacity has-background is-style-wide\" style=\"background-color: #000000; color: #000000;\" \/>\r\n\r\n\r\n<p>Robotic solutions for your finishing plant<\/p>\r\n\r\n\r\n\r\n<p>&nbsp;<\/p>\r\n\r\n\r\n\r\n<div class=\"wp-block-buttons alignfull is-horizontal is-content-justification-center is-layout-flex wp-container-core-buttons-is-layout-499968f5 wp-block-buttons-is-layout-flex\">\r\n<div class=\"wp-block-button has-custom-width wp-block-button__width-100 is-style-fill\"><a class=\"wp-block-button__link has-black-color has-yellow-background-color has-text-color has-background wp-element-button\" style=\"border-radius: 15px;\" href=\"https:\/\/lesta.it\/wp-content\/uploads\/2024\/10\/Catalogue_ENG-V6_WEB.pdf\" target=\"_blank\" rel=\"noreferrer noopener\"><strong>Download<\/strong><\/a><\/div>\r\n<\/div>\r\n<\/div>\r\n\r\n\r\n\r\n<div class=\"wp-block-column is-vertically-aligned-center has-text-color has-background has-link-color wp-elements-ccd36e4a6fc9d429e682a9729436f541 is-layout-flow wp-block-column-is-layout-flow\" style=\"color: #000000; background-color: #e3e3e3; flex-basis: 500px; padding: 2em;\">\r\n<h2 id=\"single\" class=\"wp-block-heading\" style=\"font-size: 40px;\"><strong><strong>Werbekatalog<\/strong><\/strong><\/h2>\r\n\r\n\r\n\r\n<p class=\"has-normal-font-size\" style=\"line-height: 1.5;\"><strong>Deutsch<\/strong><\/p>\r\n\r\n\r\n<hr class=\"wp-block-separator has-text-color has-css-opacity has-background is-style-wide\" style=\"background-color: #000000; color: #000000;\" \/>\r\n\r\n\r\n<p>Roboterl\u00f6sungen f\u00fcr ihre finishing-anlage<\/p>\r\n\r\n\r\n\r\n<p>&nbsp;<\/p>\r\n\r\n\r\n\r\n<div class=\"wp-block-buttons alignfull is-horizontal is-content-justification-center is-layout-flex wp-container-core-buttons-is-layout-499968f5 wp-block-buttons-is-layout-flex\">\r\n<div class=\"wp-block-button has-custom-width wp-block-button__width-100\"><a class=\"wp-block-button__link has-black-color has-yellow-background-color has-text-color has-background wp-element-button\" style=\"border-radius: 15px;\" href=\"https:\/\/lesta.it\/wp-content\/uploads\/2024\/10\/Catalogue_DEU-V5_WEB.pdf\" target=\"_blank\" rel=\"noreferrer noopener\"><strong>Herunterladen<\/strong><\/a><\/div>\r\n<\/div>\r\n<\/div>\r\n<\/div>\r\n\r\n\r\n\r\n<div class=\"wp-block-columns alignwide are-vertically-aligned-center is-layout-flex wp-container-core-columns-is-layout-9d6595d7 wp-block-columns-is-layout-flex\">\r\n<div class=\"wp-block-column is-vertically-aligned-center has-text-color has-background has-link-color wp-elements-c72360555a5da8006aaf34299119750f is-layout-flow wp-block-column-is-layout-flow\" style=\"color: #000000; background-color: #e3e3e3; flex-basis: 500px; padding: 2em;\">\r\n<h2 id=\"single\" class=\"wp-block-heading\" style=\"font-size: 40px;\"><strong><strong>Catalogo<\/strong><\/strong><\/h2>\r\n\r\n\r\n\r\n<p class=\"has-normal-font-size\" style=\"line-height: 1.5;\"><strong>Espa\u00f1ol<\/strong><\/p>\r\n\r\n\r\n<hr class=\"wp-block-separator has-text-color has-css-opacity has-background is-style-wide\" style=\"background-color: #000000; color: #000000;\" \/>\r\n\r\n\r\n<p>Soluciones rob\u00f3ticas para tu instalaci\u00f3n de pintura<\/p>\r\n\r\n\r\n\r\n<p>&nbsp;<\/p>\r\n\r\n\r\n\r\n<div class=\"wp-block-buttons alignfull is-horizontal is-content-justification-center is-layout-flex wp-container-core-buttons-is-layout-499968f5 wp-block-buttons-is-layout-flex\">\r\n<div class=\"wp-block-button has-custom-width wp-block-button__width-100\"><a class=\"wp-block-button__link has-black-color has-yellow-background-color has-text-color has-background wp-element-button\" style=\"border-radius: 15px;\" href=\"https:\/\/lesta.it\/wp-content\/uploads\/2024\/10\/Catalogue_ESP-V3_WEB.pdf\" target=\"_blank\" rel=\"noreferrer noopener\"><strong>Descargar<\/strong><\/a><\/div>\r\n<\/div>\r\n<\/div>\r\n\r\n\r\n\r\n<div class=\"wp-block-column has-text-color has-background has-link-color wp-elements-b9f0b8f979adf5996e71c844e2540574 is-layout-flow wp-block-column-is-layout-flow\" style=\"color: #000000; background-color: #e3e3e3; flex-basis: 500px; padding: 2em;\">\r\n<h2 id=\"single\" class=\"wp-block-heading\" style=\"font-size: 40px;\"><strong><strong>Cat\u00e1logo<\/strong><\/strong><\/h2>\r\n\r\n\r\n\r\n<p class=\"has-normal-font-size\" style=\"line-height: 1.5;\"><strong>Portugu\u00eas<\/strong><\/p>\r\n\r\n\r\n<hr class=\"wp-block-separator has-text-color has-css-opacity has-background is-style-wide\" style=\"background-color: #000000; color: #000000;\" \/>\r\n\r\n\r\n<p>Solu\u00e7\u00f5es roboticas para a instala\u00e7\u00e3o de acabamento<\/p>\r\n\r\n\r\n\r\n<p>&nbsp;<\/p>\r\n\r\n\r\n\r\n<div class=\"wp-block-buttons alignfull is-horizontal is-content-justification-center is-layout-flex wp-container-core-buttons-is-layout-499968f5 wp-block-buttons-is-layout-flex\">\r\n<div class=\"wp-block-button has-custom-width wp-block-button__width-100\"><a class=\"wp-block-button__link has-black-color has-yellow-background-color has-text-color has-background wp-element-button\" style=\"border-radius: 15px;\" href=\"https:\/\/lesta.it\/wp-content\/uploads\/2024\/10\/Catalogue_POR-V3_WEB.pdf\" target=\"_blank\" rel=\"noreferrer noopener\"><strong>Download<\/strong><\/a><\/div>\r\n<\/div>\r\n<\/div>\r\n\r\n\r\n\r\n<div class=\"wp-block-column has-text-color has-background has-link-color wp-elements-e87a1d81670b9e6bac119b146ca8d262 is-layout-flow wp-block-column-is-layout-flow\" style=\"color: #000000; background-color: #e3e3e3; flex-basis: 500px; padding: 2em;\">\r\n<h2 id=\"single\" class=\"wp-block-heading\" style=\"font-size: 40px;\"><strong><strong>Katalog<\/strong><\/strong><\/h2>\r\n\r\n\r\n\r\n<p class=\"has-normal-font-size\" style=\"line-height: 1.5;\"><strong>Polska<\/strong><\/p>\r\n\r\n\r\n<hr class=\"wp-block-separator has-text-color has-css-opacity has-background is-style-wide\" style=\"background-color: #000000; color: #000000;\" \/>\r\n\r\n\r\n<p>Rozwi\u0105zania zrobotyzowane dla twojej produkcji<\/p>\r\n\r\n\r\n\r\n<p>&nbsp;<\/p>\r\n\r\n\r\n\r\n<div class=\"wp-block-buttons alignfull is-horizontal is-content-justification-center is-layout-flex wp-container-core-buttons-is-layout-499968f5 wp-block-buttons-is-layout-flex\">\r\n<div class=\"wp-block-button has-custom-width wp-block-button__width-100\"><a class=\"wp-block-button__link has-black-color has-yellow-background-color has-text-color has-background wp-element-button\" style=\"border-radius: 15px;\" href=\"https:\/\/lesta.it\/wp-content\/uploads\/2024\/10\/Catalogue_POL-V6_WEB.pdf\" target=\"_blank\" rel=\"noreferrer noopener\"><strong>Pobierz<\/strong><\/a><\/div>\r\n<\/div>\r\n<\/div>\r\n<\/div>\r\n\r\n\r\n\r\n<div class=\"wp-block-columns alignwide are-vertically-aligned-center is-layout-flex wp-container-core-columns-is-layout-9d6595d7 wp-block-columns-is-layout-flex\">\r\n<div class=\"wp-block-column is-vertically-aligned-center has-text-color has-background has-link-color wp-elements-aa5a8e21cb40717a1783db3839ee75f9 is-layout-flow wp-block-column-is-layout-flow\" style=\"color: #000000; background-color: #e3e3e3; flex-basis: 500px; padding: 2em;\">\r\n<h2 id=\"single\" class=\"wp-block-heading\" style=\"font-size: 40px;\"><strong><strong>Catalogue<\/strong><\/strong><\/h2>\r\n\r\n\r\n\r\n<p class=\"has-normal-font-size\" style=\"line-height: 1.5;\"><strong>Fran\u00e7ais<\/strong><\/p>\r\n\r\n\r\n<hr class=\"wp-block-separator has-text-color has-css-opacity has-background is-style-wide\" style=\"background-color: #000000; color: #000000;\" \/>\r\n\r\n\r\n<p>Solutions robotis\u00e9es pour votre installation de peinture<\/p>\r\n\r\n\r\n\r\n<p>&nbsp;<\/p>\r\n\r\n\r\n\r\n<div class=\"wp-block-buttons alignfull is-horizontal is-content-justification-center is-layout-flex wp-container-core-buttons-is-layout-499968f5 wp-block-buttons-is-layout-flex\">\r\n<div class=\"wp-block-button has-custom-width wp-block-button__width-100\"><a class=\"wp-block-button__link has-black-color has-yellow-background-color has-text-color has-background wp-element-button\" style=\"border-radius: 15px;\" href=\"https:\/\/lesta.it\/wp-content\/uploads\/2024\/10\/Catalogue_FRA-V2_WEB.pdf\" target=\"_blank\" rel=\"noreferrer noopener\"><strong>T\u00e9l\u00e9charger<\/strong><\/a><\/div>\r\n<\/div>\r\n<\/div>\r\n<\/div>\r\n\r\n\r\n\r\n<p>&nbsp;<\/p>\r\n","protected":false},"excerpt":{"rendered":"<p>Catalogo Italiano Soluzioni robotizzate per il tuo impianto di verniciatura &nbsp; Catalog English Robotic solutions for your finishing plant &nbsp; Werbekatalog Deutsch Roboterl\u00f6sungen f\u00fcr ihre finishing-anlage &nbsp; Catalogo Espa\u00f1ol Soluciones rob\u00f3ticas para tu instalaci\u00f3n de pintura &nbsp; Cat\u00e1logo Portugu\u00eas Solu\u00e7\u00f5es roboticas para a instala\u00e7\u00e3o de acabamento &nbsp; Katalog Polska Rozwi\u0105zania zrobotyzowane dla twojej produkcji &nbsp;<\/p>\n","protected":false},"author":1,"featured_media":0,"parent":0,"menu_order":0,"comment_status":"closed","ping_status":"closed","template":"","meta":{"_acf_changed":false,"inline_featured_image":false,"footnotes":""},"class_list":["post-6228","page","type-page","status-publish","hentry"],"acf":[],"yoast_head":"<!-- This site is optimized with the Yoast SEO plugin v24.8.1 - https:\/\/yoast.com\/wordpress\/plugins\/seo\/ -->\n<title>Sfoglia tutti i nostri cataloghi | Lesta<\/title>\n<meta name=\"description\" content=\"Sfoglia i nostri cataloghi contenenti tutti i robot per la verniciatura industriale e automazioni.\" \/>\n<meta name=\"robots\" content=\"index, follow, max-snippet:-1, max-image-preview:large, max-video-preview:-1\" \/>\n<link rel=\"canonical\" href=\"https:\/\/www.lesta.it\/fr\/catalogue\/\" \/>\n<meta property=\"og:locale\" content=\"fr_FR\" \/>\n<meta property=\"og:type\" content=\"article\" \/>\n<meta property=\"og:title\" content=\"Sfoglia tutti i nostri cataloghi | Lesta\" \/>\n<meta property=\"og:description\" content=\"Sfoglia i nostri cataloghi contenenti tutti i robot per la verniciatura industriale e automazioni.\" \/>\n<meta property=\"og:url\" content=\"https:\/\/www.lesta.it\/fr\/catalogue\/\" \/>\n<meta property=\"og:site_name\" content=\"Lesta\" \/>\n<meta property=\"article:modified_time\" content=\"2026-03-09T15:55:54+00:00\" \/>\n<meta property=\"og:image\" content=\"https:\/\/www.lesta.it\/wp-content\/uploads\/2022\/02\/FotoContattaci-1.png\" \/>\n\t<meta property=\"og:image:width\" content=\"710\" \/>\n\t<meta property=\"og:image:height\" content=\"611\" \/>\n\t<meta property=\"og:image:type\" content=\"image\/png\" \/>\n<meta name=\"twitter:card\" content=\"summary_large_image\" \/>\n<meta name=\"twitter:label1\" content=\"Dur\u00e9e de lecture estim\u00e9e\" \/>\n\t<meta name=\"twitter:data1\" content=\"1 minute\" \/>\n<script type=\"application\/ld+json\" class=\"yoast-schema-graph\">{\"@context\":\"https:\/\/schema.org\",\"@graph\":[{\"@type\":\"WebPage\",\"@id\":\"https:\/\/www.lesta.it\/fr\/catalogue\/\",\"url\":\"https:\/\/www.lesta.it\/fr\/catalogue\/\",\"name\":\"Sfoglia tutti i nostri cataloghi | Lesta\",\"isPartOf\":{\"@id\":\"https:\/\/www.lesta.it\/fr\/#website\"},\"datePublished\":\"2022-03-28T15:47:25+00:00\",\"dateModified\":\"2026-03-09T15:55:54+00:00\",\"description\":\"Sfoglia i nostri cataloghi contenenti tutti i robot per la verniciatura industriale e automazioni.\",\"breadcrumb\":{\"@id\":\"https:\/\/www.lesta.it\/fr\/catalogue\/#breadcrumb\"},\"inLanguage\":\"fr-FR\",\"potentialAction\":[{\"@type\":\"ReadAction\",\"target\":[\"https:\/\/www.lesta.it\/fr\/catalogue\/\"]}]},{\"@type\":\"BreadcrumbList\",\"@id\":\"https:\/\/www.lesta.it\/fr\/catalogue\/#breadcrumb\",\"itemListElement\":[{\"@type\":\"ListItem\",\"position\":1,\"name\":\"Home\",\"item\":\"https:\/\/www.lesta.it\/fr\/\"},{\"@type\":\"ListItem\",\"position\":2,\"name\":\"Catalogue\"}]},{\"@type\":\"WebSite\",\"@id\":\"https:\/\/www.lesta.it\/fr\/#website\",\"url\":\"https:\/\/www.lesta.it\/fr\/\",\"name\":\"Lesta\",\"description\":\"Your smart robotic finishing\",\"publisher\":{\"@id\":\"https:\/\/www.lesta.it\/fr\/#organization\"},\"potentialAction\":[{\"@type\":\"SearchAction\",\"target\":{\"@type\":\"EntryPoint\",\"urlTemplate\":\"https:\/\/www.lesta.it\/fr\/?s={search_term_string}\"},\"query-input\":{\"@type\":\"PropertyValueSpecification\",\"valueRequired\":true,\"valueName\":\"search_term_string\"}}],\"inLanguage\":\"fr-FR\"},{\"@type\":\"Organization\",\"@id\":\"https:\/\/www.lesta.it\/fr\/#organization\",\"name\":\"Lesta\",\"url\":\"https:\/\/www.lesta.it\/fr\/\",\"logo\":{\"@type\":\"ImageObject\",\"inLanguage\":\"fr-FR\",\"@id\":\"https:\/\/www.lesta.it\/fr\/#\/schema\/logo\/image\/\",\"url\":\"https:\/\/lesta.it\/wp-content\/uploads\/2022\/02\/FotoContattaci-1.png\",\"contentUrl\":\"https:\/\/lesta.it\/wp-content\/uploads\/2022\/02\/FotoContattaci-1.png\",\"width\":710,\"height\":611,\"caption\":\"Lesta\"},\"image\":{\"@id\":\"https:\/\/www.lesta.it\/fr\/#\/schema\/logo\/image\/\"}}]}<\/script>\n<!-- \/ Yoast SEO plugin. -->","yoast_head_json":{"title":"Sfoglia tutti i nostri cataloghi | Lesta","description":"Sfoglia i nostri cataloghi contenenti tutti i robot per la verniciatura industriale e automazioni.","robots":{"index":"index","follow":"follow","max-snippet":"max-snippet:-1","max-image-preview":"max-image-preview:large","max-video-preview":"max-video-preview:-1"},"canonical":"https:\/\/www.lesta.it\/fr\/catalogue\/","og_locale":"fr_FR","og_type":"article","og_title":"Sfoglia tutti i nostri cataloghi | Lesta","og_description":"Sfoglia i nostri cataloghi contenenti tutti i robot per la verniciatura industriale e automazioni.","og_url":"https:\/\/www.lesta.it\/fr\/catalogue\/","og_site_name":"Lesta","article_modified_time":"2026-03-09T15:55:54+00:00","og_image":[{"width":710,"height":611,"url":"https:\/\/www.lesta.it\/wp-content\/uploads\/2022\/02\/FotoContattaci-1.png","type":"image\/png"}],"twitter_card":"summary_large_image","twitter_misc":{"Dur\u00e9e de lecture estim\u00e9e":"1 minute"},"schema":{"@context":"https:\/\/schema.org","@graph":[{"@type":"WebPage","@id":"https:\/\/www.lesta.it\/fr\/catalogue\/","url":"https:\/\/www.lesta.it\/fr\/catalogue\/","name":"Sfoglia tutti i nostri cataloghi | Lesta","isPartOf":{"@id":"https:\/\/www.lesta.it\/fr\/#website"},"datePublished":"2022-03-28T15:47:25+00:00","dateModified":"2026-03-09T15:55:54+00:00","description":"Sfoglia i nostri cataloghi contenenti tutti i robot per la verniciatura industriale e automazioni.","breadcrumb":{"@id":"https:\/\/www.lesta.it\/fr\/catalogue\/#breadcrumb"},"inLanguage":"fr-FR","potentialAction":[{"@type":"ReadAction","target":["https:\/\/www.lesta.it\/fr\/catalogue\/"]}]},{"@type":"BreadcrumbList","@id":"https:\/\/www.lesta.it\/fr\/catalogue\/#breadcrumb","itemListElement":[{"@type":"ListItem","position":1,"name":"Home","item":"https:\/\/www.lesta.it\/fr\/"},{"@type":"ListItem","position":2,"name":"Catalogue"}]},{"@type":"WebSite","@id":"https:\/\/www.lesta.it\/fr\/#website","url":"https:\/\/www.lesta.it\/fr\/","name":"Lesta","description":"Your smart robotic finishing","publisher":{"@id":"https:\/\/www.lesta.it\/fr\/#organization"},"potentialAction":[{"@type":"SearchAction","target":{"@type":"EntryPoint","urlTemplate":"https:\/\/www.lesta.it\/fr\/?s={search_term_string}"},"query-input":{"@type":"PropertyValueSpecification","valueRequired":true,"valueName":"search_term_string"}}],"inLanguage":"fr-FR"},{"@type":"Organization","@id":"https:\/\/www.lesta.it\/fr\/#organization","name":"Lesta","url":"https:\/\/www.lesta.it\/fr\/","logo":{"@type":"ImageObject","inLanguage":"fr-FR","@id":"https:\/\/www.lesta.it\/fr\/#\/schema\/logo\/image\/","url":"https:\/\/lesta.it\/wp-content\/uploads\/2022\/02\/FotoContattaci-1.png","contentUrl":"https:\/\/lesta.it\/wp-content\/uploads\/2022\/02\/FotoContattaci-1.png","width":710,"height":611,"caption":"Lesta"},"image":{"@id":"https:\/\/www.lesta.it\/fr\/#\/schema\/logo\/image\/"}}]}},"_links":{"self":[{"href":"https:\/\/www.lesta.it\/fr\/wp-json\/wp\/v2\/pages\/6228","targetHints":{"allow":["GET"]}}],"collection":[{"href":"https:\/\/www.lesta.it\/fr\/wp-json\/wp\/v2\/pages"}],"about":[{"href":"https:\/\/www.lesta.it\/fr\/wp-json\/wp\/v2\/types\/page"}],"author":[{"embeddable":true,"href":"https:\/\/www.lesta.it\/fr\/wp-json\/wp\/v2\/users\/1"}],"replies":[{"embeddable":true,"href":"https:\/\/www.lesta.it\/fr\/wp-json\/wp\/v2\/comments?post=6228"}],"version-history":[{"count":1,"href":"https:\/\/www.lesta.it\/fr\/wp-json\/wp\/v2\/pages\/6228\/revisions"}],"predecessor-version":[{"id":6229,"href":"https:\/\/www.lesta.it\/fr\/wp-json\/wp\/v2\/pages\/6228\/revisions\/6229"}],"wp:attachment":[{"href":"https:\/\/www.lesta.it\/fr\/wp-json\/wp\/v2\/media?parent=6228"}],"curies":[{"name":"wp","href":"https:\/\/api.w.org\/{rel}","templated":true}]}}