{"id":6155,"date":"2024-07-16T10:43:35","date_gmt":"2024-07-16T08:43:35","guid":{"rendered":"https:\/\/www.lesta.it\/pronto-intervento\/"},"modified":"2026-03-09T15:14:16","modified_gmt":"2026-03-09T14:14:16","slug":"intervention-rapide-lesta","status":"publish","type":"page","link":"https:\/\/www.lesta.it\/fr\/intervention-rapide-lesta\/","title":{"rendered":"Intervention rapide Lesta"},"content":{"rendered":"\n<div class=\"wpcf7 no-js\" id=\"wpcf7-f6157-o1\" lang=\"fr-FR\" dir=\"ltr\" data-wpcf7-id=\"6157\">\n<div class=\"screen-reader-response\"><p role=\"status\" aria-live=\"polite\" aria-atomic=\"true\"><\/p> <ul><\/ul><\/div>\n<form action=\"\/fr\/wp-json\/wp\/v2\/pages\/6155#wpcf7-f6157-o1\" method=\"post\" class=\"wpcf7-form init\" aria-label=\"Formulaire de contact\" enctype=\"multipart\/form-data\" novalidate=\"novalidate\" data-status=\"init\">\n<div style=\"display: none;\">\n<input type=\"hidden\" name=\"_wpcf7\" value=\"6157\" \/>\n<input type=\"hidden\" name=\"_wpcf7_version\" value=\"6.0.3\" \/>\n<input type=\"hidden\" name=\"_wpcf7_locale\" value=\"fr_FR\" \/>\n<input type=\"hidden\" name=\"_wpcf7_unit_tag\" value=\"wpcf7-f6157-o1\" \/>\n<input type=\"hidden\" name=\"_wpcf7_container_post\" value=\"0\" \/>\n<input type=\"hidden\" name=\"_wpcf7_posted_data_hash\" value=\"\" \/>\n<input type=\"hidden\" name=\"_wpcf7_recaptcha_response\" value=\"\" \/>\n<\/div>\n<h2 class=\"text-center mb-4\">Aidez-nous \u00e0 r\u00e9soudre le probl\u00e8me<\/h2>\n  \n  <div class=\"row mb-3 align-items-center g-3\">\n    <div class=\"col-md-6 lh-sm text-md-end\">\n      <span class=\"fw-bold t4\">01. Num\u00e9ro de s\u00e9rie du robot: *\n<\/span><br><span class=\"desc2\">Indiqu\u00e9 sur la plaque situ\u00e9e sur le c\u00f4t\u00e9 du robot.<\/span>\n    <\/div>\n    <div class=\"col-md-6\"><span class=\"wpcf7-form-control-wrap\" data-name=\"cf-sn-robot\"><input size=\"40\" maxlength=\"400\" class=\"wpcf7-form-control wpcf7-text wpcf7-validates-as-required\" aria-required=\"true\" aria-invalid=\"false\" value=\"\" type=\"text\" name=\"cf-sn-robot\" \/><\/span><\/div>\n  <\/div>\n\n  <div class=\"row mb-3 align-items-center g-3\">\n    <div class=\"col-md-6 text-md-end\">\n      <span class=\"fw-bold t4\">02. Description du probl\u00e8me: *<\/span>\n    <\/div>\n    <div class=\"col-md-6\"><span class=\"wpcf7-form-control-wrap\" data-name=\"cf-descrizione-problema\"><textarea cols=\"40\" rows=\"10\" maxlength=\"2000\" class=\"wpcf7-form-control wpcf7-textarea wpcf7-validates-as-required\" aria-required=\"true\" aria-invalid=\"false\" name=\"cf-descrizione-problema\"><\/textarea><\/span><\/div>\n  <\/div>\n\n  <div class=\"row mb-3 align-items-center g-3\">\n    <div class=\"col-md-6 text-md-end\">\n      <span class=\"fw-bold t4\">03. Y a-t-il des messages sur la page F6-alarmes? *\n<\/span><br><span class=\"desc2\">Si oui, lesquels?<\/span>\n    <\/div>\n    <div class=\"col-md-6\">\n      <span class=\"wpcf7-form-control-wrap\" data-name=\"cf-f6-allarmi\"><span class=\"wpcf7-form-control wpcf7-radio\"><span class=\"wpcf7-list-item first\"><label><input type=\"radio\" name=\"cf-f6-allarmi\" value=\"NON\" checked=\"checked\" \/><span class=\"wpcf7-list-item-label\">NON<\/span><\/label><\/span><span class=\"wpcf7-list-item last\"><label><input type=\"radio\" name=\"cf-f6-allarmi\" value=\"OUI\" \/><span class=\"wpcf7-list-item-label\">OUI<\/span><\/label><\/span><\/span><\/span><br>\n      <span class=\"wpcf7-form-control-wrap\" data-name=\"cf-f6-allarmi-quali\"><input size=\"40\" maxlength=\"400\" class=\"wpcf7-form-control wpcf7-text\" aria-invalid=\"false\" value=\"\" type=\"text\" name=\"cf-f6-allarmi-quali\" \/><\/span>\n    <\/div>\n  <\/div>\n\n  <div class=\"row mb-3 align-items-center g-3\">\n    <div class=\"col-md-6 text-md-end\">\n      <span class=\"fw-bold t4\">04. Avez-vous des captures d'\u00e9cran ou des vid\u00e9os du probl\u00e8me?<\/span>\n    <\/div>\n<div class=\"col-md-6\"><span class=\"wpcf7-form-control-wrap\" data-name=\"cf-screenshot-video\"><input size=\"40\" class=\"wpcf7-form-control wpcf7-file\" accept=\"audio\/*,video\/*,image\/*\" aria-invalid=\"false\" type=\"file\" name=\"cf-screenshot-video\" \/><\/span><\/div>\n\n  <\/div>\n\n  <div class=\"row mb-3 align-items-center g-3\">\n    <div class=\"col-md-6 text-md-end\">\n      <span class=\"fw-bold t4\">05. Le robot est-il \u00e0 l'arr\u00eat ou pouvez-vous travailler? *<\/span>\n    <\/div>\n    <div class=\"col-md-6\">\n      <span class=\"wpcf7-form-control-wrap\" data-name=\"cf-stato-robot\"><span class=\"wpcf7-form-control wpcf7-radio\"><span class=\"wpcf7-list-item first\"><label><input type=\"radio\" name=\"cf-stato-robot\" value=\"ARR\u00caT\u00c9\" \/><span class=\"wpcf7-list-item-label\">ARR\u00caT\u00c9<\/span><\/label><\/span><span class=\"wpcf7-list-item last\"><label><input type=\"radio\" name=\"cf-stato-robot\" value=\"Nous pouvons travailler\" \/><span class=\"wpcf7-list-item-label\">Nous pouvons travailler<\/span><\/label><\/span><\/span><\/span>\n    <\/div>\n  <\/div>\n\n  <div class=\"row mb-3 align-items-center g-3\">\n    <div class=\"col-md-6 text-md-end\">\n      <span class=\"fw-bold t4\">06. Nom du contact: *<\/span>\n    <\/div>\n    <div class=\"col-md-6\"><span class=\"wpcf7-form-control-wrap\" data-name=\"cf-nominativo\"><input size=\"40\" maxlength=\"400\" class=\"wpcf7-form-control wpcf7-text wpcf7-validates-as-required\" aria-required=\"true\" aria-invalid=\"false\" value=\"\" type=\"text\" name=\"cf-nominativo\" \/><\/span><\/div>\n  <\/div>\n\n<div class=\"row mb-3 align-items-center g-3\">\n    <div class=\"col-md-6 text-md-end\">\n      <span class=\"fw-bold t4\">07. Entreprise: *<\/span>\n    <\/div>\n    <div class=\"col-md-6\"><span class=\"wpcf7-form-control-wrap\" data-name=\"cf-azienda\"><input size=\"40\" maxlength=\"400\" class=\"wpcf7-form-control wpcf7-text wpcf7-validates-as-required\" aria-required=\"true\" aria-invalid=\"false\" value=\"\" type=\"text\" name=\"cf-azienda\" \/><\/span><\/div>\n  <\/div>\n\n<div class=\"row mb-3 align-items-center g-3\">\n    <div class=\"col-md-6 text-md-end\">\n      <span class=\"fw-bold t4\">08. Site web de l'entreprise:<\/span>\n    <\/div>\n    <div class=\"col-md-6\"><span class=\"wpcf7-form-control-wrap\" data-name=\"cf-sito\"><input size=\"40\" maxlength=\"400\" class=\"wpcf7-form-control wpcf7-text\" aria-invalid=\"false\" value=\"\" type=\"text\" name=\"cf-sito\" \/><\/span><\/div>\n  <\/div>\n\n  <div class=\"row mb-3 align-items-center g-3\">\n    <div class=\"col-md-6 text-md-end\">\n      <span class=\"fw-bold t4\">09. Num\u00e9ro de t\u00e9l\u00e9phone: *<\/span>\n    <\/div>\n    <div class=\"col-md-6\"><span class=\"wpcf7-form-control-wrap\" data-name=\"cf-telefono\"><input size=\"40\" maxlength=\"400\" class=\"wpcf7-form-control wpcf7-tel wpcf7-validates-as-required wpcf7-text wpcf7-validates-as-tel\" aria-required=\"true\" aria-invalid=\"false\" value=\"\" type=\"tel\" name=\"cf-telefono\" \/><\/span><\/div>\n  <\/div>\n\n  <div class=\"row mb-3 align-items-center g-3\">\n    <div class=\"col-md-6 text-md-end\">\n      <span class=\"fw-bold t4\">10. E-mail: *<\/span>\n    <\/div>\n    <div class=\"col-md-6\"><span class=\"wpcf7-form-control-wrap\" data-name=\"cf-email\"><input size=\"40\" maxlength=\"400\" class=\"wpcf7-form-control wpcf7-email wpcf7-validates-as-required wpcf7-text wpcf7-validates-as-email\" aria-required=\"true\" aria-invalid=\"false\" value=\"\" type=\"email\" name=\"cf-email\" \/><\/span><\/div>\n  <\/div>\n\n<div class=\"row\">\n<div class=\"col-md-6 offset-md-6 mb-4 pr-0\">\n<div class=\"form-checkbox\"><span class=\"wpcf7-form-control-wrap\" data-name=\"cf-privacy\"><span class=\"wpcf7-form-control wpcf7-acceptance\"><span class=\"wpcf7-list-item\"><label><input type=\"checkbox\" name=\"cf-privacy\" value=\"1\" aria-invalid=\"false\" \/><span class=\"wpcf7-list-item-label\">J'ai lu et j'accepte la \n <a href=\"https:\/\/www.iubenda.com\/privacy-policy\/65815357\" class=\"iubenda-nostyle no-brand iubenda-embed\" target=\"_blank\">politique de confidentialit\u00e9<\/a><\/span><\/label><\/span><\/span><\/span><\/div>\n<div class=\"form-checkbox\"><span class=\"wpcf7-form-control-wrap\" data-name=\"cf-dati\"><span class=\"wpcf7-form-control wpcf7-checkbox\"><span class=\"wpcf7-list-item first last\"><label><input type=\"checkbox\" name=\"cf-dati[]\" value=\"J&#039;autorise le traitement des donn\u00e9es \u00e0 des fins d&#039;information et de marketing \u00e0 l&#039;aide d&#039;outils automatis\u00e9s et non automatis\u00e9s\" \/><span class=\"wpcf7-list-item-label\">J&#039;autorise le traitement des donn\u00e9es \u00e0 des fins d&#039;information et de marketing \u00e0 l&#039;aide d&#039;outils automatis\u00e9s et non automatis\u00e9s<\/span><\/label><\/span><\/span><\/span><\/div><\/div>\n<\/div>\n\n  <div class=\"row\">\n    <div class=\"col-md-6 offset-md-6\"><small>* Champs obligatoires<\/small><br><div class=\"main-cta main-cta--filled-tertiary justify-content-end\"><input class=\"wpcf7-form-control wpcf7-submit has-spinner submit\" type=\"submit\" value=\"Envoyer le formulaireo\" \/><\/div>\n    <\/div>\n  <\/div><div class=\"wpcf7-response-output\" aria-hidden=\"true\"><\/div>\n<\/form>\n<\/div>\n\n","protected":false},"excerpt":{"rendered":"<\/p>\n","protected":false},"author":1,"featured_media":0,"parent":0,"menu_order":0,"comment_status":"closed","ping_status":"closed","template":"page-templates\/page-empty.php","meta":{"_acf_changed":false,"inline_featured_image":false,"footnotes":""},"class_list":["post-6155","page","type-page","status-publish","hentry"],"acf":[],"yoast_head":"<!-- This site is optimized with the Yoast SEO plugin v24.8.1 - https:\/\/yoast.com\/wordpress\/plugins\/seo\/ -->\n<title>Intervention rapide Lesta - Lesta<\/title>\n<meta name=\"robots\" content=\"index, follow, max-snippet:-1, max-image-preview:large, max-video-preview:-1\" \/>\n<link rel=\"canonical\" href=\"https:\/\/www.lesta.it\/fr\/intervention-rapide-lesta\/\" \/>\n<meta property=\"og:locale\" content=\"fr_FR\" \/>\n<meta property=\"og:type\" content=\"article\" \/>\n<meta property=\"og:title\" content=\"Intervention rapide Lesta - Lesta\" \/>\n<meta property=\"og:url\" content=\"https:\/\/www.lesta.it\/fr\/intervention-rapide-lesta\/\" \/>\n<meta property=\"og:site_name\" content=\"Lesta\" \/>\n<meta property=\"article:modified_time\" content=\"2026-03-09T14:14:16+00:00\" \/>\n<meta property=\"og:image\" content=\"https:\/\/www.lesta.it\/wp-content\/uploads\/2022\/02\/FotoContattaci-1.png\" \/>\n\t<meta property=\"og:image:width\" content=\"710\" \/>\n\t<meta property=\"og:image:height\" content=\"611\" \/>\n\t<meta property=\"og:image:type\" content=\"image\/png\" \/>\n<meta name=\"twitter:card\" content=\"summary_large_image\" \/>\n<script type=\"application\/ld+json\" class=\"yoast-schema-graph\">{\"@context\":\"https:\/\/schema.org\",\"@graph\":[{\"@type\":\"WebPage\",\"@id\":\"https:\/\/www.lesta.it\/fr\/intervention-rapide-lesta\/\",\"url\":\"https:\/\/www.lesta.it\/fr\/intervention-rapide-lesta\/\",\"name\":\"Intervention rapide Lesta - Lesta\",\"isPartOf\":{\"@id\":\"https:\/\/www.lesta.it\/fr\/#website\"},\"datePublished\":\"2024-07-16T08:43:35+00:00\",\"dateModified\":\"2026-03-09T14:14:16+00:00\",\"breadcrumb\":{\"@id\":\"https:\/\/www.lesta.it\/fr\/intervention-rapide-lesta\/#breadcrumb\"},\"inLanguage\":\"fr-FR\",\"potentialAction\":[{\"@type\":\"ReadAction\",\"target\":[\"https:\/\/www.lesta.it\/fr\/intervention-rapide-lesta\/\"]}]},{\"@type\":\"BreadcrumbList\",\"@id\":\"https:\/\/www.lesta.it\/fr\/intervention-rapide-lesta\/#breadcrumb\",\"itemListElement\":[{\"@type\":\"ListItem\",\"position\":1,\"name\":\"Home\",\"item\":\"https:\/\/www.lesta.it\/fr\/\"},{\"@type\":\"ListItem\",\"position\":2,\"name\":\"Intervention rapide Lesta\"}]},{\"@type\":\"WebSite\",\"@id\":\"https:\/\/www.lesta.it\/fr\/#website\",\"url\":\"https:\/\/www.lesta.it\/fr\/\",\"name\":\"Lesta\",\"description\":\"Your smart robotic finishing\",\"publisher\":{\"@id\":\"https:\/\/www.lesta.it\/fr\/#organization\"},\"potentialAction\":[{\"@type\":\"SearchAction\",\"target\":{\"@type\":\"EntryPoint\",\"urlTemplate\":\"https:\/\/www.lesta.it\/fr\/?s={search_term_string}\"},\"query-input\":{\"@type\":\"PropertyValueSpecification\",\"valueRequired\":true,\"valueName\":\"search_term_string\"}}],\"inLanguage\":\"fr-FR\"},{\"@type\":\"Organization\",\"@id\":\"https:\/\/www.lesta.it\/fr\/#organization\",\"name\":\"Lesta\",\"url\":\"https:\/\/www.lesta.it\/fr\/\",\"logo\":{\"@type\":\"ImageObject\",\"inLanguage\":\"fr-FR\",\"@id\":\"https:\/\/www.lesta.it\/fr\/#\/schema\/logo\/image\/\",\"url\":\"https:\/\/lesta.it\/wp-content\/uploads\/2022\/02\/FotoContattaci-1.png\",\"contentUrl\":\"https:\/\/lesta.it\/wp-content\/uploads\/2022\/02\/FotoContattaci-1.png\",\"width\":710,\"height\":611,\"caption\":\"Lesta\"},\"image\":{\"@id\":\"https:\/\/www.lesta.it\/fr\/#\/schema\/logo\/image\/\"}}]}<\/script>\n<!-- \/ Yoast SEO plugin. -->","yoast_head_json":{"title":"Intervention rapide Lesta - Lesta","robots":{"index":"index","follow":"follow","max-snippet":"max-snippet:-1","max-image-preview":"max-image-preview:large","max-video-preview":"max-video-preview:-1"},"canonical":"https:\/\/www.lesta.it\/fr\/intervention-rapide-lesta\/","og_locale":"fr_FR","og_type":"article","og_title":"Intervention rapide Lesta - Lesta","og_url":"https:\/\/www.lesta.it\/fr\/intervention-rapide-lesta\/","og_site_name":"Lesta","article_modified_time":"2026-03-09T14:14:16+00:00","og_image":[{"width":710,"height":611,"url":"https:\/\/www.lesta.it\/wp-content\/uploads\/2022\/02\/FotoContattaci-1.png","type":"image\/png"}],"twitter_card":"summary_large_image","schema":{"@context":"https:\/\/schema.org","@graph":[{"@type":"WebPage","@id":"https:\/\/www.lesta.it\/fr\/intervention-rapide-lesta\/","url":"https:\/\/www.lesta.it\/fr\/intervention-rapide-lesta\/","name":"Intervention rapide Lesta - Lesta","isPartOf":{"@id":"https:\/\/www.lesta.it\/fr\/#website"},"datePublished":"2024-07-16T08:43:35+00:00","dateModified":"2026-03-09T14:14:16+00:00","breadcrumb":{"@id":"https:\/\/www.lesta.it\/fr\/intervention-rapide-lesta\/#breadcrumb"},"inLanguage":"fr-FR","potentialAction":[{"@type":"ReadAction","target":["https:\/\/www.lesta.it\/fr\/intervention-rapide-lesta\/"]}]},{"@type":"BreadcrumbList","@id":"https:\/\/www.lesta.it\/fr\/intervention-rapide-lesta\/#breadcrumb","itemListElement":[{"@type":"ListItem","position":1,"name":"Home","item":"https:\/\/www.lesta.it\/fr\/"},{"@type":"ListItem","position":2,"name":"Intervention rapide Lesta"}]},{"@type":"WebSite","@id":"https:\/\/www.lesta.it\/fr\/#website","url":"https:\/\/www.lesta.it\/fr\/","name":"Lesta","description":"Your smart robotic finishing","publisher":{"@id":"https:\/\/www.lesta.it\/fr\/#organization"},"potentialAction":[{"@type":"SearchAction","target":{"@type":"EntryPoint","urlTemplate":"https:\/\/www.lesta.it\/fr\/?s={search_term_string}"},"query-input":{"@type":"PropertyValueSpecification","valueRequired":true,"valueName":"search_term_string"}}],"inLanguage":"fr-FR"},{"@type":"Organization","@id":"https:\/\/www.lesta.it\/fr\/#organization","name":"Lesta","url":"https:\/\/www.lesta.it\/fr\/","logo":{"@type":"ImageObject","inLanguage":"fr-FR","@id":"https:\/\/www.lesta.it\/fr\/#\/schema\/logo\/image\/","url":"https:\/\/lesta.it\/wp-content\/uploads\/2022\/02\/FotoContattaci-1.png","contentUrl":"https:\/\/lesta.it\/wp-content\/uploads\/2022\/02\/FotoContattaci-1.png","width":710,"height":611,"caption":"Lesta"},"image":{"@id":"https:\/\/www.lesta.it\/fr\/#\/schema\/logo\/image\/"}}]}},"_links":{"self":[{"href":"https:\/\/www.lesta.it\/fr\/wp-json\/wp\/v2\/pages\/6155","targetHints":{"allow":["GET"]}}],"collection":[{"href":"https:\/\/www.lesta.it\/fr\/wp-json\/wp\/v2\/pages"}],"about":[{"href":"https:\/\/www.lesta.it\/fr\/wp-json\/wp\/v2\/types\/page"}],"author":[{"embeddable":true,"href":"https:\/\/www.lesta.it\/fr\/wp-json\/wp\/v2\/users\/1"}],"replies":[{"embeddable":true,"href":"https:\/\/www.lesta.it\/fr\/wp-json\/wp\/v2\/comments?post=6155"}],"version-history":[{"count":2,"href":"https:\/\/www.lesta.it\/fr\/wp-json\/wp\/v2\/pages\/6155\/revisions"}],"predecessor-version":[{"id":6158,"href":"https:\/\/www.lesta.it\/fr\/wp-json\/wp\/v2\/pages\/6155\/revisions\/6158"}],"wp:attachment":[{"href":"https:\/\/www.lesta.it\/fr\/wp-json\/wp\/v2\/media?parent=6155"}],"curies":[{"name":"wp","href":"https:\/\/api.w.org\/{rel}","templated":true}]}}