{"id":5963,"date":"2022-08-31T10:59:22","date_gmt":"2022-08-31T08:59:22","guid":{"rendered":"https:\/\/www.lesta.it\/accessori\/"},"modified":"2026-03-09T12:06:07","modified_gmt":"2026-03-09T11:06:07","slug":"accessoires","status":"publish","type":"page","link":"https:\/\/www.lesta.it\/fr\/accessoires\/","title":{"rendered":"Accessoires"},"content":{"rendered":"","protected":false},"excerpt":{"rendered":"<\/p>\n","protected":false},"author":1,"featured_media":5964,"parent":0,"menu_order":0,"comment_status":"closed","ping_status":"closed","template":"page-templates\/page-listato-prodotti.php","meta":{"_acf_changed":false,"inline_featured_image":false,"footnotes":""},"class_list":["post-5963","page","type-page","status-publish","has-post-thumbnail","hentry"],"acf":[],"yoast_head":"<!-- This site is optimized with the Yoast SEO plugin v24.8.1 - https:\/\/yoast.com\/wordpress\/plugins\/seo\/ -->\n<title>Accessori impianti di verniciatura Accessoires robot - Lesta<\/title>\n<meta name=\"description\" content=\"Scopri gli accessori per impianti di verniciatura, ideali per ampliare il campo di applicazione dei robot Lesta, migliorandone le performance.\" \/>\n<meta name=\"robots\" content=\"index, follow, max-snippet:-1, max-image-preview:large, max-video-preview:-1\" \/>\n<link rel=\"canonical\" href=\"https:\/\/www.lesta.it\/fr\/accessoires\/\" \/>\n<meta property=\"og:locale\" content=\"fr_FR\" \/>\n<meta property=\"og:type\" content=\"article\" \/>\n<meta property=\"og:title\" content=\"Accessori impianti di verniciatura Accessoires robot - Lesta\" \/>\n<meta property=\"og:description\" content=\"Scopri gli accessori per impianti di verniciatura, ideali per ampliare il campo di applicazione dei robot Lesta, migliorandone le performance.\" \/>\n<meta property=\"og:url\" content=\"https:\/\/www.lesta.it\/fr\/accessoires\/\" \/>\n<meta property=\"og:site_name\" content=\"Lesta\" \/>\n<meta property=\"article:modified_time\" content=\"2026-03-09T11:06:07+00:00\" \/>\n<meta property=\"og:image\" content=\"https:\/\/www.lesta.it\/wp-content\/uploads\/2024\/08\/ImageMATCH-2D-02-anteprima-listato.jpg\" \/>\n\t<meta property=\"og:image:width\" content=\"700\" \/>\n\t<meta property=\"og:image:height\" content=\"700\" \/>\n\t<meta property=\"og:image:type\" content=\"image\/jpeg\" \/>\n<meta name=\"twitter:card\" content=\"summary_large_image\" \/>\n<script type=\"application\/ld+json\" class=\"yoast-schema-graph\">{\"@context\":\"https:\/\/schema.org\",\"@graph\":[{\"@type\":\"WebPage\",\"@id\":\"https:\/\/www.lesta.it\/fr\/accessoires\/\",\"url\":\"https:\/\/www.lesta.it\/fr\/accessoires\/\",\"name\":\"Accessori impianti di verniciatura Accessoires robot - Lesta\",\"isPartOf\":{\"@id\":\"https:\/\/www.lesta.it\/fr\/#website\"},\"primaryImageOfPage\":{\"@id\":\"https:\/\/www.lesta.it\/fr\/accessoires\/#primaryimage\"},\"image\":{\"@id\":\"https:\/\/www.lesta.it\/fr\/accessoires\/#primaryimage\"},\"thumbnailUrl\":\"https:\/\/www.lesta.it\/wp-content\/uploads\/2024\/08\/ImageMATCH-2D-02-anteprima-listato.jpg\",\"datePublished\":\"2022-08-31T08:59:22+00:00\",\"dateModified\":\"2026-03-09T11:06:07+00:00\",\"description\":\"Scopri gli accessori per impianti di verniciatura, ideali per ampliare il campo di applicazione dei robot Lesta, migliorandone le performance.\",\"breadcrumb\":{\"@id\":\"https:\/\/www.lesta.it\/fr\/accessoires\/#breadcrumb\"},\"inLanguage\":\"fr-FR\",\"potentialAction\":[{\"@type\":\"ReadAction\",\"target\":[\"https:\/\/www.lesta.it\/fr\/accessoires\/\"]}]},{\"@type\":\"ImageObject\",\"inLanguage\":\"fr-FR\",\"@id\":\"https:\/\/www.lesta.it\/fr\/accessoires\/#primaryimage\",\"url\":\"https:\/\/www.lesta.it\/wp-content\/uploads\/2024\/08\/ImageMATCH-2D-02-anteprima-listato.jpg\",\"contentUrl\":\"https:\/\/www.lesta.it\/wp-content\/uploads\/2024\/08\/ImageMATCH-2D-02-anteprima-listato.jpg\",\"width\":700,\"height\":700,\"caption\":\"Sistema di verniciatura autonoma con riconoscimento pezzo. Image MATCH 2D \u00e8 un sistema composto da un software dedicato e di una coppia di barriere fotoelettriche, utilizzato su linea in grado di identificare le superfici 2D dei pezzi e associare il programma di verniciatura corrispondente. In una prima fase di lavoro vengono insegnate le verniciature per ogni tipo di pezzo, dopodich\u00e8 \u00e8 semplicemente necessario caricare la linea di approvvigionamento con i pezzi da verniciare. Image MATCH 2D si occuper\u00e0 di riconoscere i pezzi, associarli agli insegnamenti corrispondenti e di verniciare. Questo sistema \u00e8 adatto ad impianti di verniciatura e finitura industriale sia a liquido che a polvere.\"},{\"@type\":\"BreadcrumbList\",\"@id\":\"https:\/\/www.lesta.it\/fr\/accessoires\/#breadcrumb\",\"itemListElement\":[{\"@type\":\"ListItem\",\"position\":1,\"name\":\"Home\",\"item\":\"https:\/\/www.lesta.it\/fr\/\"},{\"@type\":\"ListItem\",\"position\":2,\"name\":\"Accessoires\"}]},{\"@type\":\"WebSite\",\"@id\":\"https:\/\/www.lesta.it\/fr\/#website\",\"url\":\"https:\/\/www.lesta.it\/fr\/\",\"name\":\"Lesta\",\"description\":\"Your smart robotic finishing\",\"publisher\":{\"@id\":\"https:\/\/www.lesta.it\/fr\/#organization\"},\"potentialAction\":[{\"@type\":\"SearchAction\",\"target\":{\"@type\":\"EntryPoint\",\"urlTemplate\":\"https:\/\/www.lesta.it\/fr\/?s={search_term_string}\"},\"query-input\":{\"@type\":\"PropertyValueSpecification\",\"valueRequired\":true,\"valueName\":\"search_term_string\"}}],\"inLanguage\":\"fr-FR\"},{\"@type\":\"Organization\",\"@id\":\"https:\/\/www.lesta.it\/fr\/#organization\",\"name\":\"Lesta\",\"url\":\"https:\/\/www.lesta.it\/fr\/\",\"logo\":{\"@type\":\"ImageObject\",\"inLanguage\":\"fr-FR\",\"@id\":\"https:\/\/www.lesta.it\/fr\/#\/schema\/logo\/image\/\",\"url\":\"https:\/\/lesta.it\/wp-content\/uploads\/2022\/02\/FotoContattaci-1.png\",\"contentUrl\":\"https:\/\/lesta.it\/wp-content\/uploads\/2022\/02\/FotoContattaci-1.png\",\"width\":710,\"height\":611,\"caption\":\"Lesta\"},\"image\":{\"@id\":\"https:\/\/www.lesta.it\/fr\/#\/schema\/logo\/image\/\"}}]}<\/script>\n<!-- \/ Yoast SEO plugin. -->","yoast_head_json":{"title":"Accessori impianti di verniciatura Accessoires robot - Lesta","description":"Scopri gli accessori per impianti di verniciatura, ideali per ampliare il campo di applicazione dei robot Lesta, migliorandone le performance.","robots":{"index":"index","follow":"follow","max-snippet":"max-snippet:-1","max-image-preview":"max-image-preview:large","max-video-preview":"max-video-preview:-1"},"canonical":"https:\/\/www.lesta.it\/fr\/accessoires\/","og_locale":"fr_FR","og_type":"article","og_title":"Accessori impianti di verniciatura Accessoires robot - Lesta","og_description":"Scopri gli accessori per impianti di verniciatura, ideali per ampliare il campo di applicazione dei robot Lesta, migliorandone le performance.","og_url":"https:\/\/www.lesta.it\/fr\/accessoires\/","og_site_name":"Lesta","article_modified_time":"2026-03-09T11:06:07+00:00","og_image":[{"width":700,"height":700,"url":"https:\/\/www.lesta.it\/wp-content\/uploads\/2024\/08\/ImageMATCH-2D-02-anteprima-listato.jpg","type":"image\/jpeg"}],"twitter_card":"summary_large_image","schema":{"@context":"https:\/\/schema.org","@graph":[{"@type":"WebPage","@id":"https:\/\/www.lesta.it\/fr\/accessoires\/","url":"https:\/\/www.lesta.it\/fr\/accessoires\/","name":"Accessori impianti di verniciatura Accessoires robot - Lesta","isPartOf":{"@id":"https:\/\/www.lesta.it\/fr\/#website"},"primaryImageOfPage":{"@id":"https:\/\/www.lesta.it\/fr\/accessoires\/#primaryimage"},"image":{"@id":"https:\/\/www.lesta.it\/fr\/accessoires\/#primaryimage"},"thumbnailUrl":"https:\/\/www.lesta.it\/wp-content\/uploads\/2024\/08\/ImageMATCH-2D-02-anteprima-listato.jpg","datePublished":"2022-08-31T08:59:22+00:00","dateModified":"2026-03-09T11:06:07+00:00","description":"Scopri gli accessori per impianti di verniciatura, ideali per ampliare il campo di applicazione dei robot Lesta, migliorandone le performance.","breadcrumb":{"@id":"https:\/\/www.lesta.it\/fr\/accessoires\/#breadcrumb"},"inLanguage":"fr-FR","potentialAction":[{"@type":"ReadAction","target":["https:\/\/www.lesta.it\/fr\/accessoires\/"]}]},{"@type":"ImageObject","inLanguage":"fr-FR","@id":"https:\/\/www.lesta.it\/fr\/accessoires\/#primaryimage","url":"https:\/\/www.lesta.it\/wp-content\/uploads\/2024\/08\/ImageMATCH-2D-02-anteprima-listato.jpg","contentUrl":"https:\/\/www.lesta.it\/wp-content\/uploads\/2024\/08\/ImageMATCH-2D-02-anteprima-listato.jpg","width":700,"height":700,"caption":"Sistema di verniciatura autonoma con riconoscimento pezzo. Image MATCH 2D \u00e8 un sistema composto da un software dedicato e di una coppia di barriere fotoelettriche, utilizzato su linea in grado di identificare le superfici 2D dei pezzi e associare il programma di verniciatura corrispondente. In una prima fase di lavoro vengono insegnate le verniciature per ogni tipo di pezzo, dopodich\u00e8 \u00e8 semplicemente necessario caricare la linea di approvvigionamento con i pezzi da verniciare. Image MATCH 2D si occuper\u00e0 di riconoscere i pezzi, associarli agli insegnamenti corrispondenti e di verniciare. Questo sistema \u00e8 adatto ad impianti di verniciatura e finitura industriale sia a liquido che a polvere."},{"@type":"BreadcrumbList","@id":"https:\/\/www.lesta.it\/fr\/accessoires\/#breadcrumb","itemListElement":[{"@type":"ListItem","position":1,"name":"Home","item":"https:\/\/www.lesta.it\/fr\/"},{"@type":"ListItem","position":2,"name":"Accessoires"}]},{"@type":"WebSite","@id":"https:\/\/www.lesta.it\/fr\/#website","url":"https:\/\/www.lesta.it\/fr\/","name":"Lesta","description":"Your smart robotic finishing","publisher":{"@id":"https:\/\/www.lesta.it\/fr\/#organization"},"potentialAction":[{"@type":"SearchAction","target":{"@type":"EntryPoint","urlTemplate":"https:\/\/www.lesta.it\/fr\/?s={search_term_string}"},"query-input":{"@type":"PropertyValueSpecification","valueRequired":true,"valueName":"search_term_string"}}],"inLanguage":"fr-FR"},{"@type":"Organization","@id":"https:\/\/www.lesta.it\/fr\/#organization","name":"Lesta","url":"https:\/\/www.lesta.it\/fr\/","logo":{"@type":"ImageObject","inLanguage":"fr-FR","@id":"https:\/\/www.lesta.it\/fr\/#\/schema\/logo\/image\/","url":"https:\/\/lesta.it\/wp-content\/uploads\/2022\/02\/FotoContattaci-1.png","contentUrl":"https:\/\/lesta.it\/wp-content\/uploads\/2022\/02\/FotoContattaci-1.png","width":710,"height":611,"caption":"Lesta"},"image":{"@id":"https:\/\/www.lesta.it\/fr\/#\/schema\/logo\/image\/"}}]}},"_links":{"self":[{"href":"https:\/\/www.lesta.it\/fr\/wp-json\/wp\/v2\/pages\/5963","targetHints":{"allow":["GET"]}}],"collection":[{"href":"https:\/\/www.lesta.it\/fr\/wp-json\/wp\/v2\/pages"}],"about":[{"href":"https:\/\/www.lesta.it\/fr\/wp-json\/wp\/v2\/types\/page"}],"author":[{"embeddable":true,"href":"https:\/\/www.lesta.it\/fr\/wp-json\/wp\/v2\/users\/1"}],"replies":[{"embeddable":true,"href":"https:\/\/www.lesta.it\/fr\/wp-json\/wp\/v2\/comments?post=5963"}],"version-history":[{"count":3,"href":"https:\/\/www.lesta.it\/fr\/wp-json\/wp\/v2\/pages\/5963\/revisions"}],"predecessor-version":[{"id":5967,"href":"https:\/\/www.lesta.it\/fr\/wp-json\/wp\/v2\/pages\/5963\/revisions\/5967"}],"wp:featuredmedia":[{"embeddable":true,"href":"https:\/\/www.lesta.it\/fr\/wp-json\/wp\/v2\/media\/5964"}],"wp:attachment":[{"href":"https:\/\/www.lesta.it\/fr\/wp-json\/wp\/v2\/media?parent=5963"}],"curies":[{"name":"wp","href":"https:\/\/api.w.org\/{rel}","templated":true}]}}