{"id":5727,"date":"2022-02-17T11:05:17","date_gmt":"2022-02-17T10:05:17","guid":{"rendered":"https:\/\/www.lesta.it\/azienda-lesta\/"},"modified":"2026-02-25T10:30:29","modified_gmt":"2026-02-25T09:30:29","slug":"entreprise-lesta","status":"publish","type":"page","link":"https:\/\/www.lesta.it\/fr\/entreprise-lesta\/","title":{"rendered":"Entreprise"},"content":{"rendered":"\r\n<div class=\"wp-block-media-text alignwide is-stacked-on-mobile\" style=\"grid-template-columns: 16% auto;\">\r\n<figure class=\"wp-block-media-text__media\"><img loading=\"lazy\" decoding=\"async\" width=\"214\" height=\"179\" class=\"wp-image-247 size-full\" src=\"https:\/\/lesta.it\/wp-content\/uploads\/2022\/02\/made-in-italy.png\" alt=\"\" \/><\/figure>\r\n<div class=\"wp-block-media-text__content\">\r\n<h1 class=\"has-text-color\" style=\"color: #0078ae; font-size: 24px;\">Syst\u00e8mes d&rsquo;automatisation pour la peinture industrielle<\/h1>\r\n\r\n\r\n\r\n<p>Lesta est un leader international dans la conception et la r\u00e9alisation de syst\u00e8mes d&rsquo;<strong>automatisation pour la peinture industrielle<\/strong>, caract\u00e9ris\u00e9s par une qualit\u00e9 100 % europ\u00e9enne. Le si\u00e8ge social s&rsquo;\u00e9tend sur un site industriel d&rsquo;environ 2000 m\u00b2, divis\u00e9 en bureaux, laboratoires, atelier et entrep\u00f4t, et est situ\u00e9 pr\u00e8s de Milan, une zone d&rsquo;excellence pour l&rsquo;industrie. Cette caract\u00e9ristique, associ\u00e9e \u00e0 la forte volont\u00e9 des propri\u00e9taires de l&rsquo;entreprise de faire conna\u00eetre l&rsquo;excellence italienne dans le monde entier, a permis \u00e0 Lesta d&rsquo;obtenir la <strong>certification 100 % Made In Italy<\/strong>.<\/p>\r\n<\/div>\r\n<\/div>\r\n","protected":false},"excerpt":{"rendered":"<p>Syst\u00e8mes d&rsquo;automatisation pour la peinture industrielle Lesta est un leader international dans la conception et la r\u00e9alisation de syst\u00e8mes d&rsquo;automatisation pour la peinture industrielle, caract\u00e9ris\u00e9s par une qualit\u00e9 100 % europ\u00e9enne. Le si\u00e8ge social s&rsquo;\u00e9tend sur un site industriel d&rsquo;environ 2000 m\u00b2, divis\u00e9 en bureaux, laboratoires, atelier et entrep\u00f4t, et est situ\u00e9 pr\u00e8s de Milan,<\/p>\n","protected":false},"author":1,"featured_media":5729,"parent":0,"menu_order":0,"comment_status":"closed","ping_status":"closed","template":"page-templates\/page-azienda.php","meta":{"_acf_changed":false,"inline_featured_image":false,"footnotes":""},"class_list":["post-5727","page","type-page","status-publish","has-post-thumbnail","hentry"],"acf":[],"yoast_head":"<!-- This site is optimized with the Yoast SEO plugin v24.8.1 - https:\/\/yoast.com\/wordpress\/plugins\/seo\/ -->\n<title>Sistemi di Automazione per Verniciatura - Lesta<\/title>\n<meta name=\"description\" content=\"Lesta \u00e8 una realt\u00e0 leader nella progettazione e realizzazione di sistemi di automazione per verniciatura industriale, interamente Made in Italy.\" \/>\n<meta name=\"robots\" content=\"index, follow, max-snippet:-1, max-image-preview:large, max-video-preview:-1\" \/>\n<link rel=\"canonical\" href=\"https:\/\/www.lesta.it\/fr\/entreprise-lesta\/\" \/>\n<meta property=\"og:locale\" content=\"fr_FR\" \/>\n<meta property=\"og:type\" content=\"article\" \/>\n<meta property=\"og:title\" content=\"Sistemi di Automazione per Verniciatura - Lesta\" \/>\n<meta property=\"og:description\" content=\"Lesta \u00e8 una realt\u00e0 leader nella progettazione e realizzazione di sistemi di automazione per verniciatura industriale, interamente Made in Italy.\" \/>\n<meta property=\"og:url\" content=\"https:\/\/www.lesta.it\/fr\/entreprise-lesta\/\" \/>\n<meta property=\"og:site_name\" content=\"Lesta\" \/>\n<meta property=\"article:modified_time\" content=\"2026-02-25T09:30:29+00:00\" \/>\n<meta property=\"og:image\" content=\"https:\/\/www.lesta.it\/wp-content\/uploads\/2026\/02\/Immagine-AZIENDA1.jpg\" \/>\n\t<meta property=\"og:image:width\" content=\"1460\" \/>\n\t<meta property=\"og:image:height\" content=\"360\" \/>\n\t<meta property=\"og:image:type\" content=\"image\/jpeg\" \/>\n<meta name=\"twitter:card\" content=\"summary_large_image\" \/>\n<meta name=\"twitter:label1\" content=\"Dur\u00e9e de lecture estim\u00e9e\" \/>\n\t<meta name=\"twitter:data1\" content=\"1 minute\" \/>\n<script type=\"application\/ld+json\" class=\"yoast-schema-graph\">{\"@context\":\"https:\/\/schema.org\",\"@graph\":[{\"@type\":\"WebPage\",\"@id\":\"https:\/\/www.lesta.it\/fr\/entreprise-lesta\/\",\"url\":\"https:\/\/www.lesta.it\/fr\/entreprise-lesta\/\",\"name\":\"Sistemi di Automazione per Verniciatura - Lesta\",\"isPartOf\":{\"@id\":\"https:\/\/www.lesta.it\/fr\/#website\"},\"primaryImageOfPage\":{\"@id\":\"https:\/\/www.lesta.it\/fr\/entreprise-lesta\/#primaryimage\"},\"image\":{\"@id\":\"https:\/\/www.lesta.it\/fr\/entreprise-lesta\/#primaryimage\"},\"thumbnailUrl\":\"https:\/\/www.lesta.it\/wp-content\/uploads\/2026\/02\/Immagine-AZIENDA1.jpg\",\"datePublished\":\"2022-02-17T10:05:17+00:00\",\"dateModified\":\"2026-02-25T09:30:29+00:00\",\"description\":\"Lesta \u00e8 una realt\u00e0 leader nella progettazione e realizzazione di sistemi di automazione per verniciatura industriale, interamente Made in Italy.\",\"breadcrumb\":{\"@id\":\"https:\/\/www.lesta.it\/fr\/entreprise-lesta\/#breadcrumb\"},\"inLanguage\":\"fr-FR\",\"potentialAction\":[{\"@type\":\"ReadAction\",\"target\":[\"https:\/\/www.lesta.it\/fr\/entreprise-lesta\/\"]}]},{\"@type\":\"ImageObject\",\"inLanguage\":\"fr-FR\",\"@id\":\"https:\/\/www.lesta.it\/fr\/entreprise-lesta\/#primaryimage\",\"url\":\"https:\/\/www.lesta.it\/wp-content\/uploads\/2026\/02\/Immagine-AZIENDA1.jpg\",\"contentUrl\":\"https:\/\/www.lesta.it\/wp-content\/uploads\/2026\/02\/Immagine-AZIENDA1.jpg\",\"width\":1460,\"height\":360},{\"@type\":\"BreadcrumbList\",\"@id\":\"https:\/\/www.lesta.it\/fr\/entreprise-lesta\/#breadcrumb\",\"itemListElement\":[{\"@type\":\"ListItem\",\"position\":1,\"name\":\"Home\",\"item\":\"https:\/\/www.lesta.it\/fr\/\"},{\"@type\":\"ListItem\",\"position\":2,\"name\":\"Entreprise\"}]},{\"@type\":\"WebSite\",\"@id\":\"https:\/\/www.lesta.it\/fr\/#website\",\"url\":\"https:\/\/www.lesta.it\/fr\/\",\"name\":\"Lesta\",\"description\":\"Your smart robotic finishing\",\"publisher\":{\"@id\":\"https:\/\/www.lesta.it\/fr\/#organization\"},\"potentialAction\":[{\"@type\":\"SearchAction\",\"target\":{\"@type\":\"EntryPoint\",\"urlTemplate\":\"https:\/\/www.lesta.it\/fr\/?s={search_term_string}\"},\"query-input\":{\"@type\":\"PropertyValueSpecification\",\"valueRequired\":true,\"valueName\":\"search_term_string\"}}],\"inLanguage\":\"fr-FR\"},{\"@type\":\"Organization\",\"@id\":\"https:\/\/www.lesta.it\/fr\/#organization\",\"name\":\"Lesta\",\"url\":\"https:\/\/www.lesta.it\/fr\/\",\"logo\":{\"@type\":\"ImageObject\",\"inLanguage\":\"fr-FR\",\"@id\":\"https:\/\/www.lesta.it\/fr\/#\/schema\/logo\/image\/\",\"url\":\"https:\/\/lesta.it\/wp-content\/uploads\/2022\/02\/FotoContattaci-1.png\",\"contentUrl\":\"https:\/\/lesta.it\/wp-content\/uploads\/2022\/02\/FotoContattaci-1.png\",\"width\":710,\"height\":611,\"caption\":\"Lesta\"},\"image\":{\"@id\":\"https:\/\/www.lesta.it\/fr\/#\/schema\/logo\/image\/\"}}]}<\/script>\n<!-- \/ Yoast SEO plugin. -->","yoast_head_json":{"title":"Sistemi di Automazione per Verniciatura - Lesta","description":"Lesta \u00e8 una realt\u00e0 leader nella progettazione e realizzazione di sistemi di automazione per verniciatura industriale, interamente Made in Italy.","robots":{"index":"index","follow":"follow","max-snippet":"max-snippet:-1","max-image-preview":"max-image-preview:large","max-video-preview":"max-video-preview:-1"},"canonical":"https:\/\/www.lesta.it\/fr\/entreprise-lesta\/","og_locale":"fr_FR","og_type":"article","og_title":"Sistemi di Automazione per Verniciatura - Lesta","og_description":"Lesta \u00e8 una realt\u00e0 leader nella progettazione e realizzazione di sistemi di automazione per verniciatura industriale, interamente Made in Italy.","og_url":"https:\/\/www.lesta.it\/fr\/entreprise-lesta\/","og_site_name":"Lesta","article_modified_time":"2026-02-25T09:30:29+00:00","og_image":[{"width":1460,"height":360,"url":"https:\/\/www.lesta.it\/wp-content\/uploads\/2026\/02\/Immagine-AZIENDA1.jpg","type":"image\/jpeg"}],"twitter_card":"summary_large_image","twitter_misc":{"Dur\u00e9e de lecture estim\u00e9e":"1 minute"},"schema":{"@context":"https:\/\/schema.org","@graph":[{"@type":"WebPage","@id":"https:\/\/www.lesta.it\/fr\/entreprise-lesta\/","url":"https:\/\/www.lesta.it\/fr\/entreprise-lesta\/","name":"Sistemi di Automazione per Verniciatura - Lesta","isPartOf":{"@id":"https:\/\/www.lesta.it\/fr\/#website"},"primaryImageOfPage":{"@id":"https:\/\/www.lesta.it\/fr\/entreprise-lesta\/#primaryimage"},"image":{"@id":"https:\/\/www.lesta.it\/fr\/entreprise-lesta\/#primaryimage"},"thumbnailUrl":"https:\/\/www.lesta.it\/wp-content\/uploads\/2026\/02\/Immagine-AZIENDA1.jpg","datePublished":"2022-02-17T10:05:17+00:00","dateModified":"2026-02-25T09:30:29+00:00","description":"Lesta \u00e8 una realt\u00e0 leader nella progettazione e realizzazione di sistemi di automazione per verniciatura industriale, interamente Made in Italy.","breadcrumb":{"@id":"https:\/\/www.lesta.it\/fr\/entreprise-lesta\/#breadcrumb"},"inLanguage":"fr-FR","potentialAction":[{"@type":"ReadAction","target":["https:\/\/www.lesta.it\/fr\/entreprise-lesta\/"]}]},{"@type":"ImageObject","inLanguage":"fr-FR","@id":"https:\/\/www.lesta.it\/fr\/entreprise-lesta\/#primaryimage","url":"https:\/\/www.lesta.it\/wp-content\/uploads\/2026\/02\/Immagine-AZIENDA1.jpg","contentUrl":"https:\/\/www.lesta.it\/wp-content\/uploads\/2026\/02\/Immagine-AZIENDA1.jpg","width":1460,"height":360},{"@type":"BreadcrumbList","@id":"https:\/\/www.lesta.it\/fr\/entreprise-lesta\/#breadcrumb","itemListElement":[{"@type":"ListItem","position":1,"name":"Home","item":"https:\/\/www.lesta.it\/fr\/"},{"@type":"ListItem","position":2,"name":"Entreprise"}]},{"@type":"WebSite","@id":"https:\/\/www.lesta.it\/fr\/#website","url":"https:\/\/www.lesta.it\/fr\/","name":"Lesta","description":"Your smart robotic finishing","publisher":{"@id":"https:\/\/www.lesta.it\/fr\/#organization"},"potentialAction":[{"@type":"SearchAction","target":{"@type":"EntryPoint","urlTemplate":"https:\/\/www.lesta.it\/fr\/?s={search_term_string}"},"query-input":{"@type":"PropertyValueSpecification","valueRequired":true,"valueName":"search_term_string"}}],"inLanguage":"fr-FR"},{"@type":"Organization","@id":"https:\/\/www.lesta.it\/fr\/#organization","name":"Lesta","url":"https:\/\/www.lesta.it\/fr\/","logo":{"@type":"ImageObject","inLanguage":"fr-FR","@id":"https:\/\/www.lesta.it\/fr\/#\/schema\/logo\/image\/","url":"https:\/\/lesta.it\/wp-content\/uploads\/2022\/02\/FotoContattaci-1.png","contentUrl":"https:\/\/lesta.it\/wp-content\/uploads\/2022\/02\/FotoContattaci-1.png","width":710,"height":611,"caption":"Lesta"},"image":{"@id":"https:\/\/www.lesta.it\/fr\/#\/schema\/logo\/image\/"}}]}},"_links":{"self":[{"href":"https:\/\/www.lesta.it\/fr\/wp-json\/wp\/v2\/pages\/5727","targetHints":{"allow":["GET"]}}],"collection":[{"href":"https:\/\/www.lesta.it\/fr\/wp-json\/wp\/v2\/pages"}],"about":[{"href":"https:\/\/www.lesta.it\/fr\/wp-json\/wp\/v2\/types\/page"}],"author":[{"embeddable":true,"href":"https:\/\/www.lesta.it\/fr\/wp-json\/wp\/v2\/users\/1"}],"replies":[{"embeddable":true,"href":"https:\/\/www.lesta.it\/fr\/wp-json\/wp\/v2\/comments?post=5727"}],"version-history":[{"count":3,"href":"https:\/\/www.lesta.it\/fr\/wp-json\/wp\/v2\/pages\/5727\/revisions"}],"predecessor-version":[{"id":5733,"href":"https:\/\/www.lesta.it\/fr\/wp-json\/wp\/v2\/pages\/5727\/revisions\/5733"}],"wp:featuredmedia":[{"embeddable":true,"href":"https:\/\/www.lesta.it\/fr\/wp-json\/wp\/v2\/media\/5729"}],"wp:attachment":[{"href":"https:\/\/www.lesta.it\/fr\/wp-json\/wp\/v2\/media?parent=5727"}],"curies":[{"name":"wp","href":"https:\/\/api.w.org\/{rel}","templated":true}]}}