{"id":3517,"date":"2022-03-14T12:26:17","date_gmt":"2022-03-14T11:26:17","guid":{"rendered":"https:\/\/lesta.it\/partner\/"},"modified":"2024-10-10T16:53:22","modified_gmt":"2024-10-10T14:53:22","slug":"partner","status":"publish","type":"page","link":"https:\/\/www.lesta.it\/es\/partner\/","title":{"rendered":"Partners y distribuidores"},"content":{"rendered":"\n<h2 class=\"wp-block-heading has-text-align-left\">Nuestra red de ventas<\/h2>\n\n\n\n<p>\u00a1La red de ventas de Lesta est\u00e1 en constante crecimiento! Exportamos con \u00e9xito nuestros robots 100% Made in Italy a todo el mundo. Contamos con la colaboraci\u00f3n de socios estructurados para instalaciones completas y servicios de asistencia.<\/p>\n\n\n\n<div class=\"wp-block-columns is-layout-flex wp-container-core-columns-is-layout-9d6595d7 wp-block-columns-is-layout-flex\">\n<div class=\"wp-block-column is-layout-flow wp-block-column-is-layout-flow\">\n<figure class=\"wp-block-image size-full is-resized is-style-default\"><img loading=\"lazy\" decoding=\"async\" width=\"700\" height=\"700\" src=\"https:\/\/lesta.it\/wp-content\/uploads\/2024\/03\/Lesta-EUROPE.webp\" alt=\"\" class=\"wp-image-4120\" srcset=\"https:\/\/www.lesta.it\/wp-content\/uploads\/2024\/03\/Lesta-EUROPE.webp 700w, https:\/\/www.lesta.it\/wp-content\/uploads\/2024\/03\/Lesta-EUROPE-300x300.webp 300w, https:\/\/www.lesta.it\/wp-content\/uploads\/2024\/03\/Lesta-EUROPE-150x150.webp 150w\" sizes=\"auto, (max-width: 700px) 100vw, 700px\" \/><\/figure>\n<\/div>\n\n\n\n<div class=\"wp-block-column is-layout-flow wp-block-column-is-layout-flow\">\n<figure class=\"wp-block-image size-full is-resized is-style-default\"><a href=\"http:\/\/www.lestausa.com\/\" target=\"_blank\" rel=\"noreferrer noopener\"><img loading=\"lazy\" decoding=\"async\" width=\"700\" height=\"700\" src=\"https:\/\/lesta.it\/wp-content\/uploads\/2022\/09\/Partner_LESTA-USA.webp\" alt=\"\" class=\"wp-image-1962\" srcset=\"https:\/\/www.lesta.it\/wp-content\/uploads\/2022\/09\/Partner_LESTA-USA.webp 700w, https:\/\/www.lesta.it\/wp-content\/uploads\/2022\/09\/Partner_LESTA-USA-300x300.webp 300w, https:\/\/www.lesta.it\/wp-content\/uploads\/2022\/09\/Partner_LESTA-USA-150x150.webp 150w\" sizes=\"auto, (max-width: 700px) 100vw, 700px\" \/><\/a><\/figure>\n<\/div>\n\n\n\n<div class=\"wp-block-column is-layout-flow wp-block-column-is-layout-flow\">\n<figure class=\"wp-block-image size-full is-resized is-style-default\"><a href=\"https:\/\/www.cabycal.com\/en\/home-english\/\" target=\"_blank\" rel=\"noreferrer noopener\"><img loading=\"lazy\" decoding=\"async\" width=\"700\" height=\"700\" src=\"https:\/\/lesta.it\/wp-content\/uploads\/2022\/09\/Partner_Cabycal.webp\" alt=\"\" class=\"wp-image-1965\" srcset=\"https:\/\/www.lesta.it\/wp-content\/uploads\/2022\/09\/Partner_Cabycal.webp 700w, https:\/\/www.lesta.it\/wp-content\/uploads\/2022\/09\/Partner_Cabycal-300x300.webp 300w, https:\/\/www.lesta.it\/wp-content\/uploads\/2022\/09\/Partner_Cabycal-150x150.webp 150w\" sizes=\"auto, (max-width: 700px) 100vw, 700px\" \/><\/a><\/figure>\n<\/div>\n\n\n\n<div class=\"wp-block-column is-layout-flow wp-block-column-is-layout-flow\">\n<figure class=\"wp-block-image size-full is-resized is-style-default\"><a href=\"https:\/\/www.robonnement.com\/\" target=\"_blank\" rel=\"noreferrer noopener\"><img loading=\"lazy\" decoding=\"async\" width=\"700\" height=\"700\" src=\"https:\/\/lesta.it\/wp-content\/uploads\/2022\/09\/Partner_Robonnement.webp\" alt=\"\" class=\"wp-image-1977\" srcset=\"https:\/\/www.lesta.it\/wp-content\/uploads\/2022\/09\/Partner_Robonnement.webp 700w, https:\/\/www.lesta.it\/wp-content\/uploads\/2022\/09\/Partner_Robonnement-300x300.webp 300w, https:\/\/www.lesta.it\/wp-content\/uploads\/2022\/09\/Partner_Robonnement-150x150.webp 150w\" sizes=\"auto, (max-width: 700px) 100vw, 700px\" \/><\/a><\/figure>\n<\/div>\n<\/div>\n\n\n\n<div class=\"wp-block-columns is-layout-flex wp-container-core-columns-is-layout-9d6595d7 wp-block-columns-is-layout-flex\">\n<div class=\"wp-block-column is-layout-flow wp-block-column-is-layout-flow\">\n<figure class=\"wp-block-image size-full is-resized is-style-default\"><a href=\"https:\/\/jonstenberg.se\/\" target=\"_blank\" rel=\"noreferrer noopener\"><img loading=\"lazy\" decoding=\"async\" width=\"700\" height=\"700\" src=\"https:\/\/lesta.it\/wp-content\/uploads\/2023\/03\/Partner_Jonstenberg.webp\" alt=\"\" class=\"wp-image-3646\" srcset=\"https:\/\/www.lesta.it\/wp-content\/uploads\/2023\/03\/Partner_Jonstenberg.webp 700w, https:\/\/www.lesta.it\/wp-content\/uploads\/2023\/03\/Partner_Jonstenberg-300x300.webp 300w, https:\/\/www.lesta.it\/wp-content\/uploads\/2023\/03\/Partner_Jonstenberg-150x150.webp 150w\" sizes=\"auto, (max-width: 700px) 100vw, 700px\" \/><\/a><\/figure>\n<\/div>\n\n\n\n<div class=\"wp-block-column is-layout-flow wp-block-column-is-layout-flow\">\n<figure class=\"wp-block-image size-full is-resized is-style-default\"><a href=\"https:\/\/www.scanotech.dk\/\" target=\"_blank\" rel=\"noreferrer noopener\"><img loading=\"lazy\" decoding=\"async\" width=\"700\" height=\"700\" src=\"https:\/\/lesta.it\/wp-content\/uploads\/2023\/03\/Partner_scanOtech.webp\" alt=\"\" class=\"wp-image-3652\" srcset=\"https:\/\/www.lesta.it\/wp-content\/uploads\/2023\/03\/Partner_scanOtech.webp 700w, https:\/\/www.lesta.it\/wp-content\/uploads\/2023\/03\/Partner_scanOtech-300x300.webp 300w, https:\/\/www.lesta.it\/wp-content\/uploads\/2023\/03\/Partner_scanOtech-150x150.webp 150w\" sizes=\"auto, (max-width: 700px) 100vw, 700px\" \/><\/a><\/figure>\n<\/div>\n\n\n\n<div class=\"wp-block-column is-layout-flow wp-block-column-is-layout-flow\">\n<figure class=\"wp-block-image size-full is-resized is-style-default\"><a href=\"https:\/\/www.nipema.fi\/\" target=\"_blank\" rel=\"noreferrer noopener\"><img loading=\"lazy\" decoding=\"async\" width=\"700\" height=\"700\" src=\"https:\/\/lesta.it\/wp-content\/uploads\/2024\/10\/Partner_Nipema-OY.webp\" alt=\"Nipema OY\" class=\"wp-image-4640\" srcset=\"https:\/\/www.lesta.it\/wp-content\/uploads\/2024\/10\/Partner_Nipema-OY.webp 700w, https:\/\/www.lesta.it\/wp-content\/uploads\/2024\/10\/Partner_Nipema-OY-300x300.webp 300w, https:\/\/www.lesta.it\/wp-content\/uploads\/2024\/10\/Partner_Nipema-OY-150x150.webp 150w\" sizes=\"auto, (max-width: 700px) 100vw, 700px\" \/><\/a><\/figure>\n<\/div>\n\n\n\n<div class=\"wp-block-column is-layout-flow wp-block-column-is-layout-flow\">\n<figure class=\"wp-block-image size-full is-resized is-style-default\"><a href=\"https:\/\/www.mpro-machines.com\/\"><img loading=\"lazy\" decoding=\"async\" width=\"700\" height=\"700\" src=\"https:\/\/lesta.it\/wp-content\/uploads\/2024\/09\/Partner_MPRO.webp\" alt=\"MPRO machines - woodworking technology - Belgium and Luxembourg\" class=\"wp-image-4559\" srcset=\"https:\/\/www.lesta.it\/wp-content\/uploads\/2024\/09\/Partner_MPRO.webp 700w, https:\/\/www.lesta.it\/wp-content\/uploads\/2024\/09\/Partner_MPRO-300x300.webp 300w, https:\/\/www.lesta.it\/wp-content\/uploads\/2024\/09\/Partner_MPRO-150x150.webp 150w\" sizes=\"auto, (max-width: 700px) 100vw, 700px\" \/><\/a><\/figure>\n<\/div>\n<\/div>\n\n\n\n<div class=\"wp-block-columns is-layout-flex wp-container-core-columns-is-layout-9d6595d7 wp-block-columns-is-layout-flex\">\n<div class=\"wp-block-column is-layout-flow wp-block-column-is-layout-flow\">\n<figure class=\"wp-block-image size-full is-resized is-style-default\"><a href=\"http:\/\/www.technospray.com.br\/\" target=\"_blank\" rel=\"noreferrer noopener\"><img loading=\"lazy\" decoding=\"async\" width=\"700\" height=\"700\" src=\"https:\/\/lesta.it\/wp-content\/uploads\/2022\/09\/Dealer_Technospray.webp\" alt=\"\" class=\"wp-image-1983\" srcset=\"https:\/\/www.lesta.it\/wp-content\/uploads\/2022\/09\/Dealer_Technospray.webp 700w, https:\/\/www.lesta.it\/wp-content\/uploads\/2022\/09\/Dealer_Technospray-300x300.webp 300w, https:\/\/www.lesta.it\/wp-content\/uploads\/2022\/09\/Dealer_Technospray-150x150.webp 150w\" sizes=\"auto, (max-width: 700px) 100vw, 700px\" \/><\/a><\/figure>\n<\/div>\n\n\n\n<div class=\"wp-block-column is-layout-flow wp-block-column-is-layout-flow\">\n<figure class=\"wp-block-image size-full is-resized is-style-default\"><a href=\"http:\/\/www.robocoating.com.tr\/\" target=\"_blank\" rel=\"noreferrer noopener\"><img loading=\"lazy\" decoding=\"async\" width=\"700\" height=\"700\" src=\"https:\/\/lesta.it\/wp-content\/uploads\/2022\/09\/Partner_Robocoating.webp\" alt=\"\" class=\"wp-image-1968\" srcset=\"https:\/\/www.lesta.it\/wp-content\/uploads\/2022\/09\/Partner_Robocoating.webp 700w, https:\/\/www.lesta.it\/wp-content\/uploads\/2022\/09\/Partner_Robocoating-300x300.webp 300w, https:\/\/www.lesta.it\/wp-content\/uploads\/2022\/09\/Partner_Robocoating-150x150.webp 150w\" sizes=\"auto, (max-width: 700px) 100vw, 700px\" \/><\/a><\/figure>\n<\/div>\n\n\n\n<div class=\"wp-block-column is-layout-flow wp-block-column-is-layout-flow\">\n<figure class=\"wp-block-image size-full is-resized is-style-default\"><a href=\"https:\/\/www.mls.hu\/\" target=\"_blank\" rel=\"noreferrer noopener\"><img loading=\"lazy\" decoding=\"async\" width=\"700\" height=\"700\" src=\"https:\/\/lesta.it\/wp-content\/uploads\/2023\/11\/Partner_MLS.webp\" alt=\"\" class=\"wp-image-4057\" srcset=\"https:\/\/www.lesta.it\/wp-content\/uploads\/2023\/11\/Partner_MLS.webp 700w, https:\/\/www.lesta.it\/wp-content\/uploads\/2023\/11\/Partner_MLS-300x300.webp 300w, https:\/\/www.lesta.it\/wp-content\/uploads\/2023\/11\/Partner_MLS-150x150.webp 150w\" sizes=\"auto, (max-width: 700px) 100vw, 700px\" \/><\/a><\/figure>\n<\/div>\n\n\n\n<div class=\"wp-block-column is-layout-flow wp-block-column-is-layout-flow\">\n<figure class=\"wp-block-image size-full is-resized is-style-default\"><a href=\"https:\/\/www.watech.cz\/\" target=\"_blank\" rel=\"noreferrer noopener\"><img loading=\"lazy\" decoding=\"async\" width=\"700\" height=\"700\" src=\"https:\/\/lesta.it\/wp-content\/uploads\/2022\/09\/Partner_WATECH.webp\" alt=\"\" class=\"wp-image-1971\" srcset=\"https:\/\/www.lesta.it\/wp-content\/uploads\/2022\/09\/Partner_WATECH.webp 700w, https:\/\/www.lesta.it\/wp-content\/uploads\/2022\/09\/Partner_WATECH-300x300.webp 300w, https:\/\/www.lesta.it\/wp-content\/uploads\/2022\/09\/Partner_WATECH-150x150.webp 150w\" sizes=\"auto, (max-width: 700px) 100vw, 700px\" \/><\/a><\/figure>\n<\/div>\n<\/div>\n\n\n\n<div class=\"wp-block-columns is-layout-flex wp-container-core-columns-is-layout-9d6595d7 wp-block-columns-is-layout-flex\">\n<div class=\"wp-block-column is-layout-flow wp-block-column-is-layout-flow\">\n<figure class=\"wp-block-image size-full is-resized is-style-default\"><a href=\"https:\/\/technikum.sk\/\" target=\"_blank\" rel=\"noreferrer noopener\"><img loading=\"lazy\" decoding=\"async\" width=\"700\" height=\"700\" src=\"https:\/\/lesta.it\/wp-content\/uploads\/2023\/07\/Partner_Technikum.webp\" alt=\"Technikum partner Lesta for Slovakia\" class=\"wp-image-3992\" srcset=\"https:\/\/www.lesta.it\/wp-content\/uploads\/2023\/07\/Partner_Technikum.webp 700w, https:\/\/www.lesta.it\/wp-content\/uploads\/2023\/07\/Partner_Technikum-300x300.webp 300w, https:\/\/www.lesta.it\/wp-content\/uploads\/2023\/07\/Partner_Technikum-150x150.webp 150w\" sizes=\"auto, (max-width: 700px) 100vw, 700px\" \/><\/a><\/figure>\n<\/div>\n\n\n\n<div class=\"wp-block-column is-layout-flow wp-block-column-is-layout-flow\">\n<figure class=\"wp-block-image size-full is-resized is-style-default\"><a href=\"http:\/\/sungmi.co.kr\/sungmi\/\" target=\"_blank\" rel=\"noreferrer noopener\"><img loading=\"lazy\" decoding=\"async\" width=\"700\" height=\"700\" src=\"https:\/\/lesta.it\/wp-content\/uploads\/2022\/09\/Dealer_Sungmi-1.webp\" alt=\"\" class=\"wp-image-1989\" srcset=\"https:\/\/www.lesta.it\/wp-content\/uploads\/2022\/09\/Dealer_Sungmi-1.webp 700w, https:\/\/www.lesta.it\/wp-content\/uploads\/2022\/09\/Dealer_Sungmi-1-300x300.webp 300w, https:\/\/www.lesta.it\/wp-content\/uploads\/2022\/09\/Dealer_Sungmi-1-150x150.webp 150w\" sizes=\"auto, (max-width: 700px) 100vw, 700px\" \/><\/a><\/figure>\n<\/div>\n\n\n\n<div class=\"wp-block-column is-layout-flow wp-block-column-is-layout-flow\">\n<figure class=\"wp-block-image size-full is-resized is-style-default\"><a href=\"sinarmasindo.com\" target=\"_blank\" rel=\"noreferrer noopener\"><img loading=\"lazy\" decoding=\"async\" width=\"700\" height=\"700\" src=\"https:\/\/lesta.it\/wp-content\/uploads\/2024\/03\/Partner_Sinarmasindo.webp\" alt=\"\" class=\"wp-image-4133\" srcset=\"https:\/\/www.lesta.it\/wp-content\/uploads\/2024\/03\/Partner_Sinarmasindo.webp 700w, https:\/\/www.lesta.it\/wp-content\/uploads\/2024\/03\/Partner_Sinarmasindo-300x300.webp 300w, https:\/\/www.lesta.it\/wp-content\/uploads\/2024\/03\/Partner_Sinarmasindo-150x150.webp 150w\" sizes=\"auto, (max-width: 700px) 100vw, 700px\" \/><\/a><\/figure>\n<\/div>\n\n\n\n<div class=\"wp-block-column is-layout-flow wp-block-column-is-layout-flow\">\n<figure class=\"wp-block-image size-full is-resized is-style-default\"><a href=\"https:\/\/www.marjos.pt\/\" target=\"_blank\" rel=\"noreferrer noopener\"><img loading=\"lazy\" decoding=\"async\" width=\"700\" height=\"700\" src=\"https:\/\/lesta.it\/wp-content\/uploads\/2022\/09\/Dealer_Marjos.webp\" alt=\"\" class=\"wp-image-1980\" srcset=\"https:\/\/www.lesta.it\/wp-content\/uploads\/2022\/09\/Dealer_Marjos.webp 700w, https:\/\/www.lesta.it\/wp-content\/uploads\/2022\/09\/Dealer_Marjos-300x300.webp 300w, https:\/\/www.lesta.it\/wp-content\/uploads\/2022\/09\/Dealer_Marjos-150x150.webp 150w\" sizes=\"auto, (max-width: 700px) 100vw, 700px\" \/><\/a><\/figure>\n<\/div>\n<\/div>\n\n\n\n<div class=\"wp-block-columns is-layout-flex wp-container-core-columns-is-layout-9d6595d7 wp-block-columns-is-layout-flex\">\n<div class=\"wp-block-column is-layout-flow wp-block-column-is-layout-flow\">\n<figure class=\"wp-block-image size-full is-resized is-style-default\"><a href=\"http:\/\/prima-automation.net\/\" target=\"_blank\" rel=\"noreferrer noopener\"><img loading=\"lazy\" decoding=\"async\" width=\"700\" height=\"700\" src=\"https:\/\/lesta.it\/wp-content\/uploads\/2022\/09\/Partner_PrimaAutomation.webp\" alt=\"\" class=\"wp-image-1974\" srcset=\"https:\/\/www.lesta.it\/wp-content\/uploads\/2022\/09\/Partner_PrimaAutomation.webp 700w, https:\/\/www.lesta.it\/wp-content\/uploads\/2022\/09\/Partner_PrimaAutomation-300x300.webp 300w, https:\/\/www.lesta.it\/wp-content\/uploads\/2022\/09\/Partner_PrimaAutomation-150x150.webp 150w\" sizes=\"auto, (max-width: 700px) 100vw, 700px\" \/><\/a><\/figure>\n<\/div>\n\n\n\n<div class=\"wp-block-column is-layout-flow wp-block-column-is-layout-flow\">\n<figure class=\"wp-block-image size-full is-resized is-style-default\"><img loading=\"lazy\" decoding=\"async\" width=\"700\" height=\"700\" src=\"https:\/\/lesta.it\/wp-content\/uploads\/2022\/09\/Dealer_GCC.webp\" alt=\"\" class=\"wp-image-1995\" srcset=\"https:\/\/www.lesta.it\/wp-content\/uploads\/2022\/09\/Dealer_GCC.webp 700w, https:\/\/www.lesta.it\/wp-content\/uploads\/2022\/09\/Dealer_GCC-300x300.webp 300w, https:\/\/www.lesta.it\/wp-content\/uploads\/2022\/09\/Dealer_GCC-150x150.webp 150w\" sizes=\"auto, (max-width: 700px) 100vw, 700px\" \/><\/figure>\n<\/div>\n\n\n\n<div class=\"wp-block-column is-layout-flow wp-block-column-is-layout-flow\">\n<figure class=\"wp-block-image size-full is-resized is-style-default\"><a href=\"https:\/\/cistind.com\/\"><img loading=\"lazy\" decoding=\"async\" width=\"700\" height=\"700\" src=\"https:\/\/lesta.it\/wp-content\/uploads\/2023\/03\/Dealer_CISAT.webp\" alt=\"\" class=\"wp-image-3634\" srcset=\"https:\/\/www.lesta.it\/wp-content\/uploads\/2023\/03\/Dealer_CISAT.webp 700w, https:\/\/www.lesta.it\/wp-content\/uploads\/2023\/03\/Dealer_CISAT-300x300.webp 300w, https:\/\/www.lesta.it\/wp-content\/uploads\/2023\/03\/Dealer_CISAT-150x150.webp 150w\" sizes=\"auto, (max-width: 700px) 100vw, 700px\" \/><\/a><\/figure>\n<\/div>\n\n\n\n<div class=\"wp-block-column is-layout-flow wp-block-column-is-layout-flow\">\n<figure class=\"wp-block-image size-full is-resized is-style-default\"><a href=\"https:\/\/www.rdengineering.biz\/\" target=\"_blank\" rel=\"noreferrer noopener\"><img loading=\"lazy\" decoding=\"async\" width=\"700\" height=\"700\" src=\"https:\/\/lesta.it\/wp-content\/uploads\/2022\/09\/Partner_ReD.webp\" alt=\"\" class=\"wp-image-2001\" srcset=\"https:\/\/www.lesta.it\/wp-content\/uploads\/2022\/09\/Partner_ReD.webp 700w, https:\/\/www.lesta.it\/wp-content\/uploads\/2022\/09\/Partner_ReD-300x300.webp 300w, https:\/\/www.lesta.it\/wp-content\/uploads\/2022\/09\/Partner_ReD-150x150.webp 150w\" sizes=\"auto, (max-width: 700px) 100vw, 700px\" \/><\/a><\/figure>\n<\/div>\n<\/div>\n","protected":false},"excerpt":{"rendered":"<p>Nuestra red de ventas \u00a1La red de ventas de Lesta est\u00e1 en constante crecimiento! Exportamos con \u00e9xito nuestros robots 100% Made in Italy a todo el mundo. Contamos con la colaboraci\u00f3n de socios estructurados para instalaciones completas y servicios de asistencia.<\/p>\n","protected":false},"author":4,"featured_media":0,"parent":0,"menu_order":0,"comment_status":"closed","ping_status":"closed","template":"","meta":{"_acf_changed":false,"inline_featured_image":false,"footnotes":""},"class_list":["post-3517","page","type-page","status-publish","hentry"],"acf":[],"yoast_head":"<!-- This site is optimized with the Yoast SEO plugin v24.8.1 - https:\/\/yoast.com\/wordpress\/plugins\/seo\/ -->\n<title>Partners y distribuidores de robots y automatizaci\u00f3n de Lesta en todo el mundo<\/title>\n<meta name=\"description\" content=\"Partners y distribuidores de Lesta en todo el mundo, Europa, Asia, Am\u00e9rica, Medio Oriente, Australia y Ocean\u00eda, India\" \/>\n<meta name=\"robots\" content=\"index, follow, max-snippet:-1, max-image-preview:large, max-video-preview:-1\" \/>\n<link rel=\"canonical\" href=\"https:\/\/www.lesta.it\/es\/partner\/\" \/>\n<meta property=\"og:locale\" content=\"es_ES\" \/>\n<meta property=\"og:type\" content=\"article\" \/>\n<meta property=\"og:title\" content=\"Partners y distribuidores de robots y automatizaci\u00f3n de Lesta en todo el mundo\" \/>\n<meta property=\"og:description\" content=\"Partners y distribuidores de Lesta en todo el mundo, Europa, Asia, Am\u00e9rica, Medio Oriente, Australia y Ocean\u00eda, India\" \/>\n<meta property=\"og:url\" content=\"https:\/\/www.lesta.it\/es\/partner\/\" \/>\n<meta property=\"og:site_name\" content=\"Lesta\" \/>\n<meta property=\"article:modified_time\" content=\"2024-10-10T14:53:22+00:00\" \/>\n<meta property=\"og:image\" content=\"https:\/\/lesta.it\/wp-content\/uploads\/2024\/03\/Lesta-EUROPE.webp\" \/>\n<meta name=\"twitter:card\" content=\"summary_large_image\" \/>\n<meta name=\"twitter:label1\" content=\"Tiempo de lectura\" \/>\n\t<meta name=\"twitter:data1\" content=\"4 minutos\" \/>\n<script type=\"application\/ld+json\" class=\"yoast-schema-graph\">{\"@context\":\"https:\/\/schema.org\",\"@graph\":[{\"@type\":\"WebPage\",\"@id\":\"https:\/\/www.lesta.it\/es\/partner\/\",\"url\":\"https:\/\/www.lesta.it\/es\/partner\/\",\"name\":\"Partners y distribuidores de robots y automatizaci\u00f3n de Lesta en todo el mundo\",\"isPartOf\":{\"@id\":\"https:\/\/www.lesta.it\/es\/#website\"},\"primaryImageOfPage\":{\"@id\":\"https:\/\/www.lesta.it\/es\/partner\/#primaryimage\"},\"image\":{\"@id\":\"https:\/\/www.lesta.it\/es\/partner\/#primaryimage\"},\"thumbnailUrl\":\"https:\/\/lesta.it\/wp-content\/uploads\/2024\/03\/Lesta-EUROPE.webp\",\"datePublished\":\"2022-03-14T11:26:17+00:00\",\"dateModified\":\"2024-10-10T14:53:22+00:00\",\"description\":\"Partners y distribuidores de Lesta en todo el mundo, Europa, Asia, Am\u00e9rica, Medio Oriente, Australia y Ocean\u00eda, India\",\"breadcrumb\":{\"@id\":\"https:\/\/www.lesta.it\/es\/partner\/#breadcrumb\"},\"inLanguage\":\"es\",\"potentialAction\":[{\"@type\":\"ReadAction\",\"target\":[\"https:\/\/www.lesta.it\/es\/partner\/\"]}]},{\"@type\":\"ImageObject\",\"inLanguage\":\"es\",\"@id\":\"https:\/\/www.lesta.it\/es\/partner\/#primaryimage\",\"url\":\"https:\/\/lesta.it\/wp-content\/uploads\/2024\/03\/Lesta-EUROPE.webp\",\"contentUrl\":\"https:\/\/lesta.it\/wp-content\/uploads\/2024\/03\/Lesta-EUROPE.webp\"},{\"@type\":\"BreadcrumbList\",\"@id\":\"https:\/\/www.lesta.it\/es\/partner\/#breadcrumb\",\"itemListElement\":[{\"@type\":\"ListItem\",\"position\":1,\"name\":\"Home\",\"item\":\"https:\/\/www.lesta.it\/es\/\"},{\"@type\":\"ListItem\",\"position\":2,\"name\":\"Partners y distribuidores\"}]},{\"@type\":\"WebSite\",\"@id\":\"https:\/\/www.lesta.it\/es\/#website\",\"url\":\"https:\/\/www.lesta.it\/es\/\",\"name\":\"Lesta\",\"description\":\"Your smart robotic finishing\",\"publisher\":{\"@id\":\"https:\/\/www.lesta.it\/es\/#organization\"},\"potentialAction\":[{\"@type\":\"SearchAction\",\"target\":{\"@type\":\"EntryPoint\",\"urlTemplate\":\"https:\/\/www.lesta.it\/es\/?s={search_term_string}\"},\"query-input\":{\"@type\":\"PropertyValueSpecification\",\"valueRequired\":true,\"valueName\":\"search_term_string\"}}],\"inLanguage\":\"es\"},{\"@type\":\"Organization\",\"@id\":\"https:\/\/www.lesta.it\/es\/#organization\",\"name\":\"Lesta\",\"url\":\"https:\/\/www.lesta.it\/es\/\",\"logo\":{\"@type\":\"ImageObject\",\"inLanguage\":\"es\",\"@id\":\"https:\/\/www.lesta.it\/es\/#\/schema\/logo\/image\/\",\"url\":\"https:\/\/lesta.it\/wp-content\/uploads\/2022\/02\/FotoContattaci-1.png\",\"contentUrl\":\"https:\/\/lesta.it\/wp-content\/uploads\/2022\/02\/FotoContattaci-1.png\",\"width\":710,\"height\":611,\"caption\":\"Lesta\"},\"image\":{\"@id\":\"https:\/\/www.lesta.it\/es\/#\/schema\/logo\/image\/\"}}]}<\/script>\n<!-- \/ Yoast SEO plugin. -->","yoast_head_json":{"title":"Partners y distribuidores de robots y automatizaci\u00f3n de Lesta en todo el mundo","description":"Partners y distribuidores de Lesta en todo el mundo, Europa, Asia, Am\u00e9rica, Medio Oriente, Australia y Ocean\u00eda, India","robots":{"index":"index","follow":"follow","max-snippet":"max-snippet:-1","max-image-preview":"max-image-preview:large","max-video-preview":"max-video-preview:-1"},"canonical":"https:\/\/www.lesta.it\/es\/partner\/","og_locale":"es_ES","og_type":"article","og_title":"Partners y distribuidores de robots y automatizaci\u00f3n de Lesta en todo el mundo","og_description":"Partners y distribuidores de Lesta en todo el mundo, Europa, Asia, Am\u00e9rica, Medio Oriente, Australia y Ocean\u00eda, India","og_url":"https:\/\/www.lesta.it\/es\/partner\/","og_site_name":"Lesta","article_modified_time":"2024-10-10T14:53:22+00:00","og_image":[{"url":"https:\/\/lesta.it\/wp-content\/uploads\/2024\/03\/Lesta-EUROPE.webp","type":"","width":"","height":""}],"twitter_card":"summary_large_image","twitter_misc":{"Tiempo de lectura":"4 minutos"},"schema":{"@context":"https:\/\/schema.org","@graph":[{"@type":"WebPage","@id":"https:\/\/www.lesta.it\/es\/partner\/","url":"https:\/\/www.lesta.it\/es\/partner\/","name":"Partners y distribuidores de robots y automatizaci\u00f3n de Lesta en todo el mundo","isPartOf":{"@id":"https:\/\/www.lesta.it\/es\/#website"},"primaryImageOfPage":{"@id":"https:\/\/www.lesta.it\/es\/partner\/#primaryimage"},"image":{"@id":"https:\/\/www.lesta.it\/es\/partner\/#primaryimage"},"thumbnailUrl":"https:\/\/lesta.it\/wp-content\/uploads\/2024\/03\/Lesta-EUROPE.webp","datePublished":"2022-03-14T11:26:17+00:00","dateModified":"2024-10-10T14:53:22+00:00","description":"Partners y distribuidores de Lesta en todo el mundo, Europa, Asia, Am\u00e9rica, Medio Oriente, Australia y Ocean\u00eda, India","breadcrumb":{"@id":"https:\/\/www.lesta.it\/es\/partner\/#breadcrumb"},"inLanguage":"es","potentialAction":[{"@type":"ReadAction","target":["https:\/\/www.lesta.it\/es\/partner\/"]}]},{"@type":"ImageObject","inLanguage":"es","@id":"https:\/\/www.lesta.it\/es\/partner\/#primaryimage","url":"https:\/\/lesta.it\/wp-content\/uploads\/2024\/03\/Lesta-EUROPE.webp","contentUrl":"https:\/\/lesta.it\/wp-content\/uploads\/2024\/03\/Lesta-EUROPE.webp"},{"@type":"BreadcrumbList","@id":"https:\/\/www.lesta.it\/es\/partner\/#breadcrumb","itemListElement":[{"@type":"ListItem","position":1,"name":"Home","item":"https:\/\/www.lesta.it\/es\/"},{"@type":"ListItem","position":2,"name":"Partners y distribuidores"}]},{"@type":"WebSite","@id":"https:\/\/www.lesta.it\/es\/#website","url":"https:\/\/www.lesta.it\/es\/","name":"Lesta","description":"Your smart robotic finishing","publisher":{"@id":"https:\/\/www.lesta.it\/es\/#organization"},"potentialAction":[{"@type":"SearchAction","target":{"@type":"EntryPoint","urlTemplate":"https:\/\/www.lesta.it\/es\/?s={search_term_string}"},"query-input":{"@type":"PropertyValueSpecification","valueRequired":true,"valueName":"search_term_string"}}],"inLanguage":"es"},{"@type":"Organization","@id":"https:\/\/www.lesta.it\/es\/#organization","name":"Lesta","url":"https:\/\/www.lesta.it\/es\/","logo":{"@type":"ImageObject","inLanguage":"es","@id":"https:\/\/www.lesta.it\/es\/#\/schema\/logo\/image\/","url":"https:\/\/lesta.it\/wp-content\/uploads\/2022\/02\/FotoContattaci-1.png","contentUrl":"https:\/\/lesta.it\/wp-content\/uploads\/2022\/02\/FotoContattaci-1.png","width":710,"height":611,"caption":"Lesta"},"image":{"@id":"https:\/\/www.lesta.it\/es\/#\/schema\/logo\/image\/"}}]}},"_links":{"self":[{"href":"https:\/\/www.lesta.it\/es\/wp-json\/wp\/v2\/pages\/3517","targetHints":{"allow":["GET"]}}],"collection":[{"href":"https:\/\/www.lesta.it\/es\/wp-json\/wp\/v2\/pages"}],"about":[{"href":"https:\/\/www.lesta.it\/es\/wp-json\/wp\/v2\/types\/page"}],"author":[{"embeddable":true,"href":"https:\/\/www.lesta.it\/es\/wp-json\/wp\/v2\/users\/4"}],"replies":[{"embeddable":true,"href":"https:\/\/www.lesta.it\/es\/wp-json\/wp\/v2\/comments?post=3517"}],"version-history":[{"count":22,"href":"https:\/\/www.lesta.it\/es\/wp-json\/wp\/v2\/pages\/3517\/revisions"}],"predecessor-version":[{"id":4652,"href":"https:\/\/www.lesta.it\/es\/wp-json\/wp\/v2\/pages\/3517\/revisions\/4652"}],"wp:attachment":[{"href":"https:\/\/www.lesta.it\/es\/wp-json\/wp\/v2\/media?parent=3517"}],"curies":[{"name":"wp","href":"https:\/\/api.w.org\/{rel}","templated":true}]}}