{"id":3509,"date":"2022-02-17T11:05:17","date_gmt":"2022-02-17T10:05:17","guid":{"rendered":"https:\/\/lesta.it\/azienda-lesta\/"},"modified":"2023-09-07T11:41:12","modified_gmt":"2023-09-07T09:41:12","slug":"empresa","status":"publish","type":"page","link":"https:\/\/www.lesta.it\/es\/empresa\/","title":{"rendered":"Empresa"},"content":{"rendered":"\n<div class=\"wp-block-media-text alignwide is-stacked-on-mobile\" style=\"grid-template-columns:16% auto\"><figure class=\"wp-block-media-text__media\"><img loading=\"lazy\" decoding=\"async\" width=\"214\" height=\"179\" src=\"https:\/\/lesta.it\/wp-content\/uploads\/2022\/02\/made-in-italy.png\" alt=\"\" class=\"wp-image-247 size-full\"\/><\/figure><div class=\"wp-block-media-text__content\">\n<p class=\"has-text-color\" style=\"color:#0078ae;font-size:24px\"><strong>Lesta tiene una calidad completamente europea tanto en dise\u00f1o como en producci\u00f3n.<\/strong><\/p>\n\n\n\n<p>La sede central se encuentra en un sitio industrial de aproximadamente 2000 metros cuadrados, dividido en oficinas, laboratorios, taller y almac\u00e9n, y est\u00e1 ubicado cerca de Mil\u00e1n, una zona de excelencia industrial. Esta caracter\u00edstica, junto con la fuerte voluntad de la propiedad de llevar la excelencia italiana al mundo, ha permitido a Lesta obtener la certificaci\u00f3n 100% Made in Italy.<\/p>\n<\/div><\/div>\n","protected":false},"excerpt":{"rendered":"<p>Lesta tiene una calidad completamente europea tanto en dise\u00f1o como en producci\u00f3n. La sede central se encuentra en un sitio industrial de aproximadamente 2000 metros cuadrados, dividido en oficinas, laboratorios, taller y almac\u00e9n, y est\u00e1 ubicado cerca de Mil\u00e1n, una zona de excelencia industrial. Esta caracter\u00edstica, junto con la fuerte voluntad de la propiedad de<\/p>\n","protected":false},"author":1,"featured_media":5725,"parent":0,"menu_order":0,"comment_status":"closed","ping_status":"closed","template":"page-templates\/page-azienda.php","meta":{"_acf_changed":false,"inline_featured_image":false,"footnotes":""},"class_list":["post-3509","page","type-page","status-publish","has-post-thumbnail","hentry"],"acf":[],"yoast_head":"<!-- This site is optimized with the Yoast SEO plugin v24.8.1 - https:\/\/yoast.com\/wordpress\/plugins\/seo\/ -->\n<title>Lesta empresa fabricante de robots de pintura certificada con sede en Italia<\/title>\n<meta name=\"description\" content=\"Lesta, empresa certificada fabricante de robots para pintura industrial, con sede en Italia, especializada en autoaprendizaje y automatizaci\u00f3n\" \/>\n<meta name=\"robots\" content=\"index, follow, max-snippet:-1, max-image-preview:large, max-video-preview:-1\" \/>\n<link rel=\"canonical\" href=\"https:\/\/www.lesta.it\/es\/empresa\/\" \/>\n<meta property=\"og:locale\" content=\"es_ES\" \/>\n<meta property=\"og:type\" content=\"article\" \/>\n<meta property=\"og:title\" content=\"Lesta empresa fabricante de robots de pintura certificada con sede en Italia\" \/>\n<meta property=\"og:description\" content=\"Lesta, empresa certificada fabricante de robots para pintura industrial, con sede en Italia, especializada en autoaprendizaje y automatizaci\u00f3n\" \/>\n<meta property=\"og:url\" content=\"https:\/\/www.lesta.it\/es\/empresa\/\" \/>\n<meta property=\"og:site_name\" content=\"Lesta\" \/>\n<meta property=\"article:modified_time\" content=\"2023-09-07T09:41:12+00:00\" \/>\n<meta property=\"og:image\" content=\"https:\/\/www.lesta.it\/wp-content\/uploads\/2022\/02\/Contattaci-1600x1200-1-e1645797562826.jpg\" \/>\n\t<meta property=\"og:image:width\" content=\"1600\" \/>\n\t<meta property=\"og:image:height\" content=\"552\" \/>\n\t<meta property=\"og:image:type\" content=\"image\/jpeg\" \/>\n<meta name=\"twitter:card\" content=\"summary_large_image\" \/>\n<meta name=\"twitter:label1\" content=\"Tiempo de lectura\" \/>\n\t<meta name=\"twitter:data1\" content=\"1 minuto\" \/>\n<script type=\"application\/ld+json\" class=\"yoast-schema-graph\">{\"@context\":\"https:\/\/schema.org\",\"@graph\":[{\"@type\":\"WebPage\",\"@id\":\"https:\/\/www.lesta.it\/es\/empresa\/\",\"url\":\"https:\/\/www.lesta.it\/es\/empresa\/\",\"name\":\"Lesta empresa fabricante de robots de pintura certificada con sede en Italia\",\"isPartOf\":{\"@id\":\"https:\/\/www.lesta.it\/es\/#website\"},\"primaryImageOfPage\":{\"@id\":\"https:\/\/www.lesta.it\/es\/empresa\/#primaryimage\"},\"image\":{\"@id\":\"https:\/\/www.lesta.it\/es\/empresa\/#primaryimage\"},\"thumbnailUrl\":\"https:\/\/www.lesta.it\/wp-content\/uploads\/2026\/02\/Immagine-AZIENDA1.jpg\",\"datePublished\":\"2022-02-17T10:05:17+00:00\",\"dateModified\":\"2023-09-07T09:41:12+00:00\",\"description\":\"Lesta, empresa certificada fabricante de robots para pintura industrial, con sede en Italia, especializada en autoaprendizaje y automatizaci\u00f3n\",\"breadcrumb\":{\"@id\":\"https:\/\/www.lesta.it\/es\/empresa\/#breadcrumb\"},\"inLanguage\":\"es\",\"potentialAction\":[{\"@type\":\"ReadAction\",\"target\":[\"https:\/\/www.lesta.it\/es\/empresa\/\"]}]},{\"@type\":\"ImageObject\",\"inLanguage\":\"es\",\"@id\":\"https:\/\/www.lesta.it\/es\/empresa\/#primaryimage\",\"url\":\"https:\/\/www.lesta.it\/wp-content\/uploads\/2026\/02\/Immagine-AZIENDA1.jpg\",\"contentUrl\":\"https:\/\/www.lesta.it\/wp-content\/uploads\/2026\/02\/Immagine-AZIENDA1.jpg\",\"width\":1460,\"height\":360},{\"@type\":\"BreadcrumbList\",\"@id\":\"https:\/\/www.lesta.it\/es\/empresa\/#breadcrumb\",\"itemListElement\":[{\"@type\":\"ListItem\",\"position\":1,\"name\":\"Home\",\"item\":\"https:\/\/www.lesta.it\/es\/\"},{\"@type\":\"ListItem\",\"position\":2,\"name\":\"Empresa\"}]},{\"@type\":\"WebSite\",\"@id\":\"https:\/\/www.lesta.it\/es\/#website\",\"url\":\"https:\/\/www.lesta.it\/es\/\",\"name\":\"Lesta\",\"description\":\"Your smart robotic finishing\",\"publisher\":{\"@id\":\"https:\/\/www.lesta.it\/es\/#organization\"},\"potentialAction\":[{\"@type\":\"SearchAction\",\"target\":{\"@type\":\"EntryPoint\",\"urlTemplate\":\"https:\/\/www.lesta.it\/es\/?s={search_term_string}\"},\"query-input\":{\"@type\":\"PropertyValueSpecification\",\"valueRequired\":true,\"valueName\":\"search_term_string\"}}],\"inLanguage\":\"es\"},{\"@type\":\"Organization\",\"@id\":\"https:\/\/www.lesta.it\/es\/#organization\",\"name\":\"Lesta\",\"url\":\"https:\/\/www.lesta.it\/es\/\",\"logo\":{\"@type\":\"ImageObject\",\"inLanguage\":\"es\",\"@id\":\"https:\/\/www.lesta.it\/es\/#\/schema\/logo\/image\/\",\"url\":\"https:\/\/lesta.it\/wp-content\/uploads\/2022\/02\/FotoContattaci-1.png\",\"contentUrl\":\"https:\/\/lesta.it\/wp-content\/uploads\/2022\/02\/FotoContattaci-1.png\",\"width\":710,\"height\":611,\"caption\":\"Lesta\"},\"image\":{\"@id\":\"https:\/\/www.lesta.it\/es\/#\/schema\/logo\/image\/\"}}]}<\/script>\n<!-- \/ Yoast SEO plugin. -->","yoast_head_json":{"title":"Lesta empresa fabricante de robots de pintura certificada con sede en Italia","description":"Lesta, empresa certificada fabricante de robots para pintura industrial, con sede en Italia, especializada en autoaprendizaje y automatizaci\u00f3n","robots":{"index":"index","follow":"follow","max-snippet":"max-snippet:-1","max-image-preview":"max-image-preview:large","max-video-preview":"max-video-preview:-1"},"canonical":"https:\/\/www.lesta.it\/es\/empresa\/","og_locale":"es_ES","og_type":"article","og_title":"Lesta empresa fabricante de robots de pintura certificada con sede en Italia","og_description":"Lesta, empresa certificada fabricante de robots para pintura industrial, con sede en Italia, especializada en autoaprendizaje y automatizaci\u00f3n","og_url":"https:\/\/www.lesta.it\/es\/empresa\/","og_site_name":"Lesta","article_modified_time":"2023-09-07T09:41:12+00:00","og_image":[{"width":1600,"height":552,"url":"https:\/\/www.lesta.it\/wp-content\/uploads\/2022\/02\/Contattaci-1600x1200-1-e1645797562826.jpg","type":"image\/jpeg"}],"twitter_card":"summary_large_image","twitter_misc":{"Tiempo de lectura":"1 minuto"},"schema":{"@context":"https:\/\/schema.org","@graph":[{"@type":"WebPage","@id":"https:\/\/www.lesta.it\/es\/empresa\/","url":"https:\/\/www.lesta.it\/es\/empresa\/","name":"Lesta empresa fabricante de robots de pintura certificada con sede en Italia","isPartOf":{"@id":"https:\/\/www.lesta.it\/es\/#website"},"primaryImageOfPage":{"@id":"https:\/\/www.lesta.it\/es\/empresa\/#primaryimage"},"image":{"@id":"https:\/\/www.lesta.it\/es\/empresa\/#primaryimage"},"thumbnailUrl":"https:\/\/www.lesta.it\/wp-content\/uploads\/2026\/02\/Immagine-AZIENDA1.jpg","datePublished":"2022-02-17T10:05:17+00:00","dateModified":"2023-09-07T09:41:12+00:00","description":"Lesta, empresa certificada fabricante de robots para pintura industrial, con sede en Italia, especializada en autoaprendizaje y automatizaci\u00f3n","breadcrumb":{"@id":"https:\/\/www.lesta.it\/es\/empresa\/#breadcrumb"},"inLanguage":"es","potentialAction":[{"@type":"ReadAction","target":["https:\/\/www.lesta.it\/es\/empresa\/"]}]},{"@type":"ImageObject","inLanguage":"es","@id":"https:\/\/www.lesta.it\/es\/empresa\/#primaryimage","url":"https:\/\/www.lesta.it\/wp-content\/uploads\/2026\/02\/Immagine-AZIENDA1.jpg","contentUrl":"https:\/\/www.lesta.it\/wp-content\/uploads\/2026\/02\/Immagine-AZIENDA1.jpg","width":1460,"height":360},{"@type":"BreadcrumbList","@id":"https:\/\/www.lesta.it\/es\/empresa\/#breadcrumb","itemListElement":[{"@type":"ListItem","position":1,"name":"Home","item":"https:\/\/www.lesta.it\/es\/"},{"@type":"ListItem","position":2,"name":"Empresa"}]},{"@type":"WebSite","@id":"https:\/\/www.lesta.it\/es\/#website","url":"https:\/\/www.lesta.it\/es\/","name":"Lesta","description":"Your smart robotic finishing","publisher":{"@id":"https:\/\/www.lesta.it\/es\/#organization"},"potentialAction":[{"@type":"SearchAction","target":{"@type":"EntryPoint","urlTemplate":"https:\/\/www.lesta.it\/es\/?s={search_term_string}"},"query-input":{"@type":"PropertyValueSpecification","valueRequired":true,"valueName":"search_term_string"}}],"inLanguage":"es"},{"@type":"Organization","@id":"https:\/\/www.lesta.it\/es\/#organization","name":"Lesta","url":"https:\/\/www.lesta.it\/es\/","logo":{"@type":"ImageObject","inLanguage":"es","@id":"https:\/\/www.lesta.it\/es\/#\/schema\/logo\/image\/","url":"https:\/\/lesta.it\/wp-content\/uploads\/2022\/02\/FotoContattaci-1.png","contentUrl":"https:\/\/lesta.it\/wp-content\/uploads\/2022\/02\/FotoContattaci-1.png","width":710,"height":611,"caption":"Lesta"},"image":{"@id":"https:\/\/www.lesta.it\/es\/#\/schema\/logo\/image\/"}}]}},"_links":{"self":[{"href":"https:\/\/www.lesta.it\/es\/wp-json\/wp\/v2\/pages\/3509","targetHints":{"allow":["GET"]}}],"collection":[{"href":"https:\/\/www.lesta.it\/es\/wp-json\/wp\/v2\/pages"}],"about":[{"href":"https:\/\/www.lesta.it\/es\/wp-json\/wp\/v2\/types\/page"}],"author":[{"embeddable":true,"href":"https:\/\/www.lesta.it\/es\/wp-json\/wp\/v2\/users\/1"}],"replies":[{"embeddable":true,"href":"https:\/\/www.lesta.it\/es\/wp-json\/wp\/v2\/comments?post=3509"}],"version-history":[{"count":5,"href":"https:\/\/www.lesta.it\/es\/wp-json\/wp\/v2\/pages\/3509\/revisions"}],"predecessor-version":[{"id":4037,"href":"https:\/\/www.lesta.it\/es\/wp-json\/wp\/v2\/pages\/3509\/revisions\/4037"}],"wp:featuredmedia":[{"embeddable":true,"href":"https:\/\/www.lesta.it\/es\/wp-json\/wp\/v2\/media\/5725"}],"wp:attachment":[{"href":"https:\/\/www.lesta.it\/es\/wp-json\/wp\/v2\/media?parent=3509"}],"curies":[{"name":"wp","href":"https:\/\/api.w.org\/{rel}","templated":true}]}}