{"id":3205,"date":"2022-01-27T10:41:03","date_gmt":"2022-01-27T09:41:03","guid":{"rendered":"https:\/\/lesta.it\/lesta-robot-di-verniciatura-automatici-in-autoapprendimento\/"},"modified":"2024-02-01T10:30:05","modified_gmt":"2024-02-01T09:30:05","slug":"lesta-robot-para-la-pintura-automatica-en-autoaprendizaje","status":"publish","type":"page","link":"https:\/\/www.lesta.it\/es\/","title":{"rendered":"P\u00e1gina principal"},"content":{"rendered":"","protected":false},"excerpt":{"rendered":"<\/p>\n","protected":false},"author":1,"featured_media":3206,"parent":0,"menu_order":0,"comment_status":"closed","ping_status":"open","template":"page-templates\/page-home.php","meta":{"_acf_changed":false,"inline_featured_image":false,"footnotes":""},"class_list":["post-3205","page","type-page","status-publish","has-post-thumbnail","hentry"],"acf":[],"yoast_head":"<!-- This site is optimized with the Yoast SEO plugin v24.8.1 - https:\/\/yoast.com\/wordpress\/plugins\/seo\/ -->\n<title>Lesta robot para la pintura autom\u00e1tica en autoaprendizaje<\/title>\n<meta name=\"description\" content=\"Lesta produce robots para la pintura y el acabado industrial autom\u00e1ticos con autoaprendizaje y sistemas de visi\u00f3n 3D y 2D\" \/>\n<meta name=\"robots\" content=\"index, follow, max-snippet:-1, max-image-preview:large, max-video-preview:-1\" \/>\n<link rel=\"canonical\" href=\"https:\/\/www.lesta.it\/es\/\" \/>\n<meta property=\"og:locale\" content=\"es_ES\" \/>\n<meta property=\"og:type\" content=\"article\" \/>\n<meta property=\"og:title\" content=\"Lesta robot para la pintura autom\u00e1tica en autoaprendizaje\" \/>\n<meta property=\"og:description\" content=\"Lesta produce robots para la pintura y el acabado industrial autom\u00e1ticos con autoaprendizaje y sistemas de visi\u00f3n 3D y 2D\" \/>\n<meta property=\"og:url\" content=\"https:\/\/www.lesta.it\/es\/\" \/>\n<meta property=\"og:site_name\" content=\"Lesta\" \/>\n<meta property=\"article:modified_time\" content=\"2024-02-01T09:30:05+00:00\" \/>\n<meta property=\"og:image\" content=\"https:\/\/www.lesta.it\/wp-content\/uploads\/2023\/11\/lesta.jpg\" \/>\n\t<meta property=\"og:image:width\" content=\"1200\" \/>\n\t<meta property=\"og:image:height\" content=\"630\" \/>\n\t<meta property=\"og:image:type\" content=\"image\/jpeg\" \/>\n<meta name=\"twitter:card\" content=\"summary_large_image\" \/>\n<meta name=\"twitter:title\" content=\"Lesta robot para la pintura autom\u00e1tica en autoaprendizaje\" \/>\n<meta name=\"twitter:description\" content=\"Lesta produce robots para la pintura y el acabado industrial autom\u00e1ticos con autoaprendizaje y sistemas de visi\u00f3n 3D y 2D\" \/>\n<meta name=\"twitter:image\" content=\"https:\/\/www.lesta.it\/wp-content\/uploads\/2023\/11\/lesta.jpg\" \/>\n<script type=\"application\/ld+json\" class=\"yoast-schema-graph\">{\"@context\":\"https:\/\/schema.org\",\"@graph\":[{\"@type\":\"WebPage\",\"@id\":\"https:\/\/www.lesta.it\/es\/\",\"url\":\"https:\/\/www.lesta.it\/es\/\",\"name\":\"Lesta robot para la pintura autom\u00e1tica en autoaprendizaje\",\"isPartOf\":{\"@id\":\"https:\/\/www.lesta.it\/es\/#website\"},\"primaryImageOfPage\":{\"@id\":\"https:\/\/www.lesta.it\/es\/#primaryimage\"},\"image\":{\"@id\":\"https:\/\/www.lesta.it\/es\/#primaryimage\"},\"thumbnailUrl\":\"https:\/\/www.lesta.it\/wp-content\/uploads\/2022\/04\/Anteprima-video-BIG-1920x1080-1.png\",\"datePublished\":\"2022-01-27T09:41:03+00:00\",\"dateModified\":\"2024-02-01T09:30:05+00:00\",\"description\":\"Lesta produce robots para la pintura y el acabado industrial autom\u00e1ticos con autoaprendizaje y sistemas de visi\u00f3n 3D y 2D\",\"breadcrumb\":{\"@id\":\"https:\/\/www.lesta.it\/es\/#breadcrumb\"},\"inLanguage\":\"es\",\"potentialAction\":[{\"@type\":\"ReadAction\",\"target\":[\"https:\/\/www.lesta.it\/es\/\"]}]},{\"@type\":\"ImageObject\",\"inLanguage\":\"es\",\"@id\":\"https:\/\/www.lesta.it\/es\/#primaryimage\",\"url\":\"https:\/\/www.lesta.it\/wp-content\/uploads\/2022\/04\/Anteprima-video-BIG-1920x1080-1.png\",\"contentUrl\":\"https:\/\/www.lesta.it\/wp-content\/uploads\/2022\/04\/Anteprima-video-BIG-1920x1080-1.png\",\"width\":1920,\"height\":1080,\"caption\":\"Anteprima video BIG 1920x1080 1\"},{\"@type\":\"BreadcrumbList\",\"@id\":\"https:\/\/www.lesta.it\/es\/#breadcrumb\",\"itemListElement\":[{\"@type\":\"ListItem\",\"position\":1,\"name\":\"Home\",\"item\":\"https:\/\/www.lesta.it\/es\/\"},{\"@type\":\"ListItem\",\"position\":2,\"name\":\"robot per la verniciatura automatica in autoapprendimento\"}]},{\"@type\":\"WebSite\",\"@id\":\"https:\/\/www.lesta.it\/es\/#website\",\"url\":\"https:\/\/www.lesta.it\/es\/\",\"name\":\"Lesta\",\"description\":\"Your smart robotic finishing\",\"publisher\":{\"@id\":\"https:\/\/www.lesta.it\/es\/#organization\"},\"potentialAction\":[{\"@type\":\"SearchAction\",\"target\":{\"@type\":\"EntryPoint\",\"urlTemplate\":\"https:\/\/www.lesta.it\/es\/?s={search_term_string}\"},\"query-input\":{\"@type\":\"PropertyValueSpecification\",\"valueRequired\":true,\"valueName\":\"search_term_string\"}}],\"inLanguage\":\"es\"},{\"@type\":\"Organization\",\"@id\":\"https:\/\/www.lesta.it\/es\/#organization\",\"name\":\"Lesta\",\"url\":\"https:\/\/www.lesta.it\/es\/\",\"logo\":{\"@type\":\"ImageObject\",\"inLanguage\":\"es\",\"@id\":\"https:\/\/www.lesta.it\/es\/#\/schema\/logo\/image\/\",\"url\":\"https:\/\/lesta.it\/wp-content\/uploads\/2022\/02\/FotoContattaci-1.png\",\"contentUrl\":\"https:\/\/lesta.it\/wp-content\/uploads\/2022\/02\/FotoContattaci-1.png\",\"width\":710,\"height\":611,\"caption\":\"Lesta\"},\"image\":{\"@id\":\"https:\/\/www.lesta.it\/es\/#\/schema\/logo\/image\/\"}}]}<\/script>\n<!-- \/ Yoast SEO plugin. -->","yoast_head_json":{"title":"Lesta robot para la pintura autom\u00e1tica en autoaprendizaje","description":"Lesta produce robots para la pintura y el acabado industrial autom\u00e1ticos con autoaprendizaje y sistemas de visi\u00f3n 3D y 2D","robots":{"index":"index","follow":"follow","max-snippet":"max-snippet:-1","max-image-preview":"max-image-preview:large","max-video-preview":"max-video-preview:-1"},"canonical":"https:\/\/www.lesta.it\/es\/","og_locale":"es_ES","og_type":"article","og_title":"Lesta robot para la pintura autom\u00e1tica en autoaprendizaje","og_description":"Lesta produce robots para la pintura y el acabado industrial autom\u00e1ticos con autoaprendizaje y sistemas de visi\u00f3n 3D y 2D","og_url":"https:\/\/www.lesta.it\/es\/","og_site_name":"Lesta","article_modified_time":"2024-02-01T09:30:05+00:00","og_image":[{"width":1200,"height":630,"url":"https:\/\/www.lesta.it\/wp-content\/uploads\/2023\/11\/lesta.jpg","type":"image\/jpeg"}],"twitter_card":"summary_large_image","twitter_title":"Lesta robot para la pintura autom\u00e1tica en autoaprendizaje","twitter_description":"Lesta produce robots para la pintura y el acabado industrial autom\u00e1ticos con autoaprendizaje y sistemas de visi\u00f3n 3D y 2D","twitter_image":"https:\/\/www.lesta.it\/wp-content\/uploads\/2023\/11\/lesta.jpg","schema":{"@context":"https:\/\/schema.org","@graph":[{"@type":"WebPage","@id":"https:\/\/www.lesta.it\/es\/","url":"https:\/\/www.lesta.it\/es\/","name":"Lesta robot para la pintura autom\u00e1tica en autoaprendizaje","isPartOf":{"@id":"https:\/\/www.lesta.it\/es\/#website"},"primaryImageOfPage":{"@id":"https:\/\/www.lesta.it\/es\/#primaryimage"},"image":{"@id":"https:\/\/www.lesta.it\/es\/#primaryimage"},"thumbnailUrl":"https:\/\/www.lesta.it\/wp-content\/uploads\/2022\/04\/Anteprima-video-BIG-1920x1080-1.png","datePublished":"2022-01-27T09:41:03+00:00","dateModified":"2024-02-01T09:30:05+00:00","description":"Lesta produce robots para la pintura y el acabado industrial autom\u00e1ticos con autoaprendizaje y sistemas de visi\u00f3n 3D y 2D","breadcrumb":{"@id":"https:\/\/www.lesta.it\/es\/#breadcrumb"},"inLanguage":"es","potentialAction":[{"@type":"ReadAction","target":["https:\/\/www.lesta.it\/es\/"]}]},{"@type":"ImageObject","inLanguage":"es","@id":"https:\/\/www.lesta.it\/es\/#primaryimage","url":"https:\/\/www.lesta.it\/wp-content\/uploads\/2022\/04\/Anteprima-video-BIG-1920x1080-1.png","contentUrl":"https:\/\/www.lesta.it\/wp-content\/uploads\/2022\/04\/Anteprima-video-BIG-1920x1080-1.png","width":1920,"height":1080,"caption":"Anteprima video BIG 1920x1080 1"},{"@type":"BreadcrumbList","@id":"https:\/\/www.lesta.it\/es\/#breadcrumb","itemListElement":[{"@type":"ListItem","position":1,"name":"Home","item":"https:\/\/www.lesta.it\/es\/"},{"@type":"ListItem","position":2,"name":"robot per la verniciatura automatica in autoapprendimento"}]},{"@type":"WebSite","@id":"https:\/\/www.lesta.it\/es\/#website","url":"https:\/\/www.lesta.it\/es\/","name":"Lesta","description":"Your smart robotic finishing","publisher":{"@id":"https:\/\/www.lesta.it\/es\/#organization"},"potentialAction":[{"@type":"SearchAction","target":{"@type":"EntryPoint","urlTemplate":"https:\/\/www.lesta.it\/es\/?s={search_term_string}"},"query-input":{"@type":"PropertyValueSpecification","valueRequired":true,"valueName":"search_term_string"}}],"inLanguage":"es"},{"@type":"Organization","@id":"https:\/\/www.lesta.it\/es\/#organization","name":"Lesta","url":"https:\/\/www.lesta.it\/es\/","logo":{"@type":"ImageObject","inLanguage":"es","@id":"https:\/\/www.lesta.it\/es\/#\/schema\/logo\/image\/","url":"https:\/\/lesta.it\/wp-content\/uploads\/2022\/02\/FotoContattaci-1.png","contentUrl":"https:\/\/lesta.it\/wp-content\/uploads\/2022\/02\/FotoContattaci-1.png","width":710,"height":611,"caption":"Lesta"},"image":{"@id":"https:\/\/www.lesta.it\/es\/#\/schema\/logo\/image\/"}}]}},"_links":{"self":[{"href":"https:\/\/www.lesta.it\/es\/wp-json\/wp\/v2\/pages\/3205","targetHints":{"allow":["GET"]}}],"collection":[{"href":"https:\/\/www.lesta.it\/es\/wp-json\/wp\/v2\/pages"}],"about":[{"href":"https:\/\/www.lesta.it\/es\/wp-json\/wp\/v2\/types\/page"}],"author":[{"embeddable":true,"href":"https:\/\/www.lesta.it\/es\/wp-json\/wp\/v2\/users\/1"}],"replies":[{"embeddable":true,"href":"https:\/\/www.lesta.it\/es\/wp-json\/wp\/v2\/comments?post=3205"}],"version-history":[{"count":6,"href":"https:\/\/www.lesta.it\/es\/wp-json\/wp\/v2\/pages\/3205\/revisions"}],"predecessor-version":[{"id":4087,"href":"https:\/\/www.lesta.it\/es\/wp-json\/wp\/v2\/pages\/3205\/revisions\/4087"}],"wp:featuredmedia":[{"embeddable":true,"href":"https:\/\/www.lesta.it\/es\/wp-json\/wp\/v2\/media\/3206"}],"wp:attachment":[{"href":"https:\/\/www.lesta.it\/es\/wp-json\/wp\/v2\/media?parent=3205"}],"curies":[{"name":"wp","href":"https:\/\/api.w.org\/{rel}","templated":true}]}}