{"id":2058,"date":"2022-08-31T10:59:22","date_gmt":"2022-08-31T08:59:22","guid":{"rendered":"https:\/\/lesta.it\/accessori\/"},"modified":"2022-09-27T09:40:04","modified_gmt":"2022-09-27T07:40:04","slug":"accessories","status":"publish","type":"page","link":"https:\/\/www.lesta.it\/en\/accessories\/","title":{"rendered":"Accessories"},"content":{"rendered":"","protected":false},"excerpt":{"rendered":"<\/p>\n","protected":false},"author":1,"featured_media":4480,"parent":0,"menu_order":0,"comment_status":"closed","ping_status":"closed","template":"page-templates\/page-listato-prodotti.php","meta":{"_acf_changed":false,"inline_featured_image":false,"footnotes":""},"class_list":["post-2058","page","type-page","status-publish","has-post-thumbnail","hentry"],"acf":[],"yoast_head":"<!-- This site is optimized with the Yoast SEO plugin v24.8.1 - https:\/\/yoast.com\/wordpress\/plugins\/seo\/ -->\n<title>Accessories for automating your painting and finishing plant<\/title>\n<meta name=\"description\" content=\"Accessories for the automation of your painting and finishing plant. Self-learning robots that reproduce the work of your painter\" \/>\n<meta name=\"robots\" content=\"index, follow, max-snippet:-1, max-image-preview:large, max-video-preview:-1\" \/>\n<link rel=\"canonical\" href=\"https:\/\/www.lesta.it\/en\/accessories\/\" \/>\n<meta property=\"og:locale\" content=\"en_US\" \/>\n<meta property=\"og:type\" content=\"article\" \/>\n<meta property=\"og:title\" content=\"Accessories for automating your painting and finishing plant\" \/>\n<meta property=\"og:description\" content=\"Accessories for the automation of your painting and finishing plant. Self-learning robots that reproduce the work of your painter\" \/>\n<meta property=\"og:url\" content=\"https:\/\/www.lesta.it\/en\/accessories\/\" \/>\n<meta property=\"og:site_name\" content=\"Lesta\" \/>\n<meta property=\"article:modified_time\" content=\"2022-09-27T07:40:04+00:00\" \/>\n<meta property=\"og:image\" content=\"https:\/\/www.lesta.it\/wp-content\/uploads\/2024\/08\/ImageMATCH-2D-02-anteprima-listato.jpg\" \/>\n\t<meta property=\"og:image:width\" content=\"700\" \/>\n\t<meta property=\"og:image:height\" content=\"700\" \/>\n\t<meta property=\"og:image:type\" content=\"image\/jpeg\" \/>\n<meta name=\"twitter:card\" content=\"summary_large_image\" \/>\n<script type=\"application\/ld+json\" class=\"yoast-schema-graph\">{\"@context\":\"https:\/\/schema.org\",\"@graph\":[{\"@type\":\"WebPage\",\"@id\":\"https:\/\/www.lesta.it\/en\/accessories\/\",\"url\":\"https:\/\/www.lesta.it\/en\/accessories\/\",\"name\":\"Accessories for automating your painting and finishing plant\",\"isPartOf\":{\"@id\":\"https:\/\/www.lesta.it\/en\/#website\"},\"primaryImageOfPage\":{\"@id\":\"https:\/\/www.lesta.it\/en\/accessories\/#primaryimage\"},\"image\":{\"@id\":\"https:\/\/www.lesta.it\/en\/accessories\/#primaryimage\"},\"thumbnailUrl\":\"https:\/\/www.lesta.it\/wp-content\/uploads\/2024\/08\/ImageMATCH-2D-02-anteprima-listato.jpg\",\"datePublished\":\"2022-08-31T08:59:22+00:00\",\"dateModified\":\"2022-09-27T07:40:04+00:00\",\"description\":\"Accessories for the automation of your painting and finishing plant. Self-learning robots that reproduce the work of your painter\",\"breadcrumb\":{\"@id\":\"https:\/\/www.lesta.it\/en\/accessories\/#breadcrumb\"},\"inLanguage\":\"en-US\",\"potentialAction\":[{\"@type\":\"ReadAction\",\"target\":[\"https:\/\/www.lesta.it\/en\/accessories\/\"]}]},{\"@type\":\"ImageObject\",\"inLanguage\":\"en-US\",\"@id\":\"https:\/\/www.lesta.it\/en\/accessories\/#primaryimage\",\"url\":\"https:\/\/www.lesta.it\/wp-content\/uploads\/2024\/08\/ImageMATCH-2D-02-anteprima-listato.jpg\",\"contentUrl\":\"https:\/\/www.lesta.it\/wp-content\/uploads\/2024\/08\/ImageMATCH-2D-02-anteprima-listato.jpg\",\"width\":700,\"height\":700,\"caption\":\"Sistema di verniciatura autonoma con riconoscimento pezzo. Image MATCH 2D \u00e8 un sistema composto da un software dedicato e di una coppia di barriere fotoelettriche, utilizzato su linea in grado di identificare le superfici 2D dei pezzi e associare il programma di verniciatura corrispondente. In una prima fase di lavoro vengono insegnate le verniciature per ogni tipo di pezzo, dopodich\u00e8 \u00e8 semplicemente necessario caricare la linea di approvvigionamento con i pezzi da verniciare. Image MATCH 2D si occuper\u00e0 di riconoscere i pezzi, associarli agli insegnamenti corrispondenti e di verniciare. Questo sistema \u00e8 adatto ad impianti di verniciatura e finitura industriale sia a liquido che a polvere.\"},{\"@type\":\"BreadcrumbList\",\"@id\":\"https:\/\/www.lesta.it\/en\/accessories\/#breadcrumb\",\"itemListElement\":[{\"@type\":\"ListItem\",\"position\":1,\"name\":\"Home\",\"item\":\"https:\/\/www.lesta.it\/en\/\"},{\"@type\":\"ListItem\",\"position\":2,\"name\":\"Accessories\"}]},{\"@type\":\"WebSite\",\"@id\":\"https:\/\/www.lesta.it\/en\/#website\",\"url\":\"https:\/\/www.lesta.it\/en\/\",\"name\":\"Lesta\",\"description\":\"Your smart robotic finishing\",\"publisher\":{\"@id\":\"https:\/\/www.lesta.it\/en\/#organization\"},\"potentialAction\":[{\"@type\":\"SearchAction\",\"target\":{\"@type\":\"EntryPoint\",\"urlTemplate\":\"https:\/\/www.lesta.it\/en\/?s={search_term_string}\"},\"query-input\":{\"@type\":\"PropertyValueSpecification\",\"valueRequired\":true,\"valueName\":\"search_term_string\"}}],\"inLanguage\":\"en-US\"},{\"@type\":\"Organization\",\"@id\":\"https:\/\/www.lesta.it\/en\/#organization\",\"name\":\"Lesta\",\"url\":\"https:\/\/www.lesta.it\/en\/\",\"logo\":{\"@type\":\"ImageObject\",\"inLanguage\":\"en-US\",\"@id\":\"https:\/\/www.lesta.it\/en\/#\/schema\/logo\/image\/\",\"url\":\"https:\/\/lesta.it\/wp-content\/uploads\/2022\/02\/FotoContattaci-1.png\",\"contentUrl\":\"https:\/\/lesta.it\/wp-content\/uploads\/2022\/02\/FotoContattaci-1.png\",\"width\":710,\"height\":611,\"caption\":\"Lesta\"},\"image\":{\"@id\":\"https:\/\/www.lesta.it\/en\/#\/schema\/logo\/image\/\"}}]}<\/script>\n<!-- \/ Yoast SEO plugin. -->","yoast_head_json":{"title":"Accessories for automating your painting and finishing plant","description":"Accessories for the automation of your painting and finishing plant. Self-learning robots that reproduce the work of your painter","robots":{"index":"index","follow":"follow","max-snippet":"max-snippet:-1","max-image-preview":"max-image-preview:large","max-video-preview":"max-video-preview:-1"},"canonical":"https:\/\/www.lesta.it\/en\/accessories\/","og_locale":"en_US","og_type":"article","og_title":"Accessories for automating your painting and finishing plant","og_description":"Accessories for the automation of your painting and finishing plant. Self-learning robots that reproduce the work of your painter","og_url":"https:\/\/www.lesta.it\/en\/accessories\/","og_site_name":"Lesta","article_modified_time":"2022-09-27T07:40:04+00:00","og_image":[{"width":700,"height":700,"url":"https:\/\/www.lesta.it\/wp-content\/uploads\/2024\/08\/ImageMATCH-2D-02-anteprima-listato.jpg","type":"image\/jpeg"}],"twitter_card":"summary_large_image","schema":{"@context":"https:\/\/schema.org","@graph":[{"@type":"WebPage","@id":"https:\/\/www.lesta.it\/en\/accessories\/","url":"https:\/\/www.lesta.it\/en\/accessories\/","name":"Accessories for automating your painting and finishing plant","isPartOf":{"@id":"https:\/\/www.lesta.it\/en\/#website"},"primaryImageOfPage":{"@id":"https:\/\/www.lesta.it\/en\/accessories\/#primaryimage"},"image":{"@id":"https:\/\/www.lesta.it\/en\/accessories\/#primaryimage"},"thumbnailUrl":"https:\/\/www.lesta.it\/wp-content\/uploads\/2024\/08\/ImageMATCH-2D-02-anteprima-listato.jpg","datePublished":"2022-08-31T08:59:22+00:00","dateModified":"2022-09-27T07:40:04+00:00","description":"Accessories for the automation of your painting and finishing plant. Self-learning robots that reproduce the work of your painter","breadcrumb":{"@id":"https:\/\/www.lesta.it\/en\/accessories\/#breadcrumb"},"inLanguage":"en-US","potentialAction":[{"@type":"ReadAction","target":["https:\/\/www.lesta.it\/en\/accessories\/"]}]},{"@type":"ImageObject","inLanguage":"en-US","@id":"https:\/\/www.lesta.it\/en\/accessories\/#primaryimage","url":"https:\/\/www.lesta.it\/wp-content\/uploads\/2024\/08\/ImageMATCH-2D-02-anteprima-listato.jpg","contentUrl":"https:\/\/www.lesta.it\/wp-content\/uploads\/2024\/08\/ImageMATCH-2D-02-anteprima-listato.jpg","width":700,"height":700,"caption":"Sistema di verniciatura autonoma con riconoscimento pezzo. Image MATCH 2D \u00e8 un sistema composto da un software dedicato e di una coppia di barriere fotoelettriche, utilizzato su linea in grado di identificare le superfici 2D dei pezzi e associare il programma di verniciatura corrispondente. In una prima fase di lavoro vengono insegnate le verniciature per ogni tipo di pezzo, dopodich\u00e8 \u00e8 semplicemente necessario caricare la linea di approvvigionamento con i pezzi da verniciare. Image MATCH 2D si occuper\u00e0 di riconoscere i pezzi, associarli agli insegnamenti corrispondenti e di verniciare. Questo sistema \u00e8 adatto ad impianti di verniciatura e finitura industriale sia a liquido che a polvere."},{"@type":"BreadcrumbList","@id":"https:\/\/www.lesta.it\/en\/accessories\/#breadcrumb","itemListElement":[{"@type":"ListItem","position":1,"name":"Home","item":"https:\/\/www.lesta.it\/en\/"},{"@type":"ListItem","position":2,"name":"Accessories"}]},{"@type":"WebSite","@id":"https:\/\/www.lesta.it\/en\/#website","url":"https:\/\/www.lesta.it\/en\/","name":"Lesta","description":"Your smart robotic finishing","publisher":{"@id":"https:\/\/www.lesta.it\/en\/#organization"},"potentialAction":[{"@type":"SearchAction","target":{"@type":"EntryPoint","urlTemplate":"https:\/\/www.lesta.it\/en\/?s={search_term_string}"},"query-input":{"@type":"PropertyValueSpecification","valueRequired":true,"valueName":"search_term_string"}}],"inLanguage":"en-US"},{"@type":"Organization","@id":"https:\/\/www.lesta.it\/en\/#organization","name":"Lesta","url":"https:\/\/www.lesta.it\/en\/","logo":{"@type":"ImageObject","inLanguage":"en-US","@id":"https:\/\/www.lesta.it\/en\/#\/schema\/logo\/image\/","url":"https:\/\/lesta.it\/wp-content\/uploads\/2022\/02\/FotoContattaci-1.png","contentUrl":"https:\/\/lesta.it\/wp-content\/uploads\/2022\/02\/FotoContattaci-1.png","width":710,"height":611,"caption":"Lesta"},"image":{"@id":"https:\/\/www.lesta.it\/en\/#\/schema\/logo\/image\/"}}]}},"_links":{"self":[{"href":"https:\/\/www.lesta.it\/en\/wp-json\/wp\/v2\/pages\/2058","targetHints":{"allow":["GET"]}}],"collection":[{"href":"https:\/\/www.lesta.it\/en\/wp-json\/wp\/v2\/pages"}],"about":[{"href":"https:\/\/www.lesta.it\/en\/wp-json\/wp\/v2\/types\/page"}],"author":[{"embeddable":true,"href":"https:\/\/www.lesta.it\/en\/wp-json\/wp\/v2\/users\/1"}],"replies":[{"embeddable":true,"href":"https:\/\/www.lesta.it\/en\/wp-json\/wp\/v2\/comments?post=2058"}],"version-history":[{"count":3,"href":"https:\/\/www.lesta.it\/en\/wp-json\/wp\/v2\/pages\/2058\/revisions"}],"predecessor-version":[{"id":2062,"href":"https:\/\/www.lesta.it\/en\/wp-json\/wp\/v2\/pages\/2058\/revisions\/2062"}],"wp:featuredmedia":[{"embeddable":true,"href":"https:\/\/www.lesta.it\/en\/wp-json\/wp\/v2\/media\/4480"}],"wp:attachment":[{"href":"https:\/\/www.lesta.it\/en\/wp-json\/wp\/v2\/media?parent=2058"}],"curies":[{"name":"wp","href":"https:\/\/api.w.org\/{rel}","templated":true}]}}