{"id":1721,"date":"2022-08-31T10:59:22","date_gmt":"2022-08-31T08:59:22","guid":{"rendered":"https:\/\/lesta.it\/accessori\/"},"modified":"2022-09-02T09:30:17","modified_gmt":"2022-09-02T07:30:17","slug":"zubehoer","status":"publish","type":"page","link":"https:\/\/www.lesta.it\/de\/zubehoer\/","title":{"rendered":"Zubeh\u00f6r"},"content":{"rendered":"","protected":false},"excerpt":{"rendered":"<\/p>\n","protected":false},"author":1,"featured_media":4481,"parent":0,"menu_order":0,"comment_status":"closed","ping_status":"closed","template":"page-templates\/page-listato-prodotti.php","meta":{"_acf_changed":false,"inline_featured_image":false,"footnotes":""},"class_list":["post-1721","page","type-page","status-publish","has-post-thumbnail","hentry"],"acf":[],"yoast_head":"<!-- This site is optimized with the Yoast SEO plugin v24.8.1 - https:\/\/yoast.com\/wordpress\/plugins\/seo\/ -->\n<title>Zubeh\u00f6r - Lesta<\/title>\n<meta name=\"description\" content=\"Zubeh\u00f6r - Lesta\" \/>\n<meta name=\"robots\" content=\"index, follow, max-snippet:-1, max-image-preview:large, max-video-preview:-1\" \/>\n<link rel=\"canonical\" href=\"https:\/\/www.lesta.it\/de\/zubehoer\/\" \/>\n<meta property=\"og:locale\" content=\"de_DE\" \/>\n<meta property=\"og:type\" content=\"article\" \/>\n<meta property=\"og:title\" content=\"Zubeh\u00f6r - Lesta\" \/>\n<meta property=\"og:description\" content=\"Zubeh\u00f6r - Lesta\" \/>\n<meta property=\"og:url\" content=\"https:\/\/www.lesta.it\/de\/zubehoer\/\" \/>\n<meta property=\"og:site_name\" content=\"Lesta\" \/>\n<meta property=\"article:modified_time\" content=\"2022-09-02T07:30:17+00:00\" \/>\n<meta property=\"og:image\" content=\"https:\/\/www.lesta.it\/wp-content\/uploads\/2024\/08\/ImageMATCH-2D-02-anteprima-listato.jpg\" \/>\n\t<meta property=\"og:image:width\" content=\"700\" \/>\n\t<meta property=\"og:image:height\" content=\"700\" \/>\n\t<meta property=\"og:image:type\" content=\"image\/jpeg\" \/>\n<meta name=\"twitter:card\" content=\"summary_large_image\" \/>\n<script type=\"application\/ld+json\" class=\"yoast-schema-graph\">{\"@context\":\"https:\/\/schema.org\",\"@graph\":[{\"@type\":\"WebPage\",\"@id\":\"https:\/\/www.lesta.it\/de\/zubehoer\/\",\"url\":\"https:\/\/www.lesta.it\/de\/zubehoer\/\",\"name\":\"Zubeh\u00f6r - Lesta\",\"isPartOf\":{\"@id\":\"https:\/\/www.lesta.it\/de\/#website\"},\"primaryImageOfPage\":{\"@id\":\"https:\/\/www.lesta.it\/de\/zubehoer\/#primaryimage\"},\"image\":{\"@id\":\"https:\/\/www.lesta.it\/de\/zubehoer\/#primaryimage\"},\"thumbnailUrl\":\"https:\/\/www.lesta.it\/wp-content\/uploads\/2024\/08\/ImageMATCH-2D-02-anteprima-listato.jpg\",\"datePublished\":\"2022-08-31T08:59:22+00:00\",\"dateModified\":\"2022-09-02T07:30:17+00:00\",\"description\":\"Zubeh\u00f6r - Lesta\",\"breadcrumb\":{\"@id\":\"https:\/\/www.lesta.it\/de\/zubehoer\/#breadcrumb\"},\"inLanguage\":\"de\",\"potentialAction\":[{\"@type\":\"ReadAction\",\"target\":[\"https:\/\/www.lesta.it\/de\/zubehoer\/\"]}]},{\"@type\":\"ImageObject\",\"inLanguage\":\"de\",\"@id\":\"https:\/\/www.lesta.it\/de\/zubehoer\/#primaryimage\",\"url\":\"https:\/\/www.lesta.it\/wp-content\/uploads\/2024\/08\/ImageMATCH-2D-02-anteprima-listato.jpg\",\"contentUrl\":\"https:\/\/www.lesta.it\/wp-content\/uploads\/2024\/08\/ImageMATCH-2D-02-anteprima-listato.jpg\",\"width\":700,\"height\":700,\"caption\":\"Sistema di verniciatura autonoma con riconoscimento pezzo. Image MATCH 2D \u00e8 un sistema composto da un software dedicato e di una coppia di barriere fotoelettriche, utilizzato su linea in grado di identificare le superfici 2D dei pezzi e associare il programma di verniciatura corrispondente. In una prima fase di lavoro vengono insegnate le verniciature per ogni tipo di pezzo, dopodich\u00e8 \u00e8 semplicemente necessario caricare la linea di approvvigionamento con i pezzi da verniciare. Image MATCH 2D si occuper\u00e0 di riconoscere i pezzi, associarli agli insegnamenti corrispondenti e di verniciare. Questo sistema \u00e8 adatto ad impianti di verniciatura e finitura industriale sia a liquido che a polvere.\"},{\"@type\":\"BreadcrumbList\",\"@id\":\"https:\/\/www.lesta.it\/de\/zubehoer\/#breadcrumb\",\"itemListElement\":[{\"@type\":\"ListItem\",\"position\":1,\"name\":\"Home\",\"item\":\"https:\/\/www.lesta.it\/de\/\"},{\"@type\":\"ListItem\",\"position\":2,\"name\":\"Zubeh\u00f6r\"}]},{\"@type\":\"WebSite\",\"@id\":\"https:\/\/www.lesta.it\/de\/#website\",\"url\":\"https:\/\/www.lesta.it\/de\/\",\"name\":\"Lesta\",\"description\":\"Your smart robotic finishing\",\"publisher\":{\"@id\":\"https:\/\/www.lesta.it\/de\/#organization\"},\"potentialAction\":[{\"@type\":\"SearchAction\",\"target\":{\"@type\":\"EntryPoint\",\"urlTemplate\":\"https:\/\/www.lesta.it\/de\/?s={search_term_string}\"},\"query-input\":{\"@type\":\"PropertyValueSpecification\",\"valueRequired\":true,\"valueName\":\"search_term_string\"}}],\"inLanguage\":\"de\"},{\"@type\":\"Organization\",\"@id\":\"https:\/\/www.lesta.it\/de\/#organization\",\"name\":\"Lesta\",\"url\":\"https:\/\/www.lesta.it\/de\/\",\"logo\":{\"@type\":\"ImageObject\",\"inLanguage\":\"de\",\"@id\":\"https:\/\/www.lesta.it\/de\/#\/schema\/logo\/image\/\",\"url\":\"https:\/\/lesta.it\/wp-content\/uploads\/2022\/02\/FotoContattaci-1.png\",\"contentUrl\":\"https:\/\/lesta.it\/wp-content\/uploads\/2022\/02\/FotoContattaci-1.png\",\"width\":710,\"height\":611,\"caption\":\"Lesta\"},\"image\":{\"@id\":\"https:\/\/www.lesta.it\/de\/#\/schema\/logo\/image\/\"}}]}<\/script>\n<!-- \/ Yoast SEO plugin. -->","yoast_head_json":{"title":"Zubeh\u00f6r - Lesta","description":"Zubeh\u00f6r - Lesta","robots":{"index":"index","follow":"follow","max-snippet":"max-snippet:-1","max-image-preview":"max-image-preview:large","max-video-preview":"max-video-preview:-1"},"canonical":"https:\/\/www.lesta.it\/de\/zubehoer\/","og_locale":"de_DE","og_type":"article","og_title":"Zubeh\u00f6r - Lesta","og_description":"Zubeh\u00f6r - Lesta","og_url":"https:\/\/www.lesta.it\/de\/zubehoer\/","og_site_name":"Lesta","article_modified_time":"2022-09-02T07:30:17+00:00","og_image":[{"width":700,"height":700,"url":"https:\/\/www.lesta.it\/wp-content\/uploads\/2024\/08\/ImageMATCH-2D-02-anteprima-listato.jpg","type":"image\/jpeg"}],"twitter_card":"summary_large_image","schema":{"@context":"https:\/\/schema.org","@graph":[{"@type":"WebPage","@id":"https:\/\/www.lesta.it\/de\/zubehoer\/","url":"https:\/\/www.lesta.it\/de\/zubehoer\/","name":"Zubeh\u00f6r - Lesta","isPartOf":{"@id":"https:\/\/www.lesta.it\/de\/#website"},"primaryImageOfPage":{"@id":"https:\/\/www.lesta.it\/de\/zubehoer\/#primaryimage"},"image":{"@id":"https:\/\/www.lesta.it\/de\/zubehoer\/#primaryimage"},"thumbnailUrl":"https:\/\/www.lesta.it\/wp-content\/uploads\/2024\/08\/ImageMATCH-2D-02-anteprima-listato.jpg","datePublished":"2022-08-31T08:59:22+00:00","dateModified":"2022-09-02T07:30:17+00:00","description":"Zubeh\u00f6r - Lesta","breadcrumb":{"@id":"https:\/\/www.lesta.it\/de\/zubehoer\/#breadcrumb"},"inLanguage":"de","potentialAction":[{"@type":"ReadAction","target":["https:\/\/www.lesta.it\/de\/zubehoer\/"]}]},{"@type":"ImageObject","inLanguage":"de","@id":"https:\/\/www.lesta.it\/de\/zubehoer\/#primaryimage","url":"https:\/\/www.lesta.it\/wp-content\/uploads\/2024\/08\/ImageMATCH-2D-02-anteprima-listato.jpg","contentUrl":"https:\/\/www.lesta.it\/wp-content\/uploads\/2024\/08\/ImageMATCH-2D-02-anteprima-listato.jpg","width":700,"height":700,"caption":"Sistema di verniciatura autonoma con riconoscimento pezzo. Image MATCH 2D \u00e8 un sistema composto da un software dedicato e di una coppia di barriere fotoelettriche, utilizzato su linea in grado di identificare le superfici 2D dei pezzi e associare il programma di verniciatura corrispondente. In una prima fase di lavoro vengono insegnate le verniciature per ogni tipo di pezzo, dopodich\u00e8 \u00e8 semplicemente necessario caricare la linea di approvvigionamento con i pezzi da verniciare. Image MATCH 2D si occuper\u00e0 di riconoscere i pezzi, associarli agli insegnamenti corrispondenti e di verniciare. Questo sistema \u00e8 adatto ad impianti di verniciatura e finitura industriale sia a liquido che a polvere."},{"@type":"BreadcrumbList","@id":"https:\/\/www.lesta.it\/de\/zubehoer\/#breadcrumb","itemListElement":[{"@type":"ListItem","position":1,"name":"Home","item":"https:\/\/www.lesta.it\/de\/"},{"@type":"ListItem","position":2,"name":"Zubeh\u00f6r"}]},{"@type":"WebSite","@id":"https:\/\/www.lesta.it\/de\/#website","url":"https:\/\/www.lesta.it\/de\/","name":"Lesta","description":"Your smart robotic finishing","publisher":{"@id":"https:\/\/www.lesta.it\/de\/#organization"},"potentialAction":[{"@type":"SearchAction","target":{"@type":"EntryPoint","urlTemplate":"https:\/\/www.lesta.it\/de\/?s={search_term_string}"},"query-input":{"@type":"PropertyValueSpecification","valueRequired":true,"valueName":"search_term_string"}}],"inLanguage":"de"},{"@type":"Organization","@id":"https:\/\/www.lesta.it\/de\/#organization","name":"Lesta","url":"https:\/\/www.lesta.it\/de\/","logo":{"@type":"ImageObject","inLanguage":"de","@id":"https:\/\/www.lesta.it\/de\/#\/schema\/logo\/image\/","url":"https:\/\/lesta.it\/wp-content\/uploads\/2022\/02\/FotoContattaci-1.png","contentUrl":"https:\/\/lesta.it\/wp-content\/uploads\/2022\/02\/FotoContattaci-1.png","width":710,"height":611,"caption":"Lesta"},"image":{"@id":"https:\/\/www.lesta.it\/de\/#\/schema\/logo\/image\/"}}]}},"_links":{"self":[{"href":"https:\/\/www.lesta.it\/de\/wp-json\/wp\/v2\/pages\/1721","targetHints":{"allow":["GET"]}}],"collection":[{"href":"https:\/\/www.lesta.it\/de\/wp-json\/wp\/v2\/pages"}],"about":[{"href":"https:\/\/www.lesta.it\/de\/wp-json\/wp\/v2\/types\/page"}],"author":[{"embeddable":true,"href":"https:\/\/www.lesta.it\/de\/wp-json\/wp\/v2\/users\/1"}],"replies":[{"embeddable":true,"href":"https:\/\/www.lesta.it\/de\/wp-json\/wp\/v2\/comments?post=1721"}],"version-history":[{"count":1,"href":"https:\/\/www.lesta.it\/de\/wp-json\/wp\/v2\/pages\/1721\/revisions"}],"predecessor-version":[{"id":1722,"href":"https:\/\/www.lesta.it\/de\/wp-json\/wp\/v2\/pages\/1721\/revisions\/1722"}],"wp:featuredmedia":[{"embeddable":true,"href":"https:\/\/www.lesta.it\/de\/wp-json\/wp\/v2\/media\/4481"}],"wp:attachment":[{"href":"https:\/\/www.lesta.it\/de\/wp-json\/wp\/v2\/media?parent=1721"}],"curies":[{"name":"wp","href":"https:\/\/api.w.org\/{rel}","templated":true}]}}