{"id":1639,"date":"2022-02-17T11:05:17","date_gmt":"2022-02-17T10:05:17","guid":{"rendered":"https:\/\/lesta.it\/?page_id=1639"},"modified":"2022-12-05T12:18:06","modified_gmt":"2022-12-05T11:18:06","slug":"unternehmen","status":"publish","type":"page","link":"https:\/\/www.lesta.it\/de\/unternehmen\/","title":{"rendered":"Unternehmen"},"content":{"rendered":"\n<div class=\"wp-block-media-text alignwide is-stacked-on-mobile\" style=\"grid-template-columns:16% auto\"><figure class=\"wp-block-media-text__media\"><img loading=\"lazy\" decoding=\"async\" width=\"214\" height=\"179\" src=\"https:\/\/lesta.it\/wp-content\/uploads\/2022\/02\/made-in-italy.png\" alt=\"\" class=\"wp-image-247 size-full\"\/><\/figure><div class=\"wp-block-media-text__content\">\n<p class=\"has-text-color\" style=\"color:#0078ae;font-size:24px\"><strong>Lesta hat totale europ\u00e4ische Qualit\u00e4t in Design und Produkton<\/strong><\/p>\n\n\n\n<p>Das Hauptquartier erstreckt sich \u00fcber ein ca. 2\u2019000 Qaudratmeter grosses Industriegel\u00e4nde, das in B\u00fcros, Laboren, Werkst\u00e4tten und Lager aufgeteilt ist und sich nahe Mailand befindet, einem Exzellenzbereich der Industrie.<\/p>\n\n\n\n<p>Diese Eigenschaft verbunden mit dem starken Willen der Eigent\u00fcmer des Unternehmens, der Welt italienische Exzellenz zu bringen, hat es Lesta erm\u00f6glicht, die Zertifizierung \u201c100% Made in Italy\u201d zu erhalten (Registrierungsnr. R.N.P.I. IT01.IT\/2380.051.V.).<\/p>\n<\/div><\/div>\n","protected":false},"excerpt":{"rendered":"<p>Lesta hat totale europ\u00e4ische Qualit\u00e4t in Design und Produkton Das Hauptquartier erstreckt sich \u00fcber ein ca. 2\u2019000 Qaudratmeter grosses Industriegel\u00e4nde, das in B\u00fcros, Laboren, Werkst\u00e4tten und Lager aufgeteilt ist und sich nahe Mailand befindet, einem Exzellenzbereich der Industrie. Diese Eigenschaft verbunden mit dem starken Willen der Eigent\u00fcmer des Unternehmens, der Welt italienische Exzellenz zu bringen,<\/p>\n","protected":false},"author":1,"featured_media":5723,"parent":0,"menu_order":0,"comment_status":"closed","ping_status":"closed","template":"page-templates\/page-azienda.php","meta":{"_acf_changed":false,"inline_featured_image":false,"footnotes":""},"class_list":["post-1639","page","type-page","status-publish","has-post-thumbnail","hentry"],"acf":[],"yoast_head":"<!-- This site is optimized with the Yoast SEO plugin v24.8.1 - https:\/\/yoast.com\/wordpress\/plugins\/seo\/ -->\n<title>Lesta hat totale europ\u00e4ische Qualit\u00e4t in Design und Produkton<\/title>\n<meta name=\"description\" content=\"Lesta hat totale europ\u00e4ische Qualit\u00e4t in Design und Produkton.\" \/>\n<meta name=\"robots\" content=\"index, follow, max-snippet:-1, max-image-preview:large, max-video-preview:-1\" \/>\n<link rel=\"canonical\" href=\"https:\/\/www.lesta.it\/de\/unternehmen\/\" \/>\n<meta property=\"og:locale\" content=\"de_DE\" \/>\n<meta property=\"og:type\" content=\"article\" \/>\n<meta property=\"og:title\" content=\"Lesta hat totale europ\u00e4ische Qualit\u00e4t in Design und Produkton\" \/>\n<meta property=\"og:description\" content=\"Lesta hat totale europ\u00e4ische Qualit\u00e4t in Design und Produkton.\" \/>\n<meta property=\"og:url\" content=\"https:\/\/www.lesta.it\/de\/unternehmen\/\" \/>\n<meta property=\"og:site_name\" content=\"Lesta\" \/>\n<meta property=\"article:modified_time\" content=\"2022-12-05T11:18:06+00:00\" \/>\n<meta property=\"og:image\" content=\"https:\/\/www.lesta.it\/wp-content\/uploads\/2022\/02\/Contattaci-1600x1200-1-e1645797562826.jpg\" \/>\n\t<meta property=\"og:image:width\" content=\"1600\" \/>\n\t<meta property=\"og:image:height\" content=\"552\" \/>\n\t<meta property=\"og:image:type\" content=\"image\/jpeg\" \/>\n<meta name=\"twitter:card\" content=\"summary_large_image\" \/>\n<meta name=\"twitter:label1\" content=\"Gesch\u00e4tzte Lesezeit\" \/>\n\t<meta name=\"twitter:data1\" content=\"1\u00a0Minute\" \/>\n<script type=\"application\/ld+json\" class=\"yoast-schema-graph\">{\"@context\":\"https:\/\/schema.org\",\"@graph\":[{\"@type\":\"WebPage\",\"@id\":\"https:\/\/www.lesta.it\/de\/unternehmen\/\",\"url\":\"https:\/\/www.lesta.it\/de\/unternehmen\/\",\"name\":\"Lesta hat totale europ\u00e4ische Qualit\u00e4t in Design und Produkton\",\"isPartOf\":{\"@id\":\"https:\/\/www.lesta.it\/de\/#website\"},\"primaryImageOfPage\":{\"@id\":\"https:\/\/www.lesta.it\/de\/unternehmen\/#primaryimage\"},\"image\":{\"@id\":\"https:\/\/www.lesta.it\/de\/unternehmen\/#primaryimage\"},\"thumbnailUrl\":\"https:\/\/www.lesta.it\/wp-content\/uploads\/2026\/02\/Immagine-AZIENDA1.jpg\",\"datePublished\":\"2022-02-17T10:05:17+00:00\",\"dateModified\":\"2022-12-05T11:18:06+00:00\",\"description\":\"Lesta hat totale europ\u00e4ische Qualit\u00e4t in Design und Produkton.\",\"breadcrumb\":{\"@id\":\"https:\/\/www.lesta.it\/de\/unternehmen\/#breadcrumb\"},\"inLanguage\":\"de\",\"potentialAction\":[{\"@type\":\"ReadAction\",\"target\":[\"https:\/\/www.lesta.it\/de\/unternehmen\/\"]}]},{\"@type\":\"ImageObject\",\"inLanguage\":\"de\",\"@id\":\"https:\/\/www.lesta.it\/de\/unternehmen\/#primaryimage\",\"url\":\"https:\/\/www.lesta.it\/wp-content\/uploads\/2026\/02\/Immagine-AZIENDA1.jpg\",\"contentUrl\":\"https:\/\/www.lesta.it\/wp-content\/uploads\/2026\/02\/Immagine-AZIENDA1.jpg\",\"width\":1460,\"height\":360},{\"@type\":\"BreadcrumbList\",\"@id\":\"https:\/\/www.lesta.it\/de\/unternehmen\/#breadcrumb\",\"itemListElement\":[{\"@type\":\"ListItem\",\"position\":1,\"name\":\"Home\",\"item\":\"https:\/\/www.lesta.it\/de\/\"},{\"@type\":\"ListItem\",\"position\":2,\"name\":\"Unternehmen\"}]},{\"@type\":\"WebSite\",\"@id\":\"https:\/\/www.lesta.it\/de\/#website\",\"url\":\"https:\/\/www.lesta.it\/de\/\",\"name\":\"Lesta\",\"description\":\"Your smart robotic finishing\",\"publisher\":{\"@id\":\"https:\/\/www.lesta.it\/de\/#organization\"},\"potentialAction\":[{\"@type\":\"SearchAction\",\"target\":{\"@type\":\"EntryPoint\",\"urlTemplate\":\"https:\/\/www.lesta.it\/de\/?s={search_term_string}\"},\"query-input\":{\"@type\":\"PropertyValueSpecification\",\"valueRequired\":true,\"valueName\":\"search_term_string\"}}],\"inLanguage\":\"de\"},{\"@type\":\"Organization\",\"@id\":\"https:\/\/www.lesta.it\/de\/#organization\",\"name\":\"Lesta\",\"url\":\"https:\/\/www.lesta.it\/de\/\",\"logo\":{\"@type\":\"ImageObject\",\"inLanguage\":\"de\",\"@id\":\"https:\/\/www.lesta.it\/de\/#\/schema\/logo\/image\/\",\"url\":\"https:\/\/lesta.it\/wp-content\/uploads\/2022\/02\/FotoContattaci-1.png\",\"contentUrl\":\"https:\/\/lesta.it\/wp-content\/uploads\/2022\/02\/FotoContattaci-1.png\",\"width\":710,\"height\":611,\"caption\":\"Lesta\"},\"image\":{\"@id\":\"https:\/\/www.lesta.it\/de\/#\/schema\/logo\/image\/\"}}]}<\/script>\n<!-- \/ Yoast SEO plugin. -->","yoast_head_json":{"title":"Lesta hat totale europ\u00e4ische Qualit\u00e4t in Design und Produkton","description":"Lesta hat totale europ\u00e4ische Qualit\u00e4t in Design und Produkton.","robots":{"index":"index","follow":"follow","max-snippet":"max-snippet:-1","max-image-preview":"max-image-preview:large","max-video-preview":"max-video-preview:-1"},"canonical":"https:\/\/www.lesta.it\/de\/unternehmen\/","og_locale":"de_DE","og_type":"article","og_title":"Lesta hat totale europ\u00e4ische Qualit\u00e4t in Design und Produkton","og_description":"Lesta hat totale europ\u00e4ische Qualit\u00e4t in Design und Produkton.","og_url":"https:\/\/www.lesta.it\/de\/unternehmen\/","og_site_name":"Lesta","article_modified_time":"2022-12-05T11:18:06+00:00","og_image":[{"width":1600,"height":552,"url":"https:\/\/www.lesta.it\/wp-content\/uploads\/2022\/02\/Contattaci-1600x1200-1-e1645797562826.jpg","type":"image\/jpeg"}],"twitter_card":"summary_large_image","twitter_misc":{"Gesch\u00e4tzte Lesezeit":"1\u00a0Minute"},"schema":{"@context":"https:\/\/schema.org","@graph":[{"@type":"WebPage","@id":"https:\/\/www.lesta.it\/de\/unternehmen\/","url":"https:\/\/www.lesta.it\/de\/unternehmen\/","name":"Lesta hat totale europ\u00e4ische Qualit\u00e4t in Design und Produkton","isPartOf":{"@id":"https:\/\/www.lesta.it\/de\/#website"},"primaryImageOfPage":{"@id":"https:\/\/www.lesta.it\/de\/unternehmen\/#primaryimage"},"image":{"@id":"https:\/\/www.lesta.it\/de\/unternehmen\/#primaryimage"},"thumbnailUrl":"https:\/\/www.lesta.it\/wp-content\/uploads\/2026\/02\/Immagine-AZIENDA1.jpg","datePublished":"2022-02-17T10:05:17+00:00","dateModified":"2022-12-05T11:18:06+00:00","description":"Lesta hat totale europ\u00e4ische Qualit\u00e4t in Design und Produkton.","breadcrumb":{"@id":"https:\/\/www.lesta.it\/de\/unternehmen\/#breadcrumb"},"inLanguage":"de","potentialAction":[{"@type":"ReadAction","target":["https:\/\/www.lesta.it\/de\/unternehmen\/"]}]},{"@type":"ImageObject","inLanguage":"de","@id":"https:\/\/www.lesta.it\/de\/unternehmen\/#primaryimage","url":"https:\/\/www.lesta.it\/wp-content\/uploads\/2026\/02\/Immagine-AZIENDA1.jpg","contentUrl":"https:\/\/www.lesta.it\/wp-content\/uploads\/2026\/02\/Immagine-AZIENDA1.jpg","width":1460,"height":360},{"@type":"BreadcrumbList","@id":"https:\/\/www.lesta.it\/de\/unternehmen\/#breadcrumb","itemListElement":[{"@type":"ListItem","position":1,"name":"Home","item":"https:\/\/www.lesta.it\/de\/"},{"@type":"ListItem","position":2,"name":"Unternehmen"}]},{"@type":"WebSite","@id":"https:\/\/www.lesta.it\/de\/#website","url":"https:\/\/www.lesta.it\/de\/","name":"Lesta","description":"Your smart robotic finishing","publisher":{"@id":"https:\/\/www.lesta.it\/de\/#organization"},"potentialAction":[{"@type":"SearchAction","target":{"@type":"EntryPoint","urlTemplate":"https:\/\/www.lesta.it\/de\/?s={search_term_string}"},"query-input":{"@type":"PropertyValueSpecification","valueRequired":true,"valueName":"search_term_string"}}],"inLanguage":"de"},{"@type":"Organization","@id":"https:\/\/www.lesta.it\/de\/#organization","name":"Lesta","url":"https:\/\/www.lesta.it\/de\/","logo":{"@type":"ImageObject","inLanguage":"de","@id":"https:\/\/www.lesta.it\/de\/#\/schema\/logo\/image\/","url":"https:\/\/lesta.it\/wp-content\/uploads\/2022\/02\/FotoContattaci-1.png","contentUrl":"https:\/\/lesta.it\/wp-content\/uploads\/2022\/02\/FotoContattaci-1.png","width":710,"height":611,"caption":"Lesta"},"image":{"@id":"https:\/\/www.lesta.it\/de\/#\/schema\/logo\/image\/"}}]}},"_links":{"self":[{"href":"https:\/\/www.lesta.it\/de\/wp-json\/wp\/v2\/pages\/1639","targetHints":{"allow":["GET"]}}],"collection":[{"href":"https:\/\/www.lesta.it\/de\/wp-json\/wp\/v2\/pages"}],"about":[{"href":"https:\/\/www.lesta.it\/de\/wp-json\/wp\/v2\/types\/page"}],"author":[{"embeddable":true,"href":"https:\/\/www.lesta.it\/de\/wp-json\/wp\/v2\/users\/1"}],"replies":[{"embeddable":true,"href":"https:\/\/www.lesta.it\/de\/wp-json\/wp\/v2\/comments?post=1639"}],"version-history":[{"count":6,"href":"https:\/\/www.lesta.it\/de\/wp-json\/wp\/v2\/pages\/1639\/revisions"}],"predecessor-version":[{"id":2203,"href":"https:\/\/www.lesta.it\/de\/wp-json\/wp\/v2\/pages\/1639\/revisions\/2203"}],"wp:featuredmedia":[{"embeddable":true,"href":"https:\/\/www.lesta.it\/de\/wp-json\/wp\/v2\/media\/5723"}],"wp:attachment":[{"href":"https:\/\/www.lesta.it\/de\/wp-json\/wp\/v2\/media?parent=1639"}],"curies":[{"name":"wp","href":"https:\/\/api.w.org\/{rel}","templated":true}]}}